{"id":34421,"date":"2016-02-28T15:44:20","date_gmt":"2016-02-28T14:44:20","guid":{"rendered":"https:\/\/lecoindelara.com\/quien-somos\/"},"modified":"2026-01-09T15:38:12","modified_gmt":"2026-01-09T14:38:12","slug":"quienes-somos","status":"publish","type":"page","link":"https:\/\/lecoindelara.com\/es\/quienes-somos\/","title":{"rendered":"Quien somos?"},"content":{"rendered":"<p>[et_pb_section fb_built=\u00bb1&#8243; admin_label=\u00bbHeader\u00bb _builder_version=\u00bb4.21.0&#8243; _module_preset=\u00bbdefault\u00bb custom_padding=\u00bb||0px||false|false\u00bb collapsed=\u00bboff\u00bb global_colors_info=\u00bb{}\u00bb][et_pb_row _builder_version=\u00bb4.21.0&#8243; _module_preset=\u00bbdefault\u00bb custom_padding=\u00bb6px|||||\u00bb global_colors_info=\u00bb{}\u00bb][et_pb_column type=\u00bb4_4&#8243; _builder_version=\u00bb4.21.0&#8243; _module_preset=\u00bbdefault\u00bb global_colors_info=\u00bb{}\u00bb][et_pb_text _builder_version=\u00bb4.23.1&#8243; _module_preset=\u00bb6225753c-03c6-446e-be12-2850e302e858&#8243; header_font_size=\u00bb70px\u00bb custom_margin=\u00bb23px||44px|||\u00bb global_colors_info=\u00bb{}\u00bb]<\/p>\n<h1 style=\"text-align: center;\">\u00bfQui\u00e9nes somos?<\/h1>\n<p>[\/et_pb_text][\/et_pb_column][\/et_pb_row][\/et_pb_section][et_pb_section fb_built=\u00bb1&#8243; admin_label=\u00bbAbout\u00bb _builder_version=\u00bb4.21.0&#8243; _module_preset=\u00bbdefault\u00bb custom_margin=\u00bb-35px|||||\u00bb collapsed=\u00bbon\u00bb global_colors_info=\u00bb{}\u00bb][et_pb_row column_structure=\u00bb2_5,3_5&#8243; _builder_version=\u00bb4.23.1&#8243; _module_preset=\u00bbdefault\u00bb global_colors_info=\u00bb{}\u00bb][et_pb_column type=\u00bb2_5&#8243; _builder_version=\u00bb4.23.1&#8243; _module_preset=\u00bbdefault\u00bb global_colors_info=\u00bb{}\u00bb][et_pb_image src=\u00bbhttps:\/\/lecoindelara.com\/wp-content\/uploads\/2023\/11\/site-le-coin-de-lara.jpg\u00bb title_text=\u00bbweb-le-coin-de-lara\u00bb _builder_version=\u00bb4.23.1&#8243; _module_preset=\u00bbdefault\u00bb global_colors_info=\u00bb{}\u00bb][\/et_pb_image][\/et_pb_column][et_pb_column type=\u00bb3_5&#8243; _builder_version=\u00bb4.23.1&#8243; _module_preset=\u00bbdefault\u00bb global_colors_info=\u00bb{}\u00bb][et_pb_text _builder_version=\u00bb4.23.1&#8243; _module_preset=\u00bbe69c5686-cde8-4395-aebb-3997afe7b550&#8243; text_font=\u00bbCabin||||||||\u00bb text_text_color=\u00bb#606060&#8243; text_font_size=\u00bb40px\u00bb header_2_font_size=\u00bb50px\u00bb global_colors_info=\u00bb{}\u00bb]<\/p>\n<h2>Una empresa familiar<\/h2>\n<p>[\/et_pb_text][et_pb_text _builder_version=\u00bb4.23.1&#8243; _module_preset=\u00bb586c0253-99cb-42a1-85c4-57cf5696ceae\u00bb text_font_size=\u00bb18px\u00bb custom_margin=\u00bb35px|||||\u00bb global_colors_info=\u00bb{}\u00bb]<\/p>\n<p>\u00abLe Coin de Lara\u201d naci\u00f3 con el deseo de darle a nuestra hija Lara la oportunidad de crecer en un <strong>ambiente sano y seguro<\/strong>. Quer\u00edamos que nuestra hija usara productos elaborados con <strong>materiales naturales y de calidad<\/strong>. Nuestra tienda se compone de art\u00edculos fabricados en <strong>Europa.<\/strong><\/p>\n<p>[\/et_pb_text][et_pb_text _builder_version=\u00bb4.23.1&#8243; _module_preset=\u00bb1f54a71c-2b54-4e7e-88a6-20a4dbcf0438&#8243; header_3_text_align=\u00bbleft\u00bb text_orientation=\u00bbcenter\u00bb custom_margin=\u00bb41px|||||\u00bb global_colors_info=\u00bb{}\u00bb]<\/p>\n<h3>\u00a1Le debemos nuestro \u00e9xito a nuestros clientes! Las mam\u00e1s corren la voz, entre amigas, primas&#8230;Gracias por su confianza&#8230;\u00bb<\/h3>\n<p>[\/et_pb_text][et_pb_text _builder_version=\u00bb4.23.1&#8243; _module_preset=\u00bbdefault\u00bb text_font=\u00bbCabin||||||||\u00bb text_font_size=\u00bb20px\u00bb text_orientation=\u00bbright\u00bb global_colors_info=\u00bb{}\u00bb]<\/p>\n<p><strong>Agnieszka Tromeur (fundador)<\/strong><\/p>\n<p>[\/et_pb_text][\/et_pb_column][\/et_pb_row][\/et_pb_section][et_pb_section fb_built=\u00bb1&#8243; admin_label=\u00bbServices\u00bb _builder_version=\u00bb4.21.0&#8243; _module_preset=\u00bbdefault\u00bb custom_padding=\u00bb41px|||||\u00bb locked=\u00bboff\u00bb collapsed=\u00bboff\u00bb global_colors_info=\u00bb{}\u00bb][et_pb_row column_structure=\u00bb2_5,3_5&#8243; _builder_version=\u00bb4.27.4&#8243; _module_preset=\u00bbdefault\u00bb custom_padding=\u00bb||30px|||\u00bb hover_enabled=\u00bb0&#8243; global_colors_info=\u00bb{}\u00bb sticky_enabled=\u00bb0&#8243;][et_pb_column type=\u00bb2_5&#8243; _builder_version=\u00bb4.23.1&#8243; _module_preset=\u00bbdefault\u00bb global_colors_info=\u00bb{}\u00bb][et_pb_image src=\u00bbhttps:\/\/lecoindelara.com\/wp-content\/uploads\/2023\/08\/poussette-exclusive-junama-hand-craft.jpg\u00bb title_text=\u00bbpoussette exclusive junama hand craft\u00bb _builder_version=\u00bb4.27.4&#8243; _module_preset=\u00bbdefault\u00bb hover_enabled=\u00bb0&#8243; locked=\u00bboff\u00bb global_colors_info=\u00bb{}\u00bb sticky_enabled=\u00bb0&#8243;][\/et_pb_image][et_pb_image src=\u00bbhttps:\/\/lecoindelara.com\/wp-content\/uploads\/2020\/03\/photo-recens.jpg\u00bb _builder_version=\u00bb4.27.4&#8243; _module_preset=\u00bbdefault\u00bb title_text=\u00bbfoto-recens\u00bb hover_enabled=\u00bb0&#8243; sticky_enabled=\u00bb0&#8243;][\/et_pb_image][\/et_pb_column][et_pb_column type=\u00bb3_5&#8243; _builder_version=\u00bb4.23.1&#8243; _module_preset=\u00bbdefault\u00bb global_colors_info=\u00bb{}\u00bb][et_pb_text _builder_version=\u00bb4.23.1&#8243; _module_preset=\u00bbe69c5686-cde8-4395-aebb-3997afe7b550&#8243; header_2_font_size=\u00bb50px\u00bb locked=\u00bboff\u00bb global_colors_info=\u00bb{}\u00bb]<\/p>\n<h2>Nuestros puntos fuertes<\/h2>\n<p>[\/et_pb_text][et_pb_blurb title=\u00bbCertificacion CE\u00bb image_icon_background_color=\u00bb#727272&#8243; _builder_version=\u00bb4.27.4&#8243; _module_preset=\u00bb136702a7-6c4d-49f2-896d-f631ef488b78&#8243; body_font_size=\u00bb20px\u00bb custom_margin=\u00bb31px|||||\u00bb hover_enabled=\u00bb0&#8243; global_colors_info=\u00bb{}\u00bb sticky_enabled=\u00bb0&#8243;]<\/p>\n<p style=\"margin: 0cm; line-height: 21.6pt; vertical-align: baseline;\">Encontrar\u00e1 en las fichas de producto las referencias de los certificados de calidad \u2013 por ejemplo: -i-Size, <strong>ECE-R129<\/strong>, ECE R44\/04, <strong>PN-EN 1888:2012<\/strong>, EcoCert, EcoLabel, OEKO-TEX 100, GOTS.<\/p>\n<p>[\/et_pb_blurb][et_pb_blurb title=\u00bbCarritos completos\u00bb image_icon_background_color=\u00bb#727272&#8243; _builder_version=\u00bb4.27.4&#8243; _module_preset=\u00bb136702a7-6c4d-49f2-896d-f631ef488b78&#8243; body_font_size=\u00bb20px\u00bb custom_margin=\u00bb28px|||||\u00bb hover_enabled=\u00bb0&#8243; global_colors_info=\u00bb{}\u00bb sticky_enabled=\u00bb0&#8243;]<\/p>\n<p>Para hacer la vida m\u00e1s f\u00e1cil a los futuros padres, comercializamos <strong>carritos 3 en 1<\/strong>, incluyendo el capazo, el cochecito de bast\u00f3n y el cojin.<\/p>\n<p>[\/et_pb_blurb][et_pb_blurb title=\u00bbDesign &amp; Seguridad\u00bb image_icon_background_color=\u00bb#727272&#8243; _builder_version=\u00bb4.27.4&#8243; _module_preset=\u00bb136702a7-6c4d-49f2-896d-f631ef488b78&#8243; body_font_size=\u00bb20px\u00bb custom_margin=\u00bb65px|||||\u00bb hover_enabled=\u00bb0&#8243; global_colors_info=\u00bb{}\u00bb sticky_enabled=\u00bb0&#8243;]<\/p>\n<p>\u00a1A todos les encantan nuestros carritos con de <strong>estilo vintage o moderno<\/strong>! Pero nuestra <strong>prioridad n\u00famero uno es la seguridad!<\/strong> <\/p>\n<p>[\/et_pb_blurb][et_pb_text _builder_version=\u00bb4.23.1&#8243; _module_preset=\u00bbdefault\u00bb text_font=\u00bbCabin||||||||\u00bb text_font_size=\u00bb20px\u00bb text_orientation=\u00bbcenter\u00bb custom_margin=\u00bb65px|||||\u00bb global_colors_info=\u00bb{}\u00bb]<\/p>\n<p>\u00a1Encuentre <strong>rese\u00f1as y fotos<\/strong> de nuestros clientes en Facebook!<\/p>\n<p>[\/et_pb_text][et_pb_social_media_follow _builder_version=\u00bb4.23.1&#8243; _module_preset=\u00bbdefault\u00bb text_orientation=\u00bbcenter\u00bb global_colors_info=\u00bb{}\u00bb][et_pb_social_media_follow_network social_network=\u00bbfacebook\u00bb url=\u00bbhttps:\/\/www.facebook.com\/Lecoindelara\/\u00bb _builder_version=\u00bb4.23.1&#8243; _module_preset=\u00bbdefault\u00bb background_color=\u00bb#3b5998&#8243; global_colors_info=\u00bb{}\u00bb follow_button=\u00bboff\u00bb url_new_window=\u00bbon\u00bb]facebook[\/et_pb_social_media_follow_network][\/et_pb_social_media_follow][\/et_pb_column][\/et_pb_row][\/et_pb_section]<\/p>\n","protected":false},"excerpt":{"rendered":"<p>\u00bfQui\u00e9nes somos?Una empresa familiar\u00bbLe Coin de Lara\u201d naci\u00f3 con el deseo de darle a nuestra hija Lara la oportunidad de crecer en un ambiente sano y seguro. Quer\u00edamos que nuestra hija usara productos elaborados con materiales naturales y de calidad. Nuestra tienda se compone de art\u00edculos fabricados en Europa.\u00a1Le debemos nuestro \u00e9xito a nuestros clientes! [&hellip;]<\/p>\n","protected":false},"author":1,"featured_media":0,"parent":0,"menu_order":0,"comment_status":"closed","ping_status":"closed","template":"","meta":{"_et_pb_use_builder":"on","_et_pb_old_content":"","_et_gb_content_width":"","footnotes":""},"class_list":["post-34421","page","type-page","status-publish","hentry"],"aioseo_notices":[],"_links":{"self":[{"href":"https:\/\/lecoindelara.com\/es\/wp-json\/wp\/v2\/pages\/34421","targetHints":{"allow":["GET"]}}],"collection":[{"href":"https:\/\/lecoindelara.com\/es\/wp-json\/wp\/v2\/pages"}],"about":[{"href":"https:\/\/lecoindelara.com\/es\/wp-json\/wp\/v2\/types\/page"}],"author":[{"embeddable":true,"href":"https:\/\/lecoindelara.com\/es\/wp-json\/wp\/v2\/users\/1"}],"replies":[{"embeddable":true,"href":"https:\/\/lecoindelara.com\/es\/wp-json\/wp\/v2\/comments?post=34421"}],"version-history":[{"count":5,"href":"https:\/\/lecoindelara.com\/es\/wp-json\/wp\/v2\/pages\/34421\/revisions"}],"predecessor-version":[{"id":66033,"href":"https:\/\/lecoindelara.com\/es\/wp-json\/wp\/v2\/pages\/34421\/revisions\/66033"}],"wp:attachment":[{"href":"https:\/\/lecoindelara.com\/es\/wp-json\/wp\/v2\/media?parent=34421"}],"curies":[{"name":"wp","href":"https:\/\/api.w.org\/{rel}","templated":true}]}}