{"id":44748,"date":"2016-05-15T16:51:29","date_gmt":"2016-05-15T15:51:29","guid":{"rendered":"https:\/\/lecoindelara.com\/notas-legales\/"},"modified":"2026-01-09T15:37:27","modified_gmt":"2026-01-09T14:37:27","slug":"notas-legales","status":"publish","type":"page","link":"https:\/\/lecoindelara.com\/es\/notas-legales\/","title":{"rendered":"Notas legales"},"content":{"rendered":"<p>[et_pb_section fb_built=\u00bb1&#8243; _builder_version=\u00bb4.16&#8243; global_colors_info=\u00bb{}\u00bb][et_pb_row _builder_version=\u00bb4.16&#8243; custom_padding=\u00bb30px|||\u00bb global_colors_info=\u00bb{}\u00bb][et_pb_column type=\u00bb4_4&#8243; _builder_version=\u00bb4.16&#8243; custom_padding=\u00bb|||\u00bb global_colors_info=\u00bb{}\u00bb custom_padding__hover=\u00bb|||\u00bb][et_pb_text _builder_version=\u00bb4.16&#8243; global_colors_info=\u00bb{}\u00bb]<\/p>\n<h2 style=\"text-align: center;\">NOTAS LEGALES<\/h2>\n<p>[\/et_pb_text][et_pb_text _builder_version=\u00bb4.16&#8243; custom_margin=\u00bb0px|||\u00bb custom_padding=\u00bb0px|||\u00bb global_colors_info=\u00bb{}\u00bb]<\/p>\n<p style=\"text-align: center;\">(OBLIGATORIO PARA UN SITIO WEB)<\/p>\n<p>[\/et_pb_text][\/et_pb_column][\/et_pb_row][et_pb_row column_structure=\u00bb1_3,1_3,1_3&#8243; _builder_version=\u00bb4.16&#8243; custom_padding=\u00bb30px|||\u00bb hover_enabled=\u00bb0&#8243; global_colors_info=\u00bb{}\u00bb sticky_enabled=\u00bb0&#8243;][et_pb_column type=\u00bb1_3&#8243; _builder_version=\u00bb4.16&#8243; custom_padding=\u00bb|||\u00bb global_colors_info=\u00bb{}\u00bb custom_padding__hover=\u00bb|||\u00bb][et_pb_text _builder_version=\u00bb4.27.4&#8243; hover_enabled=\u00bb0&#8243; global_colors_info=\u00bb{}\u00bb sticky_enabled=\u00bb0&#8243;]<\/p>\n<div> <strong>Lecoindelara<\/strong> es un sitio perteneciente a la empresa:<\/div>\n<div><\/div>\n<div style=\"text-align: left;\"><\/div>\n<div style=\"text-align: left;\"><strong>El rinc\u00f3n de Lara<\/strong><\/div>\n<div style=\"text-align: left;\">Agnieszka Tromeur<br \/>9, Rue Pen ar Bed<\/div>\n<div style=\"text-align: left;\">29217 LE CONQUET<\/div>\n<div style=\"text-align: left;\">FRANCIA<br \/><span>SIRENA : 991 001 280 <\/span> <\/div>\n<div style=\"text-align: left;\"><span>N\u00famero RCS: 991 001 280 R.C.S. Brest<\/span><\/div>\n<p>[\/et_pb_text][\/et_pb_column][et_pb_column type=\u00bb1_3&#8243; _builder_version=\u00bb4.16&#8243; custom_padding=\u00bb|||\u00bb global_colors_info=\u00bb{}\u00bb custom_padding__hover=\u00bb|||\u00bb][et_pb_text _builder_version=\u00bb4.27.4&#8243; hover_enabled=\u00bb0&#8243; global_colors_info=\u00bb{}\u00bb sticky_enabled=\u00bb0&#8243;]<\/p>\n<p><strong>Anfitri\u00f3n<\/strong><\/p>\n<p><strong>Hostinger International Ltd<\/strong><br \/>Calle Lordou Vironos 61, 6023 Larnaca, Chipre<\/p>\n<p>[\/et_pb_text][\/et_pb_column][et_pb_column type=\u00bb1_3&#8243; _builder_version=\u00bb4.16&#8243; custom_padding=\u00bb|||\u00bb global_colors_info=\u00bb{}\u00bb custom_padding__hover=\u00bb|||\u00bb][et_pb_text _builder_version=\u00bb4.16&#8243; global_colors_info=\u00bb{}\u00bb]<\/p>\n<p><strong>Sitio web dise\u00f1ado por: <\/strong><\/p>\n<p>Julien Tromeur et Agnieszka Tromeur<\/p>\n<p>[\/et_pb_text][\/et_pb_column][\/et_pb_row][\/et_pb_section][et_pb_section fb_built=\u00bb1&#8243; _builder_version=\u00bb4.27.4&#8243; _module_preset=\u00bbdefault\u00bb global_colors_info=\u00bb{}\u00bb][et_pb_row _builder_version=\u00bb4.27.4&#8243; _module_preset=\u00bbdefault\u00bb global_colors_info=\u00bb{}\u00bb][et_pb_column type=\u00bb4_4&#8243; _builder_version=\u00bb4.27.4&#8243; _module_preset=\u00bbdefault\u00bb global_colors_info=\u00bb{}\u00bb][et_pb_text _builder_version=\u00bb4.27.4&#8243; _module_preset=\u00bbdefault\u00bb hover_enabled=\u00bb0&#8243; global_colors_info=\u00bb{}\u00bb sticky_enabled=\u00bb0&#8243;]<\/p>\n<h3><\/h3>\n<div><\/div>\n<h3>1. Presentaci\u00f3n del sitio<\/h3>\n<div><\/div>\n<div>El sitio web <a href=\"http:\/\/lecoindelara.com\/\" target=\"_blank\" rel=\"noopener\">lecoindelara.com <\/a>es un sitio de comercio electr\u00f3nico para la venta de cochecitos y equipamiento para beb\u00e9s, propiedad de la empresa :<\/div>\n<div><\/div>\n<div>EL RINC\u00d3N DE LARA<\/div>\n<div>Agnieszka Tromeur<\/div>\n<div>9, Rue Pen ar Bed<\/div>\n<div>29217 LE CONQUET<\/div>\n<div>FRANCIA<\/div>\n<div><\/div>\n<h3>2. Informaci\u00f3n legal<\/h3>\n<div><\/div>\n<div>\n<table class=\"grow\">\n<tbody>\n<tr>\n<th>SIRENA :<\/th>\n<td>991 001 280<span> <\/span><span class=\"far fa-copy clipboard\"><\/span><\/td>\n<\/tr>\n<tr>\n<th>SIRET (sede social) :<\/th>\n<td>991 001 280 00015<span> <\/span><span class=\"far fa-copy clipboard\"><\/span><\/td>\n<\/tr>\n<tr>\n<th>Forma jur\u00eddica :<\/th>\n<td>Empresario individual<\/td>\n<\/tr>\n<tr>\n<th>Microempresa :<\/th>\n<td>S\u00ed<\/td>\n<\/tr>\n<tr>\n<th>N\u00famero de IVA :<\/th>\n<td class=\"flex items-center\">\n<div><span>&#8211;<\/span><a class=\"tooltip\" href=\"https:\/\/ec.europa.eu\/taxation_customs\/vies\/?locale=fr\" target=\"_blank\" rel=\"noreferrer noopener nofollow\"><\/a><span class=\"far fa-copy clipboard\"><\/span><\/div>\n<\/td>\n<\/tr>\n<tr>\n<th>Registrado en el RCS :<\/th>\n<td><span class=\"actif\">REGISTRADO<span> <\/span><i class=\"far fa-check-circle\"><\/i> <\/span><span> <\/span> (en la oficina de registro de BREST el 08\/09\/2025)<\/td>\n<\/tr>\n<tr>\n<th>Registro en RNE :<\/th>\n<td><span class=\"actif\">REGISTRADO<span> <\/span><i class=\"far fa-check-circle\"><\/i><\/span><\/td>\n<\/tr>\n<tr>\n<th>N\u00famero RCS :<\/th>\n<td>991 001 280 R.C.S. Brest<span> <\/span><span class=\"far fa-copy clipboard\"><\/span><\/td>\n<\/tr>\n<\/tbody>\n<\/table>\n<\/div>\n<div><\/div>\n<h3>3. Alojamiento del sitio<\/h3>\n<div><\/div>\n<div>El sitio web <a href=\"http:\/\/lecoindelara.com\/\" target=\"_blank\" rel=\"noopener\">lecoindelara.com<\/a> est\u00e1 alojado en :<\/div>\n<div><\/div>\n<div><strong>Hostinger International Ltd<\/strong><br \/>Calle Lordou Vironos 61, 6023 Larnaca, Chipre<\/div>\n<div><\/div>\n<h3>4. Creaci\u00f3n del sitio<\/h3>\n<div><\/div>\n<div>El sitio web fue dise\u00f1ado por :<\/div>\n<div><\/div>\n<div>Julien Tromeur et Agnieszka Tromeur<\/div>\n<div><\/div>\n<h3>5. Datos personales<\/h3>\n<div><\/div>\n<div>Los datos personales recogidos en este sitio est\u00e1n destinados al uso de LE COIN DE LARA Agnieszka Tromeur. De conformidad con la Ley francesa de Protecci\u00f3n de Datos de 6 de enero de 1978 y el Reglamento General de Protecci\u00f3n de Datos (RGPD), tienes derecho a acceder, rectificar y oponerte a tus datos personales. Para ejercer este derecho, ponte en contacto con nosotros en la siguiente direcci\u00f3n  <\/div>\n<div><\/div>\n<div>EL RINC\u00d3N DE LARA<\/div>\n<div>AGNIESZKA TROMEUR<\/div>\n<div>9, Rue Pen ar Bed<\/div>\n<div>29217 LE CONQUET<\/div>\n<div>FRANCIA<\/div>\n<div>Correo electr\u00f3nico : info@lecoindelara.com<\/div>\n<div><\/div>\n<div>Tambi\u00e9n utilizamos cookies para mejorar tu experiencia en nuestro sitio. Puedes gestionar tus preferencias de cookies a trav\u00e9s de tu navegador. <\/div>\n<div><\/div>\n<h3>6. Condiciones Generales de Venta (CGV)<\/h3>\n<div><\/div>\n<div>Las Condiciones Generales de Venta est\u00e1n disponibles en el sitio a trav\u00e9s del siguiente enlace:<a href=\"https:\/\/lecoindelara.com\/es\/terminos-de-venta\/\"> Condiciones Generales de Venta.<\/a> En ellas se detallan las condiciones de venta, entrega y devoluci\u00f3n, as\u00ed como las garant\u00edas legales aplicables.<\/div>\n<div><\/div>\n<h3>7. Derechos de propiedad intelectual<\/h3>\n<div><\/div>\n<div>La estructura y el contenido del sitio web <a href=\"http:\/\/lecoindelara.com\/\" target=\"_blank\" rel=\"noopener\">lecoindelara.com<\/a> est\u00e1n protegidos por la legislaci\u00f3n sobre derechos de autor y propiedad intelectual. Queda prohibida la reproducci\u00f3n total o parcial de este sitio, o de cualquiera de sus componentes, sin la autorizaci\u00f3n expresa de LE COIN DE LARA Agnieszka Tromeur <\/div>\n<div><\/div>\n<h3>8. Disputas<\/h3>\n<div><\/div>\n<div>En caso de litigio, se aplicar\u00e1 la legislaci\u00f3n francesa y s\u00f3lo ser\u00e1n competentes los tribunales franceses. Tambi\u00e9n te informamos de la posibilidad de recurrir a un mediador en caso de litigio. <\/div>\n<div><\/div>\n<h3>9. Contacta con<\/h3>\n<div><\/div>\n<div>Si tienes alguna pregunta sobre este aviso legal, ponte en contacto con nosotros en :info@lecoindelara.com.<\/div>\n<p>[\/et_pb_text][\/et_pb_column][\/et_pb_row][\/et_pb_section]<\/p>\n","protected":false},"excerpt":{"rendered":"<p>NOTAS LEGALES (OBLIGATORIO PARA UN SITIO WEB) Lecoindelara es un sitio perteneciente a la empresa: El rinc\u00f3n de Lara Agnieszka Tromeur9, Rue Pen ar Bed 29217 LE CONQUET FRANCIASIRENA : 991 001 280 N\u00famero RCS: 991 001 280 R.C.S. BrestAnfitri\u00f3n Hostinger International LtdCalle Lordou Vironos 61, 6023 Larnaca, ChipreSitio web dise\u00f1ado por: Julien Tromeur et [&hellip;]<\/p>\n","protected":false},"author":1,"featured_media":0,"parent":0,"menu_order":0,"comment_status":"closed","ping_status":"closed","template":"","meta":{"_et_pb_use_builder":"on","_et_pb_old_content":"","_et_gb_content_width":"","footnotes":""},"class_list":["post-44748","page","type-page","status-publish","hentry"],"aioseo_notices":[],"_links":{"self":[{"href":"https:\/\/lecoindelara.com\/es\/wp-json\/wp\/v2\/pages\/44748","targetHints":{"allow":["GET"]}}],"collection":[{"href":"https:\/\/lecoindelara.com\/es\/wp-json\/wp\/v2\/pages"}],"about":[{"href":"https:\/\/lecoindelara.com\/es\/wp-json\/wp\/v2\/types\/page"}],"author":[{"embeddable":true,"href":"https:\/\/lecoindelara.com\/es\/wp-json\/wp\/v2\/users\/1"}],"replies":[{"embeddable":true,"href":"https:\/\/lecoindelara.com\/es\/wp-json\/wp\/v2\/comments?post=44748"}],"version-history":[{"count":2,"href":"https:\/\/lecoindelara.com\/es\/wp-json\/wp\/v2\/pages\/44748\/revisions"}],"predecessor-version":[{"id":65834,"href":"https:\/\/lecoindelara.com\/es\/wp-json\/wp\/v2\/pages\/44748\/revisions\/65834"}],"wp:attachment":[{"href":"https:\/\/lecoindelara.com\/es\/wp-json\/wp\/v2\/media?parent=44748"}],"curies":[{"name":"wp","href":"https:\/\/api.w.org\/{rel}","templated":true}]}}