{"id":44766,"date":"2018-08-28T10:16:15","date_gmt":"2018-08-28T09:16:15","guid":{"rendered":"https:\/\/lecoindelara.com\/cookies\/"},"modified":"2025-10-28T17:18:37","modified_gmt":"2025-10-28T16:18:37","slug":"cookies","status":"publish","type":"page","link":"https:\/\/lecoindelara.com\/es\/cookies\/","title":{"rendered":"Cookies"},"content":{"rendered":"<p>[et_pb_section bb_built=\u00bb1&#8243; _builder_version=\u00bb3.2.1&#8243;][et_pb_row _builder_version=\u00bb3.2.1&#8243; custom_padding=\u00bb30px|||\u00bb][et_pb_column type=\u00bb4_4&#8243;][et_pb_text _builder_version=\u00bb3.2.1&#8243;]<\/p>\n<h1>COOKIES<\/h1>\n<p>[\/et_pb_text][\/et_pb_column][\/et_pb_row][et_pb_row _builder_version=\u00bb3.2.1&#8243; custom_padding=\u00bb20px|||\u00bb][et_pb_column type=\u00bb1_2&#8243;][et_pb_text _builder_version=\u00bb3.2.1&#8243;]<\/p>\n<p>Este Aviso sobre cookies explica c\u00f3mo los sitios web operados dentro de la empresa AJ TROMEUR (\u00abnosotros\u00bb o \u00abnos\u00bb) (y que en algunos casos pueden ser operados conjuntamente con uno de nuestros socios de distribuci\u00f3n) utilizan cookies y tecnolog\u00edas similares para reconocerle cuando visita nuestros sitios web (\u00abSitios web\u00bb). Explica qu\u00e9 son estas tecnolog\u00edas y por qu\u00e9 las utilizamos, as\u00ed como sus derechos a controlar el uso que hacemos de ellas.<\/p>\n<p><strong>\u00bfQu\u00e9 son las cookies?<\/strong><\/p>\n<p>Las cookies son peque\u00f1os archivos de datos que se colocan en su ordenador o dispositivo m\u00f3vil cuando visita un sitio web. Los propietarios de sitios web utilizan ampliamente las cookies para que los sitios en cuesti\u00f3n funcionen o trabajen de forma m\u00e1s eficiente, as\u00ed como para proporcionar informaci\u00f3n de informes.<\/p>\n<p>Las cookies instaladas por el propietario del sitio web (en este caso AJ TROMEUR) se conocen como \u00abcookies de origen\u00bb. Las cookies establecidas por terceros distintos del propietario del sitio web se conocen como \u00abcookies de terceros\u00bb. Las cookies de terceros permiten ofrecer funciones o caracter\u00edsticas de terceros en el sitio web o a trav\u00e9s de \u00e9l (por ejemplo, publicidad, contenidos interactivos y an\u00e1lisis). Las partes que instalan estas cookies de terceros pueden reconocer su ordenador tanto cuando visita el sitio web en cuesti\u00f3n como cuando visita otros sitios web determinados.<\/p>\n<p><strong>\u00bfPor qu\u00e9 utilizamos cookies?<\/strong><\/p>\n<p>Utilizamos cookies propias y de terceros por varias razones. Algunas cookies son necesarias por razones t\u00e9cnicas para el correcto funcionamiento de nuestros sitios web, y las denominamos cookies \u00abesenciales\u00bb o \u00abestrictamente necesarias\u00bb. Otras cookies tambi\u00e9n nos permiten rastrear y orientar los intereses de nuestros usuarios con el fin de mejorar la experiencia del usuario en nuestros sitios web. Terceros utilizan cookies en nuestros sitios web con fines publicitarios, anal\u00edticos y de otro tipo. A continuaci\u00f3n se describe con m\u00e1s detalle.<\/p>\n<p>Los tipos espec\u00edficos de cookies de origen y de terceros utilizados a trav\u00e9s de nuestros sitios web y los fines para los que se utilizan se describen en la tabla siguiente (tenga en cuenta que las cookies espec\u00edficas utilizadas pueden variar en funci\u00f3n del sitio web que visite):<\/p>\n<p>[\/et_pb_text][\/et_pb_column][et_pb_column type=\u00bb1_2&#8243;][et_pb_image _builder_version=\u00bb3.2.1&#8243; src=\u00bbhttps:\/\/lecoindelara.com\/wp-content\/uploads\/2018\/08\/Cookies.jpg\u00bb \/][\/et_pb_column][\/et_pb_row][et_pb_row][et_pb_column type=\u00bb1_2&#8243;][et_pb_text _builder_version=\u00bb3.2.1&#8243;]<\/p>\n<p>&nbsp;<\/p>\n<table style=\"height: 1962px;\" border=\"1\" width=\"584\" cellspacing=\"0\" cellpadding=\"0\">\n<tbody>\n<tr>\n<td valign=\"top\"><strong>Tipos de cookies<\/strong><\/td>\n<td valign=\"top\"><strong>Qui\u00e9n utiliza estas cookies<\/strong><\/td>\n<td valign=\"top\"><strong>C\u00f3mo rechazarlos <\/strong><\/td>\n<\/tr>\n<tr>\n<td valign=\"top\"><strong>Cookies esenciales del sitio web:<\/strong> Estas cookies son estrictamente necesarias para ofrecerle los servicios disponibles en nuestros sitios web y para utilizar algunas de sus funciones, como el acceso a zonas seguras.<\/td>\n<td valign=\"top\"> AJ TROMEUR<\/td>\n<td valign=\"top\">Dado que estas cookies son estrictamente necesarias para ofrecerle los sitios web, no puede rechazarlas.<\/p>\n<p>Puede bloquearlas o eliminarlas modificando la configuraci\u00f3n de su navegador, como se describe m\u00e1s adelante en el apartado \u00ab\u00bfC\u00f3mo puedo controlar las cookies?\u00bb.<\/td>\n<\/tr>\n<tr>\n<td valign=\"top\"><strong>Cookies de rendimiento, funcionalidad, personalizaci\u00f3n y an\u00e1lisis:<\/strong> Estas cookies se utilizan para mejorar el rendimiento y la funcionalidad de nuestros sitios web, pero no son esenciales para su uso. Sin embargo, sin estas cookies, algunas funcionalidades (como los v\u00eddeos y las zonas de acceso seguro) pueden dejar de estar disponibles. Tambi\u00e9n puede utilizarse de forma agregada para ayudarnos a comprender c\u00f3mo se utilizan nuestros sitios web o la eficacia de las campa\u00f1as de marketing, o para ayudarnos a personalizar nuestros sitios web para usted.<\/p>\n<p>&nbsp;<\/td>\n<td valign=\"top\">&nbsp;<\/p>\n<ul>\n<li><a href=\"https:\/\/www.facebook.com\/\">Facebook<\/a><\/li>\n<li><a href=\"https:\/\/www.google.com\/analytics\">GoogleAnalytics<\/a><\/li>\n<\/ul>\n<\/td>\n<td valign=\"top\">Para rechazar estas cookies, siga las instrucciones que figuran a continuaci\u00f3n en el apartado \u00ab\u00bfC\u00f3mo puedo controlar las cookies?\u00bb.<\/td>\n<\/tr>\n<tr>\n<td valign=\"top\"><strong>Cookies publicitarias:<\/strong> Estas cookies se utilizan para que los mensajes publicitarios sean m\u00e1s relevantes para usted. Realizan funciones como evitar que el mismo anuncio reaparezca continuamente, garantizar que los anuncios se muestren correctamente para los anunciantes y, en algunos casos, seleccionar anuncios basados en sus centros de inter\u00e9s.<\/p>\n<p>&nbsp;<\/td>\n<td valign=\"top\">&nbsp;<\/p>\n<ul>\n<li><a href=\"https:\/\/www.google.com\/\">Google<\/a><\/li>\n<\/ul>\n<\/td>\n<td valign=\"top\">Para rechazar estas cookies, siga las instrucciones que figuran a continuaci\u00f3n en el apartado \u00ab\u00bfC\u00f3mo puedo controlar las cookies?\u00bb.<\/td>\n<\/tr>\n<tr>\n<td valign=\"top\"><strong>Cookies de redes sociales:<\/strong> Estas cookies se utilizan para permitirle compartir p\u00e1ginas y contenidos que encuentre interesantes en nuestros sitios web a trav\u00e9s de redes sociales de terceros y otros sitios web. Estas cookies tambi\u00e9n pueden utilizarse con fines publicitarios.<\/p>\n<p>&nbsp;<\/td>\n<td valign=\"top\">&nbsp;<\/p>\n<ul>\n<li><a href=\"https:\/\/www.facebook.com\/\">Facebook<\/a><\/li>\n<\/ul>\n<\/td>\n<td valign=\"top\">Para rechazar estas cookies, siga las instrucciones que figuran a continuaci\u00f3n en el apartado \u00ab\u00bfC\u00f3mo puedo controlar las cookies?\u00bb.<\/td>\n<\/tr>\n<\/tbody>\n<\/table>\n<p>[\/et_pb_text][\/et_pb_column][et_pb_column type=\u00bb1_2&#8243;][\/et_pb_column][\/et_pb_row][et_pb_row][et_pb_column type=\u00bb1_2&#8243;][et_pb_text _builder_version=\u00bb3.2.1&#8243;]<\/p>\n<p><strong>Otras tecnolog\u00edas de seguimiento<\/strong><\/p>\n<p>Las cookies no son el \u00fanico medio de reconocer o rastrear a los visitantes de un sitio web. Podemos utilizar otras tecnolog\u00edas similares de vez en cuando, como balizas web (a veces denominadas \u00abp\u00edxeles de seguimiento\u00bb o \u00abgifs transparentes\u00bb). Se trata de peque\u00f1os archivos gr\u00e1ficos que contienen un identificador \u00fanico que nos permite saber cu\u00e1ndo alguien ha visitado nuestros sitios web (o ha abierto un correo electr\u00f3nico que le hemos enviado). Esto nos permite, por ejemplo, controlar el tr\u00e1fico de usuarios de una p\u00e1gina a otra de nuestros sitios web, enviar cookies o comunicarnos con ellas, saber si ha llegado a nuestros sitios web desde un anuncio en l\u00ednea mostrado en un sitio web de terceros, mejorar el rendimiento del sitio y medir el \u00e9xito de las campa\u00f1as de marketing por correo electr\u00f3nico). En muchos casos, estas tecnolog\u00edas dependen de las cookies para funcionar correctamente, por lo que rechazarlas impedir\u00e1 que funcionen correctamente.<\/p>\n<p>Nuestros sitios web tambi\u00e9n pueden utilizar \u00abFlash Cookies\u00bb (tambi\u00e9n conocidas como \u00abLocal Shared Objects\u00bb o \u00abLSO\u00bb) para, entre otras cosas, recopilar y almacenar informaci\u00f3n sobre su uso de nuestros servicios, prevenci\u00f3n del fraude y para otras operaciones del sitio.<\/p>\n<p>Si no desea que se almacenen cookies Flash en su ordenador, puede ajustar la configuraci\u00f3n de su reproductor Flash para bloquear el almacenamiento de dichas cookies mediante las herramientas que figuran en el panel de <a href=\"https:\/\/www.macromedia.com\/support\/documentation\/en\/flashplayer\/help\/settings_manager07.html\" target=\"_blank\" rel=\"noopener\">configuraci\u00f3n de almacenamiento del sitio web<\/a>. Tambi\u00e9n puede controlar las cookies de Flash accediendo al <a href=\"https:\/\/www.macromedia.com\/support\/documentation\/en\/flashplayer\/help\/settings_manager03.html\" target=\"_blank\" rel=\"noopener\">panel de configuraci\u00f3n de almacenamiento<\/a> globaly siguiendo las instrucciones (que pueden incluir instrucciones que expliquen, por ejemplo, c\u00f3mo eliminar las Flash Cookies existentes (denominadas \u00abinformaci\u00f3n\u00bb en el sitio de Macromedia), c\u00f3mo evitar que se coloquen Flash LSO en su ordenador sin que se lo pida y (para Flash Player 8 y versiones posteriores) c\u00f3mo bloquear las Flash Cookies que no sean proporcionadas por el operador de la p\u00e1gina en la que se encuentra en ese momento).<\/p>\n<p>Tenga en cuenta que configurar Flash Player para que restrinja o limite la aceptaci\u00f3n de cookies Flash puede reducir o perjudicar la funcionalidad de determinadas aplicaciones Flash, incluidas, potencialmente, las aplicaciones Flash utilizadas en relaci\u00f3n con nuestros servicios o contenidos en l\u00ednea.<\/p>\n<p><strong>Publicidad dirigida<\/strong><\/p>\n<p>Terceros pueden colocar cookies en su ordenador o dispositivo m\u00f3vil para ofrecer publicidad a trav\u00e9s de nuestros sitios web. Estas empresas pueden utilizar informaci\u00f3n sobre sus visitas a este y otros sitios web para ofrecerle publicidad relevante sobre bienes y servicios que puedan ser de su inter\u00e9s. Tambi\u00e9n pueden utilizar la tecnolog\u00eda para medir la eficacia de la publicidad. Para ello, pueden utilizar cookies o balizas web para recopilar informaci\u00f3n sobre sus visitas a este y otros sitios con el fin de proporcionar publicidad relevante sobre bienes y servicios que puedan ser de su inter\u00e9s. La informaci\u00f3n recopilada como parte de este proceso no nos permite identificar su nombre, datos de contacto u otros detalles de identificaci\u00f3n personal, a menos que usted decida proporcionarlos.<\/p>\n<p><strong>\u00bfC\u00f3mo puedo controlar las cookies?<\/strong><\/p>\n<p>Usted tiene derecho a decidir si acepta o no las cookies. Puede ejercer sus preferencias de cookies haciendo clic en los enlaces de exclusi\u00f3n correspondientes que aparecen en la tabla de cookies anterior.<\/p>\n<p>Puede configurar o modificar los controles de su navegador de Internet para aceptar o rechazar las cookies. Si decide rechazar las cookies, podr\u00e1 seguir utilizando nuestro sitio web, aunque su acceso a determinadas funciones y \u00e1reas de nuestro sitio puede estar restringido. Dado que los medios para rechazar las cookies a trav\u00e9s de los controles de su navegador de Internet var\u00edan de un navegador a otro, debe consultar el men\u00fa de ayuda de su navegador para obtener m\u00e1s informaci\u00f3n.<\/p>\n<p>Adem\u00e1s, la mayor\u00eda de las redes publicitarias le ofrecen la posibilidad de rechazar la publicidad dirigida. Para m\u00e1s informaci\u00f3n, visite <a href=\"https:\/\/www.aboutads.info\/choices\/\">https:\/\/www.aboutads.info\/choices\/<\/a> o <a href=\"https:\/\/www.youronlinechoices.com\/\">https:\/\/www.youronlinechoices.com.<\/a><\/p>\n<p><strong>Con qu\u00e9 frecuencia actualizar\u00e1n este Aviso sobre cookies?<\/strong><\/p>\n<p>Es posible que actualicemos este Aviso sobre cookies de vez en cuando para indicar, por ejemplo, cambios en las cookies que utilizamos o por otros motivos operativos, legales o normativos. Consulte peri\u00f3dicamente este Aviso para mantenerse al d\u00eda de nuestro uso de cookies y tecnolog\u00edas relacionadas.<\/p>\n<p>La fecha que figura en la parte superior de este Aviso sobre cookies indica cu\u00e1ndo se actualiz\u00f3 por \u00faltima vez.<\/p>\n<p><strong>\u00bfD\u00f3nde puedo obtener m\u00e1s informaci\u00f3n?<\/strong><\/p>\n<p>Si tiene alguna pregunta sobre nuestro uso de cookies u otras tecnolog\u00edas, env\u00edenos un correo electr\u00f3nico a info@lecoindelara.com.<\/p>\n<p>&nbsp;<\/p>\n<p>&nbsp;<\/p>\n<p>[\/et_pb_text][\/et_pb_column][et_pb_column type=\u00bb1_2&#8243;][\/et_pb_column][\/et_pb_row][\/et_pb_section]<\/p>\n","protected":false},"excerpt":{"rendered":"<p>COOKIES Este Aviso sobre cookies explica c\u00f3mo los sitios web operados dentro de la empresa AJ TROMEUR (\u00abnosotros\u00bb o \u00abnos\u00bb) (y que en algunos casos pueden ser operados conjuntamente con uno de nuestros socios de distribuci\u00f3n) utilizan cookies y tecnolog\u00edas similares para reconocerle cuando visita nuestros sitios web (\u00abSitios web\u00bb). Explica qu\u00e9 son estas tecnolog\u00edas [&hellip;]<\/p>\n","protected":false},"author":1,"featured_media":0,"parent":0,"menu_order":0,"comment_status":"closed","ping_status":"closed","template":"","meta":{"_et_pb_use_builder":"on","_et_pb_old_content":"","_et_gb_content_width":"","footnotes":""},"class_list":["post-44766","page","type-page","status-publish","hentry"],"aioseo_notices":[],"_links":{"self":[{"href":"https:\/\/lecoindelara.com\/es\/wp-json\/wp\/v2\/pages\/44766","targetHints":{"allow":["GET"]}}],"collection":[{"href":"https:\/\/lecoindelara.com\/es\/wp-json\/wp\/v2\/pages"}],"about":[{"href":"https:\/\/lecoindelara.com\/es\/wp-json\/wp\/v2\/types\/page"}],"author":[{"embeddable":true,"href":"https:\/\/lecoindelara.com\/es\/wp-json\/wp\/v2\/users\/1"}],"replies":[{"embeddable":true,"href":"https:\/\/lecoindelara.com\/es\/wp-json\/wp\/v2\/comments?post=44766"}],"version-history":[{"count":1,"href":"https:\/\/lecoindelara.com\/es\/wp-json\/wp\/v2\/pages\/44766\/revisions"}],"predecessor-version":[{"id":64206,"href":"https:\/\/lecoindelara.com\/es\/wp-json\/wp\/v2\/pages\/44766\/revisions\/64206"}],"wp:attachment":[{"href":"https:\/\/lecoindelara.com\/es\/wp-json\/wp\/v2\/media?parent=44766"}],"curies":[{"name":"wp","href":"https:\/\/api.w.org\/{rel}","templated":true}]}}