{"id":51775,"date":"2016-03-03T16:38:45","date_gmt":"2016-03-03T15:38:45","guid":{"rendered":"https:\/\/lecoindelara.com\/carros-gemelares\/"},"modified":"2026-01-09T15:37:47","modified_gmt":"2026-01-09T14:37:47","slug":"carros-gemelares","status":"publish","type":"page","link":"https:\/\/lecoindelara.com\/es\/sillas-de-paseo\/carros-gemelares\/","title":{"rendered":"Carros gemelares"},"content":{"rendered":"<p>[et_pb_section fb_built=\u00bb1&#8243; _builder_version=\u00bb4.27.2&#8243; _module_preset=\u00bbdefault\u00bb global_colors_info=\u00bb{}\u00bb][et_pb_row _builder_version=\u00bb4.27.2&#8243; _module_preset=\u00bbdefault\u00bb global_colors_info=\u00bb{}\u00bb][et_pb_column type=\u00bb4_4&#8243; _builder_version=\u00bb4.27.2&#8243; _module_preset=\u00bbdefault\u00bb global_colors_info=\u00bb{}\u00bb][et_pb_text admin_label=\u00bbText\u00bb _builder_version=\u00bb4.27.2&#8243; background_size=\u00bbinitial\u00bb background_position=\u00bbtop_left\u00bb background_repeat=\u00bbrepeat\u00bb use_border_color=\u00bboff\u00bb border_color=\u00bb#ffffff\u00bb border_style=\u00bbsolid\u00bb global_colors_info=\u00bb{}\u00bb]<\/p>\n<h1><strong><span style=\"color: #808080;\">Cochecitos gemelares. Dobles &amp; Triples desde el nacimiento <\/span><\/strong><\/h1>\n<p>[\/et_pb_text][et_pb_shop type=\u00bbproduct_category\u00bb posts_number=\u00bb20&#8243; include_categories=\u00bb37&#8243; columns_number=\u00bb3&#8243; orderby=\u00bbdate-desc\u00bb _builder_version=\u00bb4.27.2&#8243; global_colors_info=\u00bb{}\u00bb][\/et_pb_shop][et_pb_code _builder_version=\u00bb4.27.4&#8243; _module_preset=\u00bbdefault\u00bb hover_enabled=\u00bb0&#8243; sticky_enabled=\u00bb0&#8243;]<!-- Elfsight Popup | Untitled Popup --><!-- [et_pb_line_break_holder] --><script src=\"https:\/\/static.elfsight.com\/platform\/platform.js\" async=\"\"><\/script><!-- [et_pb_line_break_holder] --><\/p>\n<div class=\"elfsight-app-5d40887c-0dab-47f2-943f-72331b470e2b\" data-elfsight-app-lazy=\"\"><\/div>\n<p>[\/et_pb_code][et_pb_video src=\u00bbhttps:\/\/youtu.be\/CBG8nFB39zU\u00bb _builder_version=\u00bb4.24.3&#8243; _module_preset=\u00bbdefault\u00bb global_colors_info=\u00bb{}\u00bb][\/et_pb_video][et_pb_code _builder_version=\u00bb4.27.3&#8243; _module_preset=\u00bbdefault\u00bb global_colors_info=\u00bb{}\u00bb]<script src=\"https:\/\/static.elfsight.com\/platform\/platform.js\" async=\"\"><\/script><!-- [et_pb_line_break_holder] --><\/p>\n<div class=\"elfsight-app-7e47ab0b-1ead-4417-a368-01b04ee7823b\" data-elfsight-app-lazy=\"\"><\/div>\n<p>[\/et_pb_code][\/et_pb_column][\/et_pb_row][\/et_pb_section][et_pb_section fb_built=\u00bb1&#8243; admin_label=\u00bbsection\u00bb _builder_version=\u00bb4.16&#8243; background_color=\u00bb#57ccc4&#8243; background_last_edited=\u00bboff|desktop\u00bb global_colors_info=\u00bb{}\u00bb][et_pb_row admin_label=\u00bbfila\u00bb _builder_version=\u00bb4.16&#8243; background_size=\u00bbinitial\u00bb background_position=\u00bbtop_left\u00bb background_repeat=\u00bbrepeat\u00bb global_colors_info=\u00bb{}\u00bb][et_pb_column type=\u00bb4_4&#8243; _builder_version=\u00bb4.16&#8243; custom_padding=\u00bb|||\u00bb global_colors_info=\u00bb{}\u00bb custom_padding__hover=\u00bb|||\u00bb][et_pb_text _builder_version=\u00bb4.24.3&#8243; _module_preset=\u00bbdefault\u00bb global_colors_info=\u00bb{}\u00bb]<\/p>\n<p>\u00a1Descubre nuestra exclusiva selecci\u00f3n de cochecitos multiplaza para familias numerosas y guarder\u00edas! Perfectos para gemelos, trillizos y m\u00e1s. Conf\u00edanos tu comodidad con nuestros cochecitos dobles y triples. \u00a1Entrega r\u00e1pida!   <\/p>\n<p>[\/et_pb_text][et_pb_text _builder_version=\u00bb4.27.2&#8243; _module_preset=\u00bbdefault\u00bb global_colors_info=\u00bb{}\u00bb]<\/p>\n<p><iframe title=\"Poussette Double \/Jumeaux. Compacte, l\u00e9g\u00e8re, et adaptable : d\u00e9couvrez la libert\u00e9 de la BRAV DUO\" width=\"1080\" height=\"608\" src=\"https:\/\/www.youtube.com\/embed\/2eAXyUNl8cc?feature=oembed\"  allow=\"accelerometer; autoplay; clipboard-write; encrypted-media; gyroscope; picture-in-picture; web-share\" referrerpolicy=\"strict-origin-when-cross-origin\" allowfullscreen><\/iframe><\/p>\n<p>[\/et_pb_text][\/et_pb_column][\/et_pb_row][\/et_pb_section]<\/p>\n","protected":false},"excerpt":{"rendered":"<p>Cochecitos gemelares. Dobles &amp; Triples desde el nacimiento \u00a1Descubre nuestra exclusiva selecci\u00f3n de cochecitos multiplaza para familias numerosas y guarder\u00edas! Perfectos para gemelos, trillizos y m\u00e1s. Conf\u00edanos tu comodidad con nuestros cochecitos dobles y triples. \u00a1Entrega r\u00e1pida! https:\/\/www.youtube.com\/shorts\/2eAXyUNl8cc<\/p>\n","protected":false},"author":1,"featured_media":51776,"parent":65910,"menu_order":0,"comment_status":"closed","ping_status":"closed","template":"","meta":{"_et_pb_use_builder":"on","_et_pb_old_content":"","_et_gb_content_width":"","footnotes":""},"class_list":["post-51775","page","type-page","status-publish","has-post-thumbnail","hentry"],"aioseo_notices":[],"_links":{"self":[{"href":"https:\/\/lecoindelara.com\/es\/wp-json\/wp\/v2\/pages\/51775","targetHints":{"allow":["GET"]}}],"collection":[{"href":"https:\/\/lecoindelara.com\/es\/wp-json\/wp\/v2\/pages"}],"about":[{"href":"https:\/\/lecoindelara.com\/es\/wp-json\/wp\/v2\/types\/page"}],"author":[{"embeddable":true,"href":"https:\/\/lecoindelara.com\/es\/wp-json\/wp\/v2\/users\/1"}],"replies":[{"embeddable":true,"href":"https:\/\/lecoindelara.com\/es\/wp-json\/wp\/v2\/comments?post=51775"}],"version-history":[{"count":9,"href":"https:\/\/lecoindelara.com\/es\/wp-json\/wp\/v2\/pages\/51775\/revisions"}],"predecessor-version":[{"id":65937,"href":"https:\/\/lecoindelara.com\/es\/wp-json\/wp\/v2\/pages\/51775\/revisions\/65937"}],"up":[{"embeddable":true,"href":"https:\/\/lecoindelara.com\/es\/wp-json\/wp\/v2\/pages\/65910"}],"wp:featuredmedia":[{"embeddable":true,"href":"https:\/\/lecoindelara.com\/es\/wp-json\/wp\/v2\/media\/51776"}],"wp:attachment":[{"href":"https:\/\/lecoindelara.com\/es\/wp-json\/wp\/v2\/media?parent=51775"}],"curies":[{"name":"wp","href":"https:\/\/api.w.org\/{rel}","templated":true}]}}