{"id":59428,"date":"2020-10-02T14:37:19","date_gmt":"2020-10-02T13:37:19","guid":{"rendered":"https:\/\/lecoindelara.com\/cochecitos-de-munecas\/"},"modified":"2026-01-09T15:37:18","modified_gmt":"2026-01-09T14:37:18","slug":"cochecitos-de-munecas","status":"publish","type":"page","link":"https:\/\/lecoindelara.com\/es\/cochecitos-de-munecas\/","title":{"rendered":"Cochecitos de mu\u00f1ecas"},"content":{"rendered":"<p>[et_pb_section fb_built=\u00bb1&#8243; admin_label=\u00bbProducts\u00bb _builder_version=\u00bb4.23.1&#8243; background_enable_color=\u00bboff\u00bb background_enable_image=\u00bboff\u00bb background_size=\u00bbinitial\u00bb background_position=\u00bbtop_center\u00bb custom_padding=\u00bb0px|||||\u00bb locked=\u00bboff\u00bb global_colors_info=\u00bb{}\u00bb][et_pb_row _builder_version=\u00bb4.23.1&#8243; _module_preset=\u00bbdefault\u00bb background_enable_image=\u00bboff\u00bb width=\u00bb98.9%\u00bb custom_margin=\u00bb|auto||1px||\u00bb custom_padding=\u00bb0px|0px||0px||\u00bb global_colors_info=\u00bb{}\u00bb][et_pb_column type=\u00bb4_4&#8243; _builder_version=\u00bb4.23.1&#8243; _module_preset=\u00bbdefault\u00bb global_colors_info=\u00bb{}\u00bb][et_pb_text _builder_version=\u00bb4.27.2&#8243; _module_preset=\u00bbdefault\u00bb header_font=\u00bbABeeZee|700|||||||\u00bb header_font_size=\u00bb37px\u00bb global_colors_info=\u00bb{}\u00bb]<\/p>\n<h2> <\/h2>\n<h2 style=\"text-align: center;\"><strong><span style=\"color: #333399;\">Cochecitos para mu\u00f1ecas<\/span><\/strong><\/h2>\n<p>[\/et_pb_text][\/et_pb_column][\/et_pb_row][et_pb_row _builder_version=\u00bb4.16&#8243; custom_margin=\u00bb-284px|auto||auto||\u00bb global_colors_info=\u00bb{}\u00bb][et_pb_column type=\u00bb4_4&#8243; _builder_version=\u00bb4.16&#8243; custom_padding=\u00bb|||\u00bb global_colors_info=\u00bb{}\u00bb custom_padding__hover=\u00bb|||\u00bb][et_pb_shop type=\u00bbproduct_category\u00bb posts_number=\u00bb25&#8243; include_categories=\u00bb159&#8243; columns_number=\u00bb4&#8243; orderby=\u00bbprice-desc\u00bb icon_hover_color=\u00bb#ffffff\u00bb hover_overlay_color=\u00bbrgba(242,245,255,0.71)\u00bb _builder_version=\u00bb4.27.2&#8243; title_font=\u00bbConcert One||||||||\u00bb title_text_color=\u00bb#0a2d61&#8243; title_font_size=\u00bb24px\u00bb title_letter_spacing=\u00bb-1px\u00bb title_line_height=\u00bb1.4em\u00bb price_font=\u00bbConcert One||||||||\u00bb price_text_color=\u00bb#ff3d97&#8243; price_font_size=\u00bb16px\u00bb price_line_height=\u00bb1em\u00bb min_height=\u00bb2668.5px\u00bb custom_margin=\u00bb-219px||-844px|||\u00bb custom_padding=\u00bb260px||0px|||\u00bb animation_style=\u00bbfade\u00bb animation_direction=\u00bbbottom\u00bb title_font_size_tablet=\u00bb20px\u00bb title_font_size_phone=\u00bb\u00bb title_font_size_last_edited=\u00bbon|phone\u00bb animation_direction_tablet=\u00bb\u00bb animation_direction_phone=\u00bb\u00bb animation_direction_last_edited=\u00bbon|desktop\u00bb border_radii_image=\u00bbon|20px|20px|20px|20px\u00bb global_colors_info=\u00bb{}\u00bb][\/et_pb_shop][et_pb_image src=\u00bbhttps:\/\/lecoindelara.com\/wp-content\/uploads\/2024\/10\/landau-poussette-poupee-LILLY.jpg\u00bb alt=\u00bbcochecito de mu\u00f1ecas\u00bb title_text=\u00bbcochecito mu\u00f1eco LILLY\u00bb disabled_on=\u00bboff|on|on\u00bb _builder_version=\u00bb4.27.3&#8243; _module_preset=\u00bbdefault\u00bb global_colors_info=\u00bb{}\u00bb][\/et_pb_image][\/et_pb_column][\/et_pb_row][et_pb_row _builder_version=\u00bb4.23.1&#8243; _module_preset=\u00bbdefault\u00bb global_colors_info=\u00bb{}\u00bb][et_pb_column type=\u00bb4_4&#8243; _builder_version=\u00bb4.19.2&#8243; _module_preset=\u00bbdefault\u00bb global_colors_info=\u00bb{}\u00bb][et_pb_text _builder_version=\u00bb4.27.3&#8243; _module_preset=\u00bbdefault\u00bb header_font=\u00bbABeeZee|700|||||||\u00bb header_font_size=\u00bb37px\u00bb global_colors_info=\u00bb{}\u00bb]<\/p>\n<h1 style=\"text-align: center;\">Cochecitos para mu\u00f1ecas<\/h1>\n<p>[\/et_pb_text][et_pb_text _builder_version=\u00bb4.27.3&#8243; _module_preset=\u00bbdefault\u00bb text_font_size=\u00bb16px\u00bb global_colors_info=\u00bb{}\u00bb]<\/p>\n<p>Es el sue\u00f1o de cada ni\u00f1a. Salir de paseo en su <strong>cochecito<\/strong> y hacer lo que hace mam\u00e1. A tu hija le encantar\u00e1 jugar con su <strong>mu\u00f1eca<\/strong> en este cochecito elegante y resistente.  <\/p>\n<p>Nuestros <strong>cochecitos para mu\u00f1ecas<\/strong> tienen el mismo dise\u00f1o que los verdaderos cochecitos de beb\u00e9, \u00a1lo que hace que nuestra gama tenga tanto \u00e9xito!<\/p>\n<p>Te encantar\u00e1n las <strong>ruedas de radios<\/strong>, el chasis de acero y los tejidos de calidad. Tu hija puede <strong>guardar sus accesorios<\/strong> en la bolsa delantera. <\/p>\n<p>&nbsp;<\/p>\n<p>[\/et_pb_text][\/et_pb_column][\/et_pb_row][et_pb_row _builder_version=\u00bb4.27.3&#8243; _module_preset=\u00bbdefault\u00bb global_colors_info=\u00bb{}\u00bb][et_pb_column type=\u00bb4_4&#8243; _builder_version=\u00bb4.27.3&#8243; _module_preset=\u00bbdefault\u00bb global_colors_info=\u00bb{}\u00bb][\/et_pb_column][\/et_pb_row][et_pb_row _builder_version=\u00bb4.19.2&#8243; _module_preset=\u00bbdefault\u00bb global_colors_info=\u00bb{}\u00bb][et_pb_column type=\u00bb4_4&#8243; _builder_version=\u00bb4.19.2&#8243; _module_preset=\u00bbdefault\u00bb global_colors_info=\u00bb{}\u00bb][et_pb_text _builder_version=\u00bb4.27.2&#8243; _module_preset=\u00bbdefault\u00bb text_font_size=\u00bb16px\u00bb text_orientation=\u00bbcenter\u00bb global_colors_info=\u00bb{}\u00bb]<\/p>\n<p>En otra categor\u00eda, te encantar\u00e1n nuestros <a href=\"https:\/\/lecoindelara.com\/es\/trineos-infantiles-individuales-y-dobles\/\">trineos para ni\u00f1os<\/a>.<\/p>\n<p>[\/et_pb_text][et_pb_wc_related_products posts_number=\u00bb12&#8243; include_categories=\u00bb79,258,15,243,119,145&#8243; _builder_version=\u00bb4.23.1&#8243; _module_preset=\u00bbdefault\u00bb global_colors_info=\u00bb{}\u00bb][\/et_pb_wc_related_products][\/et_pb_column][\/et_pb_row][et_pb_row _builder_version=\u00bb4.27.3&#8243; _module_preset=\u00bbdefault\u00bb global_colors_info=\u00bb{}\u00bb][et_pb_column type=\u00bb4_4&#8243; _builder_version=\u00bb4.27.3&#8243; _module_preset=\u00bbdefault\u00bb global_colors_info=\u00bb{}\u00bb][et_pb_code admin_label=\u00bbrevisiones app\u00bb _builder_version=\u00bb4.27.3&#8243; _module_preset=\u00bbdefault\u00bb global_colors_info=\u00bb{}\u00bb]<script src=\"https:\/\/static.elfsight.com\/platform\/platform.js\" async=\"\"><\/script><!-- [et_pb_line_break_holder] --><\/p>\n<div class=\"elfsight-app-7e47ab0b-1ead-4417-a368-01b04ee7823b\" data-elfsight-app-lazy=\"\"><\/div>\n<p>[\/et_pb_code][\/et_pb_column][\/et_pb_row][\/et_pb_section][et_pb_section fb_built=\u00bb1&#8243; admin_label=\u00bbProducts\u00bb _builder_version=\u00bb3.24.1&#8243; background_color=\u00bb#f2f5ff\u00bb background_image=\u00bbhttps:\/\/lecoindelara.com\/wp-content\/uploads\/2020\/01\/candy-shop-11.png\u00bb background_size=\u00bbinitial\u00bb custom_margin=\u00bb||27px|||\u00bb custom_padding=\u00bb165px||115px|||\u00bb global_module=\u00bb11914&#8243; saved_tabs=\u00bball\u00bb locked=\u00bboff\u00bb global_colors_info=\u00bb{}\u00bb][et_pb_row _builder_version=\u00bb4.16&#8243; custom_padding=\u00bb31px|||||\u00bb global_colors_info=\u00bb{}\u00bb][et_pb_column type=\u00bb4_4&#8243; _builder_version=\u00bb4.16&#8243; custom_padding=\u00bb|||\u00bb global_colors_info=\u00bb{}\u00bb custom_padding__hover=\u00bb|||\u00bb][et_pb_text _builder_version=\u00bb4.16&#8243; text_font=\u00bb||||||||\u00bb header_2_font=\u00bbConcert One|700||on|||||\u00bb header_2_text_color=\u00bb#ffffff\u00bb header_2_font_size=\u00bb78px\u00bb text_orientation=\u00bbcenter\u00bb module_alignment=\u00bbcenter\u00bb custom_margin=\u00bb-76px|||||\u00bb custom_padding=\u00bb87px|||||\u00bb header_2_font_size_tablet=\u00bb80px\u00bb header_2_font_size_phone=\u00bb56px\u00bb header_2_font_size_last_edited=\u00bbon|phone\u00bb header_2_text_shadow_style=\u00bbpreset1&#8243; header_2_text_shadow_horizontal_length=\u00bb0.04em\u00bb header_2_text_shadow_vertical_length=\u00bb0.14em\u00bb header_2_text_shadow_blur_strength=\u00bb0.33em\u00bb header_2_text_shadow_color=\u00bbrgba(10,45,97,0.16)\u00bb text_text_align=\u00bbcenter\u00bb locked=\u00bboff\u00bb global_colors_info=\u00bb{}\u00bb]<\/p>\n<h2>SIGUE<\/h2>\n<p>[\/et_pb_text][et_pb_social_media_follow use_icon_font_size=\u00bbon\u00bb icon_font_size=\u00bb40px\u00bb _builder_version=\u00bb4.25.2&#8243; text_orientation=\u00bbcenter\u00bb custom_margin=\u00bb-10px|||||\u00bb global_colors_info=\u00bb{}\u00bb][et_pb_social_media_follow_network social_network=\u00bbfacebook\u00bb url=\u00bbhttps:\/\/www.facebook.com\/Lecoindelara\/?eid=ARAGEKf2RcVCBpf6zezzxTyV8anN5KtL8IFtGJx6ISL-JNouSb_dFyw2-kp6gHNxWn3UMTvQNHlyCxv1&#8243; _builder_version=\u00bb4.16&#8243; background_color=\u00bbrgba(0,0,0,0)\u00bb global_colors_info=\u00bb{}\u00bb follow_button=\u00bboff\u00bb url_new_window=\u00bbon\u00bb]facebook[\/et_pb_social_media_follow_network][et_pb_social_media_follow_network social_network=\u00bbinstagram\u00bb url=\u00bbhttps:\/\/www.instagram.com\/lecoindelara\/\u00bb _builder_version=\u00bb4.16&#8243; background_color=\u00bbrgba(0,0,0,0)\u00bb global_colors_info=\u00bb{}\u00bb follow_button=\u00bboff\u00bb url_new_window=\u00bbon\u00bb]instagram[\/et_pb_social_media_follow_network][\/et_pb_social_media_follow][et_pb_text _builder_version=\u00bb4.16&#8243; text_font=\u00bb||||||||\u00bb header_font=\u00bb||||||||\u00bb header_2_font=\u00bbConcert One||||||||\u00bb header_2_text_color=\u00bb#0a2d61&#8243; header_2_font_size=\u00bb39px\u00bb header_2_letter_spacing=\u00bb-2px\u00bb text_orientation=\u00bbcenter\u00bb max_width=\u00bb800px\u00bb module_alignment=\u00bbcenter\u00bb custom_margin=\u00bb-70px||\u00bb custom_margin_tablet=\u00bb\u00bb custom_margin_phone=\u00bb-30px||\u00bb custom_margin_last_edited=\u00bbon|desktop\u00bb custom_padding=\u00bb28px|||||\u00bb header_2_font_size_tablet=\u00bb48px\u00bb header_2_font_size_phone=\u00bb32px\u00bb header_2_font_size_last_edited=\u00bbon|phone\u00bb text_text_align=\u00bbcenter\u00bb locked=\u00bboff\u00bb global_colors_info=\u00bb{}\u00bb]<\/p>\n<h2>\u00a1Nuestros cochecitos originales!<\/h2>\n<p>[\/et_pb_text][et_pb_code admin_label=\u00bboferta especial -20 eur cochecitos de mu\u00f1ecas\u00bb _builder_version=\u00bb4.27.3&#8243; _module_preset=\u00bbdefault\u00bb global_colors_info=\u00bb{}\u00bb]<script src=\"https:\/\/static.elfsight.com\/platform\/platform.js\" async=\"\"><\/script><!-- [et_pb_line_break_holder] --><\/p>\n<div class=\"elfsight-app-06f91886-f1d3-49e3-904a-1f66c006b44f\" data-elfsight-app-lazy=\"\"><\/div>\n<p>[\/et_pb_code][\/et_pb_column][\/et_pb_row][\/et_pb_section]<\/p>\n","protected":false},"excerpt":{"rendered":"<p>Cochecitos para mu\u00f1ecasCochecitos para mu\u00f1ecasEs el sue\u00f1o de cada ni\u00f1a. Salir de paseo en su cochecito y hacer lo que hace mam\u00e1. A tu hija le encantar\u00e1 jugar con su mu\u00f1eca en este cochecito elegante y resistente. Nuestros cochecitos para mu\u00f1ecas tienen el mismo dise\u00f1o que los verdaderos cochecitos de beb\u00e9, \u00a1lo que hace que [&hellip;]<\/p>\n","protected":false},"author":1,"featured_media":0,"parent":0,"menu_order":0,"comment_status":"closed","ping_status":"closed","template":"","meta":{"_et_pb_use_builder":"on","_et_pb_old_content":"","_et_gb_content_width":"","footnotes":""},"class_list":["post-59428","page","type-page","status-publish","hentry"],"aioseo_notices":[],"_links":{"self":[{"href":"https:\/\/lecoindelara.com\/es\/wp-json\/wp\/v2\/pages\/59428","targetHints":{"allow":["GET"]}}],"collection":[{"href":"https:\/\/lecoindelara.com\/es\/wp-json\/wp\/v2\/pages"}],"about":[{"href":"https:\/\/lecoindelara.com\/es\/wp-json\/wp\/v2\/types\/page"}],"author":[{"embeddable":true,"href":"https:\/\/lecoindelara.com\/es\/wp-json\/wp\/v2\/users\/1"}],"replies":[{"embeddable":true,"href":"https:\/\/lecoindelara.com\/es\/wp-json\/wp\/v2\/comments?post=59428"}],"version-history":[{"count":2,"href":"https:\/\/lecoindelara.com\/es\/wp-json\/wp\/v2\/pages\/59428\/revisions"}],"predecessor-version":[{"id":65762,"href":"https:\/\/lecoindelara.com\/es\/wp-json\/wp\/v2\/pages\/59428\/revisions\/65762"}],"wp:attachment":[{"href":"https:\/\/lecoindelara.com\/es\/wp-json\/wp\/v2\/media?parent=59428"}],"curies":[{"name":"wp","href":"https:\/\/api.w.org\/{rel}","templated":true}]}}