{"id":59298,"date":"2024-06-14T09:58:36","date_gmt":"2024-06-14T08:58:36","guid":{"rendered":"https:\/\/lecoindelara.com\/produit\/base-isofix-avionaut-dock-2-0\/"},"modified":"2026-03-16T12:08:20","modified_gmt":"2026-03-16T11:08:20","slug":"base-isofix-avionaut-dock-2-0","status":"publish","type":"product","link":"https:\/\/lecoindelara.com\/es\/produit\/base-isofix-avionaut-dock-2-0\/","title":{"rendered":"Base ISOFIX Avionaut DOCK 2.0"},"content":{"rendered":"<p>[et_pb_section fb_built=\u00bb1&#8243; _builder_version=\u00bb4.16&#8243; custom_padding=\u00bb0px||||false|false\u00bb global_colors_info=\u00bb{}\u00bb][et_pb_row _builder_version=\u00bb4.16&#8243; background_size=\u00bbinitial\u00bb background_position=\u00bbtop_left\u00bb background_repeat=\u00bbrepeat\u00bb width=\u00bb100%\u00bb custom_padding=\u00bb0px||0px||false|false\u00bb global_colors_info=\u00bb{}\u00bb][et_pb_column type=\u00bb4_4&#8243; _builder_version=\u00bb4.16&#8243; custom_padding=\u00bb|||\u00bb global_colors_info=\u00bb{}\u00bb custom_padding__hover=\u00bb|||\u00bb][et_pb_wc_breadcrumb _builder_version=\u00bb4.16&#8243; global_colors_info=\u00bb{}\u00bb][\/et_pb_wc_breadcrumb][et_pb_wc_cart_notice _builder_version=\u00bb4.16&#8243; global_colors_info=\u00bb{}\u00bb][\/et_pb_wc_cart_notice][\/et_pb_column][\/et_pb_row][et_pb_row column_structure=\u00bb1_2,1_2&#8243; _builder_version=\u00bb4.16&#8243; background_size=\u00bbinitial\u00bb background_position=\u00bbtop_left\u00bb background_repeat=\u00bbrepeat\u00bb width=\u00bb100%\u00bb custom_padding=\u00bb0px||||false|false\u00bb global_colors_info=\u00bb{}\u00bb][et_pb_column type=\u00bb1_2&#8243; _builder_version=\u00bb4.16&#8243; custom_padding=\u00bb|||\u00bb global_colors_info=\u00bb{}\u00bb custom_padding__hover=\u00bb|||\u00bb][et_pb_wc_images _builder_version=\u00bb4.16&#8243; global_colors_info=\u00bb{}\u00bb][\/et_pb_wc_images][\/et_pb_column][et_pb_column type=\u00bb1_2&#8243; _builder_version=\u00bb4.16&#8243; custom_padding=\u00bb|||\u00bb global_colors_info=\u00bb{}\u00bb custom_padding__hover=\u00bb|||\u00bb][et_pb_wc_title _builder_version=\u00bb4.16&#8243; global_colors_info=\u00bb{}\u00bb][\/et_pb_wc_title][et_pb_image src=\u00bbhttps:\/\/lecoindelara.com\/wp-content\/uploads\/2025\/01\/venta-carrito-banner.jpg\u00bb title_text=\u00bbventa carrito-banner\u00bb _builder_version=\u00bb4.25.1&#8243; _module_preset=\u00bbdefault\u00bb global_colors_info=\u00bb{}\u00bb][\/et_pb_image][et_pb_wc_rating _builder_version=\u00bb4.16&#8243; global_colors_info=\u00bb{}\u00bb][\/et_pb_wc_rating][et_pb_wc_price _builder_version=\u00bb4.16&#8243; global_colors_info=\u00bb{}\u00bb][\/et_pb_wc_price][et_pb_wc_description _builder_version=\u00bb4.16&#8243; global_colors_info=\u00bb{}\u00bb][\/et_pb_wc_description][et_pb_wc_add_to_cart _builder_version=\u00bb4.16&#8243; global_colors_info=\u00bb{}\u00bb][\/et_pb_wc_add_to_cart][et_pb_text _builder_version=\u00bb4.25.1&#8243; _module_preset=\u00bbdefault\u00bb global_colors_info=\u00bb{}\u00bb]<\/p>\n<p><iframe title=\"Base ISOFIX Avionaut DOCK 2.0 #lecoindelara\" width=\"1080\" height=\"608\" src=\"https:\/\/www.youtube.com\/embed\/elY-sWNd_EA?feature=oembed\"  allow=\"accelerometer; autoplay; clipboard-write; encrypted-media; gyroscope; picture-in-picture; web-share\" referrerpolicy=\"strict-origin-when-cross-origin\" allowfullscreen><\/iframe><\/p>\n<p>[\/et_pb_text][\/et_pb_column][\/et_pb_row][et_pb_row _builder_version=\u00bb4.16&#8243; background_size=\u00bbinitial\u00bb background_position=\u00bbtop_left\u00bb background_repeat=\u00bbrepeat\u00bb width=\u00bb100%\u00bb global_colors_info=\u00bb{}\u00bb][et_pb_column type=\u00bb4_4&#8243; _builder_version=\u00bb4.16&#8243; custom_padding=\u00bb|||\u00bb global_colors_info=\u00bb{}\u00bb custom_padding__hover=\u00bb|||\u00bb][et_pb_wc_tabs _builder_version=\u00bb4.16&#8243; global_colors_info=\u00bb{}\u00bb]\t\t\t\t\t[\/et_pb_wc_tabs][et_pb_wc_upsells _builder_version=\u00bb4.16&#8243; global_colors_info=\u00bb{}\u00bb][\/et_pb_wc_upsells][et_pb_wc_related_products _builder_version=\u00bb4.16&#8243; global_colors_info=\u00bb{}\u00bb][\/et_pb_wc_related_products][\/et_pb_column][\/et_pb_row][\/et_pb_section]<\/p>\n","protected":false},"excerpt":{"rendered":"<h3>\u00a1Novedad 2025! La base Dock 2.0 BLACK permite <strong>instalar la silla de coche de forma r\u00e1pida y correcta<\/strong>, para <strong>tranquilidad<\/strong> de los padres. Garantiza la estabilidad de la silla y hace m\u00e1s c\u00f3modo el viaje de tu hijo.  <\/h3>\n","protected":false},"featured_media":59299,"comment_status":"closed","ping_status":"closed","template":"","meta":{"_et_pb_use_builder":"on","_et_pb_old_content":"<h3>Voyager en toute s\u00e9curit\u00e9:<strong> Base ISOFIX Dock 2<\/strong><\/h3>\r\n<span style=\"color: #ffffff\">.<\/span>\r\n\r\n<img class=\"wp-image-47161 alignright\" src=\"https:\/\/lecoindelara.com\/wp-content\/uploads\/2024\/06\/base-isofix-dock-2-avionaut-1024x1024.jpg\" alt=\"base isofix dock 2 avionaut\" width=\"483\" height=\"483\" \/>\r\n\r\nLivraison rapide en France et Belgique :<strong>5-7 jours<\/strong>\r\nGarantie :<strong> 2 ans<\/strong>\r\n\r\nEn mati\u00e8re de s\u00e9curit\u00e9, il n'y a pas de grandes diff\u00e9rences entre les si\u00e8ges auto fix\u00e9s par ceinture et ceux mont\u00e9s sur une base ISOFIX.\r\n<div>Cependant, l'installation correcte est essentielle.<\/div>\r\n<div><\/div>\r\n<div><strong>Avec la base Dock 2, sp\u00e9cialement con\u00e7ue pour les mod\u00e8les Avionaut Pixel Pro 2.0 C et Avionaut Cosmo, vous pouvez installer votre si\u00e8ge rapidement, facilement et correctement.<\/strong> En la fixant sur les points d'ancrage ISOFIX de votre voiture, <strong>vous pouvez \u00eatre s\u00fbr que votre enfant voyage en toute s\u00e9curit\u00e9.<\/strong><\/div>\r\n<div><\/div>\r\n<div><\/div>\r\n<div><\/div>\r\n<div><span style=\"color: #ffffff\">.<\/span><\/div>\r\n<div><\/div>\r\n<div><\/div>\r\n<span style=\"color: #333333;font-size: 22px\">Installation simple et intuitive<\/span>\r\n<div>Gr\u00e2ce \u00e0 la fonction <strong>d'indicateur, montrant une couleur rouge en cas de mauvaise fixation et verte en cas de fixation correcte<\/strong>, le processus d'installation devient facile et transparent.<\/div>\r\n<div>Son <strong>design ergonomique<\/strong> facilite l'installation tout en assurant la stabilit\u00e9 du si\u00e8ge pendant le trajet. \u00c9quip\u00e9e d'un pied de support sp\u00e9cial, elle renforce la stabilit\u00e9 de l'ensemble.<\/div>\r\n<div><\/div>\r\n<div>\r\n<div>Ce syst\u00e8me simple assure une plus grande <strong>confiance<\/strong> et confort lors de l'installation du si\u00e8ge. Cette solution permet m\u00eame aux utilisateurs moins exp\u00e9riment\u00e9s d'\u00eatre certains que le si\u00e8ge est <strong>correctement install\u00e9.<\/strong><\/div>\r\n<\/div>\r\n<div><\/div>\r\n<div><\/div>\r\n<div>\r\n\r\n<span style=\"color: #ffffff\">.<\/span>\r\n\r\n<img class=\" wp-image-47111 alignleft\" src=\"https:\/\/lecoindelara.com\/wp-content\/uploads\/2024\/06\/cosy-cosmo-avionaut-adac.jpg\" alt=\"base isofix dock 2 \" width=\"335\" height=\"168\" \/>\r\n<h3>L\u00e9g\u00e8ret\u00e9 et ergonomie<\/h3>\r\n<div>Pesant seulement <strong>4,5 kg,<\/strong> l'Avionaut Dock 2 est l'une des bases les plus l\u00e9g\u00e8res disponibles sur le march\u00e9, ce qui la rend exceptionnellement facile \u00e0 transporter et \u00e0 installer. La conception sp\u00e9cialement profil\u00e9e a \u00e9t\u00e9 con\u00e7ue de mani\u00e8re \u00e0 s'adapter \u00e0 diff\u00e9rents mod\u00e8les de banquettes automobiles, m\u00eame celles de plus grande taille. Cette universalit\u00e9 rend la base<strong> compatible avec la plupart des banquettes automobiles<\/strong> (m\u00eame celles \"difficiles\"), assurant stabilit\u00e9 et s\u00e9curit\u00e9 pendant le voyage<\/div>\r\n<\/div>\r\n<div><\/div>\r\n<div><\/div>\r\n<div><span style=\"color: #ffffff\">.<\/span><\/div>\r\n<div><span style=\"color: #ffffff\">.<\/span><\/div>\r\n<h3>Caract\u00e9ristiques :<\/h3>\r\n<span style=\"color: #ffffff\">.<\/span>\r\n<div><\/div>\r\n<div>- Compatible avec les si\u00e8ges auto Avionaut Pixel Pro 2.0 C, Avionaut Cosmo et <span style=\"color: #0000ff\"><a style=\"color: #0000ff\" href=\"https:\/\/lecoindelara.com\/produit\/cosy-cosmo-avionaut\/\">Cosmo 2.0<\/a><\/span><\/div>\r\n<div>- Universelle : s'adapte \u00e0 la plupart des voitures<\/div>\r\n<div>- Assemblage facile en une seule \u00e9tape<\/div>\r\n<div><\/div>\r\n<img class=\"aligncenter wp-image-47107 \" src=\"https:\/\/lecoindelara.com\/wp-content\/uploads\/2024\/06\/base-isofix-Avionaut-DOCK-2-pour-siege-auto-cosy-Cosmo-Pixel9.webp\" alt=\"base isofix pour sieges auto Avionaut\" width=\"440\" height=\"440\" \/>\r\n\r\n<span style=\"color: #ffffff\">.<\/span>\r\n<h3>Sp\u00e9cification<\/h3>\r\n<table class=\"ProductSpecification-module--product-specification__table--7c71d\">\r\n<tbody>\r\n<tr class=\"ProductSpecification-module--product-specification__row--bb16d\">\r\n<td>\r\n<p class=\"ProductSpecification-module--product-specification__text--0b4b6 ProductSpecification-module--product-specification__name--7bd5b\">Pied stabilisateur:<\/p>\r\n<\/td>\r\n<td>\r\n<p class=\"ProductSpecification-module--product-specification__text--0b4b6 ProductSpecification-module--product-specification__value--ce865\">Oui<\/p>\r\n<\/td>\r\n<\/tr>\r\n<tr class=\"ProductSpecification-module--product-specification__row--bb16d\">\r\n<td>\r\n<p class=\"ProductSpecification-module--product-specification__text--0b4b6 ProductSpecification-module--product-specification__name--7bd5b\">Mod\u00e8les compatibles:<\/p>\r\n<\/td>\r\n<td>\r\n<p class=\"ProductSpecification-module--product-specification__text--0b4b6 ProductSpecification-module--product-specification__value--ce865\">Avionaut Pixel PRO 2.0 C, Avionaut Cosmo, <a href=\"https:\/\/lecoindelara.com\/produit\/cosy-cosmo-avionaut\/\">Avionaut Cosmo 2.0<\/a><\/p>\r\n<\/td>\r\n<\/tr>\r\n<tr class=\"ProductSpecification-module--product-specification__row--bb16d\">\r\n<td>\r\n<p class=\"ProductSpecification-module--product-specification__text--0b4b6 ProductSpecification-module--product-specification__name--7bd5b\">Possibilit\u00e9 d'adaptation \u00e0 un si\u00e8ge auto du groupe suivan:<\/p>\r\n<\/td>\r\n<td>\r\n<p class=\"ProductSpecification-module--product-specification__text--0b4b6 ProductSpecification-module--product-specification__value--ce865\">Non<\/p>\r\n<\/td>\r\n<\/tr>\r\n<tr class=\"ProductSpecification-module--product-specification__row--bb16d\">\r\n<td>\r\n<p class=\"ProductSpecification-module--product-specification__text--0b4b6 ProductSpecification-module--product-specification__name--7bd5b\">M\u00e9thode de fixation:<\/p>\r\n<\/td>\r\n<td>\r\n<p class=\"ProductSpecification-module--product-specification__text--0b4b6 ProductSpecification-module--product-specification__value--ce865\">ISOFIX + pied stabilisateur<\/p>\r\n<\/td>\r\n<\/tr>\r\n<tr class=\"ProductSpecification-module--product-specification__row--bb16d\">\r\n<td>\r\n<p class=\"ProductSpecification-module--product-specification__text--0b4b6 ProductSpecification-module--product-specification__name--7bd5b\">Garantie:<\/p>\r\n<\/td>\r\n<td>\r\n<p class=\"ProductSpecification-module--product-specification__text--0b4b6 ProductSpecification-module--product-specification__value--ce865\">2 ans<\/p>\r\n<\/td>\r\n<\/tr>\r\n<\/tbody>\r\n<\/table>\r\n<div><\/div>\r\n<div><\/div>\r\n<div><\/div>\r\n<div><\/div>\r\n<div>.<\/div>\r\n<h4>En savoir plus : <span style=\"color: #0000ff\"><a style=\"color: #0000ff\" href=\"https:\/\/lecoindelara.com\/produit\/cosy-cosmo-avionaut\/\">D\u00e9couvrez notre cosy COSMO AVIONAUT<\/a><\/span><\/h4>","_et_gb_content_width":""},"product_brand":[],"product_cat":[678,674],"product_tag":[521,438,356,447],"class_list":{"0":"post-59298","1":"product","2":"type-product","3":"status-publish","4":"has-post-thumbnail","6":"product_cat-accesorios","7":"product_cat-accesorios-cochecito","8":"product_tag-colores","9":"product_tag-en-polipiel","10":"product_tag-en-tela-impermeable","11":"product_tag-gris-es","12":"product_shipping_class-gratis-dodatek-do-zamowienia-es","14":"first","15":"instock","16":"shipping-taxable","17":"purchasable","18":"product-type-simple"},"aioseo_notices":[],"_links":{"self":[{"href":"https:\/\/lecoindelara.com\/es\/wp-json\/wp\/v2\/product\/59298","targetHints":{"allow":["GET"]}}],"collection":[{"href":"https:\/\/lecoindelara.com\/es\/wp-json\/wp\/v2\/product"}],"about":[{"href":"https:\/\/lecoindelara.com\/es\/wp-json\/wp\/v2\/types\/product"}],"replies":[{"embeddable":true,"href":"https:\/\/lecoindelara.com\/es\/wp-json\/wp\/v2\/comments?post=59298"}],"wp:featuredmedia":[{"embeddable":true,"href":"https:\/\/lecoindelara.com\/es\/wp-json\/wp\/v2\/media\/59299"}],"wp:attachment":[{"href":"https:\/\/lecoindelara.com\/es\/wp-json\/wp\/v2\/media?parent=59298"}],"wp:term":[{"taxonomy":"product_brand","embeddable":true,"href":"https:\/\/lecoindelara.com\/es\/wp-json\/wp\/v2\/product_brand?post=59298"},{"taxonomy":"product_cat","embeddable":true,"href":"https:\/\/lecoindelara.com\/es\/wp-json\/wp\/v2\/product_cat?post=59298"},{"taxonomy":"product_tag","embeddable":true,"href":"https:\/\/lecoindelara.com\/es\/wp-json\/wp\/v2\/product_tag?post=59298"}],"curies":[{"name":"wp","href":"https:\/\/api.w.org\/{rel}","templated":true}]}}