{"id":59329,"date":"2017-01-05T16:37:52","date_gmt":"2017-01-05T15:37:52","guid":{"rendered":"https:\/\/lecoindelara.com\/produit\/base-isofix-avionaut-iq-2-0-c\/"},"modified":"2026-02-12T11:31:52","modified_gmt":"2026-02-12T10:31:52","slug":"base-isofix-avionaut-iq-2-0-c","status":"publish","type":"product","link":"https:\/\/lecoindelara.com\/es\/produit\/base-isofix-avionaut-iq-2-0-c\/","title":{"rendered":"Base ISOFIX Avionaut IQ 2.0 C"},"content":{"rendered":"<p>[et_pb_section fb_built=\u00bb1&#8243; _builder_version=\u00bb4.16&#8243; custom_padding=\u00bb0px||||false|false\u00bb global_colors_info=\u00bb{}\u00bb][et_pb_row _builder_version=\u00bb4.16&#8243; background_size=\u00bbinitial\u00bb background_position=\u00bbtop_left\u00bb background_repeat=\u00bbrepeat\u00bb width=\u00bb100%\u00bb custom_padding=\u00bb0px||0px||false|false\u00bb global_colors_info=\u00bb{}\u00bb][et_pb_column type=\u00bb4_4&#8243; _builder_version=\u00bb4.16&#8243; custom_padding=\u00bb|||\u00bb global_colors_info=\u00bb{}\u00bb custom_padding__hover=\u00bb|||\u00bb][et_pb_wc_breadcrumb _builder_version=\u00bb4.16&#8243; global_colors_info=\u00bb{}\u00bb][\/et_pb_wc_breadcrumb][et_pb_wc_cart_notice _builder_version=\u00bb4.16&#8243; global_colors_info=\u00bb{}\u00bb][\/et_pb_wc_cart_notice][\/et_pb_column][\/et_pb_row][et_pb_row column_structure=\u00bb1_2,1_2&#8243; _builder_version=\u00bb4.16&#8243; background_size=\u00bbinitial\u00bb background_position=\u00bbtop_left\u00bb background_repeat=\u00bbrepeat\u00bb width=\u00bb100%\u00bb custom_padding=\u00bb0px||||false|false\u00bb global_colors_info=\u00bb{}\u00bb][et_pb_column type=\u00bb1_2&#8243; _builder_version=\u00bb4.16&#8243; custom_padding=\u00bb|||\u00bb global_colors_info=\u00bb{}\u00bb custom_padding__hover=\u00bb|||\u00bb][et_pb_wc_images _builder_version=\u00bb4.16&#8243; global_colors_info=\u00bb{}\u00bb][\/et_pb_wc_images][\/et_pb_column][et_pb_column type=\u00bb1_2&#8243; _builder_version=\u00bb4.16&#8243; custom_padding=\u00bb|||\u00bb global_colors_info=\u00bb{}\u00bb custom_padding__hover=\u00bb|||\u00bb][et_pb_wc_title _builder_version=\u00bb4.16&#8243; global_colors_info=\u00bb{}\u00bb][\/et_pb_wc_title][et_pb_wc_rating _builder_version=\u00bb4.16&#8243; global_colors_info=\u00bb{}\u00bb][\/et_pb_wc_rating][et_pb_wc_price _builder_version=\u00bb4.16&#8243; global_colors_info=\u00bb{}\u00bb][\/et_pb_wc_price][et_pb_wc_description _builder_version=\u00bb4.16&#8243; global_colors_info=\u00bb{}\u00bb][\/et_pb_wc_description][et_pb_wc_add_to_cart _builder_version=\u00bb4.16&#8243; global_colors_info=\u00bb{}\u00bb][\/et_pb_wc_add_to_cart][et_pb_wc_meta _builder_version=\u00bb4.16&#8243; global_colors_info=\u00bb{}\u00bb][\/et_pb_wc_meta][et_pb_code _builder_version=\u00bb4.25.1&#8243; _module_preset=\u00bbdefault\u00bb global_colors_info=\u00bb{}\u00bb]<iframe width=\"560\" height=\"315\" src=\"https:\/\/www.youtube.com\/embed\/EQ3Ih-1_FMc?si=rry150Mm_-77JxWv\" title=\"YouTube video player\" frameborder=\"0\" allow=\"accelerometer; autoplay; clipboard-write; encrypted-media; gyroscope; picture-in-picture; web-share\" referrerpolicy=\"strict-origin-when-cross-origin\" allowfullscreen=\"\"><\/iframe>[\/et_pb_code][\/et_pb_column][\/et_pb_row][et_pb_row _builder_version=\u00bb4.16&#8243; background_size=\u00bbinitial\u00bb background_position=\u00bbtop_left\u00bb background_repeat=\u00bbrepeat\u00bb width=\u00bb100%\u00bb global_colors_info=\u00bb{}\u00bb][et_pb_column type=\u00bb4_4&#8243; _builder_version=\u00bb4.16&#8243; custom_padding=\u00bb|||\u00bb global_colors_info=\u00bb{}\u00bb custom_padding__hover=\u00bb|||\u00bb][et_pb_wc_tabs _builder_version=\u00bb4.16&#8243; global_colors_info=\u00bb{}\u00bb]\t\t\t\t\t[\/et_pb_wc_tabs][et_pb_wc_upsells _builder_version=\u00bb4.16&#8243; global_colors_info=\u00bb{}\u00bb][\/et_pb_wc_upsells][et_pb_wc_related_products _builder_version=\u00bb4.16&#8243; global_colors_info=\u00bb{}\u00bb][\/et_pb_wc_related_products][\/et_pb_column][\/et_pb_row][\/et_pb_section]<\/p>\n","protected":false},"excerpt":{"rendered":"<h3>La base isofix Avionaut IQ 2.0 C permite <strong>instalar la silla de auto r\u00e1pida y correctamente<\/strong>, para <strong>tranquilidad<\/strong> de los padres. Un simple clic y ya est\u00e1: \u00a1una cosa menos de la que preocuparse! Puede acompa\u00f1ar a tu hijo<strong> hasta los 4 a\u00f1os.<\/strong>  <\/h3>\n","protected":false},"featured_media":59330,"comment_status":"closed","ping_status":"closed","template":"","meta":{"_et_pb_use_builder":"on","_et_pb_old_content":"<h1 style=\"text-align: center\">Nueva Base ISOFIX AVIONAUT IQ 2.0 C<\/h1>\nNi la mejor silla de coche puede garantizar la seguridad de tu hijo si est\u00e1 mal instalada. Y en el ajetreo de la vida cotidiana, \u00a1es tan f\u00e1cil cometer errores! Gracias a la base IQ 2.0 C, ya no tienes que preocuparte por su correcta instalaci\u00f3n. Basta con acoplar la base a los anclajes ISOFIX y colocar la silla sobre ella. Un simple clic y ya est\u00e1: una cosa menos de la que preocuparte.    \n<h3>GARANT\u00cdA: 2 A\u00d1OS<\/h3>\n<p style=\"text-align: center\"><img class=\"alignnone size-large wp-image-38770\" src=\"https:\/\/lecoindelara.com\/wp-content\/uploads\/2023\/10\/base-Isofix-IQ-AVIONAUT-1024x1024.webp\" alt=\"\" width=\"1024\" height=\"1024\"><\/p>\n\n<h3><strong>Base universal para silla de coche<\/strong><\/h3>\n<div><\/div>\n<div>La base Avionaut IQ 2.0 C ha sido dise\u00f1ada para adaptarse a la mayor\u00eda de los veh\u00edculos. Esto significa que puede trasladarse f\u00e1cilmente de un coche a otro o instalarse r\u00e1pidamente en un taxi. Los abuelos tambi\u00e9n podr\u00e1n aprovecharla cuando transporten a tu hijo en su veh\u00edculo.  <\/div>\n<div><\/div>\n<div><\/div>\n<div>Adem\u00e1s, la base IQ 2.0 C es compatible con varios de nuestros modelos de sillas de coche <strong>: Pixel PRO 2.0 C, Cosmo, AeroFIX 2.0 C y AeroFIX RWF 2.0 C.<\/strong> <strong>Esto significa que puede acompa\u00f1ar a tu hijo hasta los 4 a\u00f1os.<\/strong><\/div>\n<div><\/div>\n\u00a0\n<p style=\"text-align: center\"><img class=\"alignnone size-full wp-image-46877\" src=\"https:\/\/lecoindelara.com\/wp-content\/uploads\/2017\/01\/base-isofix-avionaut-iq.jpg\" alt=\"isofix base avionaut iq 2.0 c\" width=\"312\" height=\"282\"><\/p>\n\n<h3><strong>Instalaci\u00f3n r\u00e1pida de la base Avionaut IQ 2.0 C<\/strong><\/h3>\n\u00a0\n<div><\/div>\n<div>Asegurar la base Avionaut IQ 2.0 C es un juego de ni\u00f1os, gracias al sistema Click'n'Drive. Se\u00f1ales luminosas y sonoras confirman que los anclajes ISOFIX est\u00e1n bien colocados (la se\u00f1al sonora puede desactivarse si te preocupa despertar al ni\u00f1o). Todo lo que tienes que hacer es instalar el asiento, sujetar al ni\u00f1o y listo. La base IQ 2.0 C simplifica y agiliza la preparaci\u00f3n de tu viaje en coche, haciendo la vida m\u00e1s f\u00e1cil a los padres.   <\/div>\n<p style=\"text-align: center\"><img class=\"size-full wp-image-46875 aligncenter\" src=\"https:\/\/lecoindelara.com\/wp-content\/uploads\/2017\/01\/Avionaut-IQ-2.0-C-2.png\" alt=\"base isofix adac\" width=\"557\" height=\"561\"><\/p>\n\n<h3><strong>M\u00e1s seguridad con la base de la silla de coche<\/strong><\/h3>\n\u00a0\n<div><\/div>\n<div>Utilizar una base de silla de auto no s\u00f3lo facilita la instalaci\u00f3n, sino que tambi\u00e9n mejora la seguridad. La base IQ 2.0 C estabiliza la silla en el banco del veh\u00edculo, evitando cualquier movimiento durante las maniobras bruscas. El reducido n\u00famero de conexiones minimiza el riesgo de que la silla se desplace, y el pie estabilizador proporciona un punto de apoyo adicional. Todo ello contribuye a garantizar una protecci\u00f3n \u00f3ptima para tu peque\u00f1o viajero durante los trayectos en coche.   <\/div>\n<div><\/div>\n<p style=\"text-align: center\"><img class=\"alignnone size-large wp-image-38774\" src=\"https:\/\/lecoindelara.com\/wp-content\/uploads\/2023\/10\/base-isofix-pour-cosy-Cosmo-avionaut-1024x1024.webp\" alt=\"\" width=\"1024\" height=\"1024\"><\/p>\n<img class=\"alignnone size-large wp-image-46878\" src=\"https:\/\/lecoindelara.com\/wp-content\/uploads\/2017\/01\/base-isofix-avionaut-iq-cosy-1024x1024.jpg\" alt=\"silla de coche para ni\u00f1os\" width=\"1024\" height=\"1024\">\n<h3>Especificaci\u00f3n<\/h3>\n\u00a0\n<table id=\"product-attribute-specs-table\" class=\"data table additional-attributes\">\n<tbody>\n<tr class=\"Couleur\">\n<th class=\"col label\" style=\"text-align: left\" scope=\"row\">Color<\/th>\n<td class=\"col data\" data-th=\"Couleur\">Negro<\/td>\n<\/tr>\n<tr class=\"Jambe de stabilisation\">\n<th class=\"col label\" style=\"text-align: left\" scope=\"row\">Pata estabilizadora<\/th>\n<td class=\"col data\" data-th=\"Jambe de stabilisation\">S\u00ed<\/td>\n<\/tr>\n<tr class=\"Mod\u00e8les compatibles\">\n<th class=\"col label\" style=\"text-align: left\" scope=\"row\">Modelos compatibles<\/th>\n<td class=\"col data\" data-th=\"Mod\u00e8les compatibles\">Avionaut Cosmo, Avionaut AeroFIX 2.0, Avionaut AeroxFIX RWF 2.0, Avionaut Pixel PRO 2.0 C, Avionaut AeroFIX 2.0 C, Avionaut AeroFIX RWF 2.0 C<\/td>\n<\/tr>\n<tr class=\"Syst\u00e8me d'information sur l'installation correcte de la base\">\n<th class=\"col label\" style=\"text-align: left\" scope=\"row\">Sistema de informaci\u00f3n para la correcta instalaci\u00f3n de la base<\/th>\n<td class=\"col data\" data-th=\"Syst\u00e8me d'information sur l'installation correcte de la base\">Click 'n' Drive<\/td>\n<\/tr>\n<tr class=\"Possibilit\u00e9 d'installer un si\u00e8ge auto d'un autre groupe\">\n<th class=\"col label\" style=\"text-align: left\" scope=\"row\">Posibilidad de instalar una silla de coche de otro grupo<\/th>\n<td class=\"col data\" data-th=\"Possibilit\u00e9 d'installer un si\u00e8ge auto d'un autre groupe\">S\u00ed<\/td>\n<\/tr>\n<\/tbody>\n<\/table>\n<div><\/div>\n<div><\/div>\n<div><\/div>\n<div><\/div>\n<div><\/div>\n<div><\/div>\n<div><\/div>\n<div>.<\/div>\nM\u00e1s informaci\u00f3n :  <a href=\"https:\/\/lecoindelara.com\/produit\/cosy-cosmo-avionaut\/\">Descubre nuestro acogedor COSMO AVIONAUT<\/a>","_et_gb_content_width":""},"product_brand":[],"product_cat":[282],"product_tag":[521,438,356,447],"class_list":{"0":"post-59329","1":"product","2":"type-product","3":"status-publish","4":"has-post-thumbnail","6":"product_cat-carritos-bebe-3-piezas","7":"product_tag-colores","8":"product_tag-en-polipiel","9":"product_tag-en-tela-impermeable","10":"product_tag-gris-es","11":"product_shipping_class-gratis-dodatek-do-zamowienia-es","13":"first","14":"outofstock","15":"sale","16":"shipping-taxable","17":"purchasable","18":"product-type-simple"},"aioseo_notices":[],"_links":{"self":[{"href":"https:\/\/lecoindelara.com\/es\/wp-json\/wp\/v2\/product\/59329","targetHints":{"allow":["GET"]}}],"collection":[{"href":"https:\/\/lecoindelara.com\/es\/wp-json\/wp\/v2\/product"}],"about":[{"href":"https:\/\/lecoindelara.com\/es\/wp-json\/wp\/v2\/types\/product"}],"replies":[{"embeddable":true,"href":"https:\/\/lecoindelara.com\/es\/wp-json\/wp\/v2\/comments?post=59329"}],"wp:featuredmedia":[{"embeddable":true,"href":"https:\/\/lecoindelara.com\/es\/wp-json\/wp\/v2\/media\/59330"}],"wp:attachment":[{"href":"https:\/\/lecoindelara.com\/es\/wp-json\/wp\/v2\/media?parent=59329"}],"wp:term":[{"taxonomy":"product_brand","embeddable":true,"href":"https:\/\/lecoindelara.com\/es\/wp-json\/wp\/v2\/product_brand?post=59329"},{"taxonomy":"product_cat","embeddable":true,"href":"https:\/\/lecoindelara.com\/es\/wp-json\/wp\/v2\/product_cat?post=59329"},{"taxonomy":"product_tag","embeddable":true,"href":"https:\/\/lecoindelara.com\/es\/wp-json\/wp\/v2\/product_tag?post=59329"}],"curies":[{"name":"wp","href":"https:\/\/api.w.org\/{rel}","templated":true}]}}