{"id":62949,"date":"2019-02-11T11:36:04","date_gmt":"2019-02-11T10:36:04","guid":{"rendered":"https:\/\/lecoindelara.com\/produit\/rueda-trasera-grande-de-repuesto-para-carrito-bebe-todos-los-modelos\/"},"modified":"2026-03-16T14:06:09","modified_gmt":"2026-03-16T13:06:09","slug":"rueda-trasera-grande-de-repuesto-para-carrito-bebe-todos-los-modelos","status":"publish","type":"product","link":"https:\/\/lecoindelara.com\/es\/produit\/rueda-trasera-grande-de-repuesto-para-carrito-bebe-todos-los-modelos\/","title":{"rendered":"Rueda trasera de repuesto para cochecito (grande), todos los modelos"},"content":{"rendered":"<p>[et_pb_section fb_built=\u00bb1&#8243; _builder_version=\u00bb4.16&#8243; custom_padding=\u00bb0px||||false|false\u00bb global_colors_info=\u00bb{}\u00bb][et_pb_row _builder_version=\u00bb4.16&#8243; background_size=\u00bbinitial\u00bb background_position=\u00bbtop_left\u00bb background_repeat=\u00bbrepeat\u00bb width=\u00bb100%\u00bb custom_padding=\u00bb0px||0px||false|false\u00bb global_colors_info=\u00bb{}\u00bb][et_pb_column type=\u00bb4_4&#8243; _builder_version=\u00bb4.16&#8243; custom_padding=\u00bb|||\u00bb global_colors_info=\u00bb{}\u00bb custom_padding__hover=\u00bb|||\u00bb][et_pb_wc_breadcrumb _builder_version=\u00bb4.16&#8243; global_colors_info=\u00bb{}\u00bb][\/et_pb_wc_breadcrumb][et_pb_wc_cart_notice _builder_version=\u00bb4.16&#8243; global_colors_info=\u00bb{}\u00bb][\/et_pb_wc_cart_notice][\/et_pb_column][\/et_pb_row][et_pb_row column_structure=\u00bb1_2,1_2&#8243; _builder_version=\u00bb4.16&#8243; background_size=\u00bbinitial\u00bb background_position=\u00bbtop_left\u00bb background_repeat=\u00bbrepeat\u00bb width=\u00bb100%\u00bb custom_padding=\u00bb0px||||false|false\u00bb global_colors_info=\u00bb{}\u00bb][et_pb_column type=\u00bb1_2&#8243; _builder_version=\u00bb4.16&#8243; custom_padding=\u00bb|||\u00bb global_colors_info=\u00bb{}\u00bb custom_padding__hover=\u00bb|||\u00bb][et_pb_wc_images _builder_version=\u00bb4.16&#8243; global_colors_info=\u00bb{}\u00bb][\/et_pb_wc_images][\/et_pb_column][et_pb_column type=\u00bb1_2&#8243; _builder_version=\u00bb4.16&#8243; custom_padding=\u00bb|||\u00bb global_colors_info=\u00bb{}\u00bb custom_padding__hover=\u00bb|||\u00bb][et_pb_wc_title _builder_version=\u00bb4.16&#8243; global_colors_info=\u00bb{}\u00bb][\/et_pb_wc_title][et_pb_image src=\u00bbhttps:\/\/lecoindelara.com\/wp-content\/uploads\/2025\/01\/venta-carrito-banner.jpg\u00bb title_text=\u00bbventa carrito-banner\u00bb _builder_version=\u00bb4.25.1&#8243; _module_preset=\u00bbdefault\u00bb global_colors_info=\u00bb{}\u00bb][\/et_pb_image][et_pb_wc_rating _builder_version=\u00bb4.16&#8243; global_colors_info=\u00bb{}\u00bb][\/et_pb_wc_rating][et_pb_wc_price _builder_version=\u00bb4.25.1&#8243; global_colors_info=\u00bb{}\u00bb][\/et_pb_wc_price][et_pb_wc_description _builder_version=\u00bb4.16&#8243; global_colors_info=\u00bb{}\u00bb][\/et_pb_wc_description][et_pb_wc_add_to_cart _builder_version=\u00bb4.16&#8243; global_colors_info=\u00bb{}\u00bb][\/et_pb_wc_add_to_cart][et_pb_wc_meta _builder_version=\u00bb4.16&#8243; global_colors_info=\u00bb{}\u00bb][\/et_pb_wc_meta][\/et_pb_column][\/et_pb_row][et_pb_row _builder_version=\u00bb4.16&#8243; background_size=\u00bbinitial\u00bb background_position=\u00bbtop_left\u00bb background_repeat=\u00bbrepeat\u00bb width=\u00bb100%\u00bb global_colors_info=\u00bb{}\u00bb][et_pb_column type=\u00bb4_4&#8243; _builder_version=\u00bb4.16&#8243; custom_padding=\u00bb|||\u00bb global_colors_info=\u00bb{}\u00bb custom_padding__hover=\u00bb|||\u00bb][et_pb_wc_tabs _builder_version=\u00bb4.16&#8243; global_colors_info=\u00bb{}\u00bb]\t\t\t\t\t[\/et_pb_wc_tabs][et_pb_wc_upsells _builder_version=\u00bb4.16&#8243; global_colors_info=\u00bb{}\u00bb][\/et_pb_wc_upsells][et_pb_wc_related_products _builder_version=\u00bb4.16&#8243; global_colors_info=\u00bb{}\u00bb][\/et_pb_wc_related_products][\/et_pb_column][\/et_pb_row][\/et_pb_section]<\/p>\n","protected":false},"excerpt":{"rendered":"<h3>Ruedas de repuesto para cochecitos de varios modelos: KUNERT, BABYACTIVE, BABYFASHION, BABYLUX&#8230;<\/h3>\n","protected":false},"featured_media":32732,"comment_status":"closed","ping_status":"closed","template":"","meta":{"_et_pb_use_builder":"on","_et_pb_old_content":"<h3>C\u00f3mo hacer un pedido :<\/h3>\n<div>1. <strong>Elige el modelo o la marca de tu cochecito.<\/strong><\/div>\n<div>2. Selecciona la cantidad.<\/div>\n<div>3. A\u00f1ade a la cesta y completa el pedido.<\/div>\n<div>[box type=\"bio\"]  4. Una vez realizado el pedido, recibir\u00e1s un correo electr\u00f3nico autom\u00e1tico con todos los detalles del mismo. Responde a este correo electr\u00f3nico con una foto de la rueda y del cochecito. Esto es esencial para asegurarnos de que recibes el modelo\/versi\u00f3n y color de rueda correctos.  [\/box]<\/div>\n<div><\/div>\n<div>5. A continuaci\u00f3n, confirmaremos tu pedido<\/div>\nPlazo de entrega: 1 - 3 semanas (seg\u00fan modelo y disponibilidad)","_et_gb_content_width":""},"product_brand":[],"product_cat":[674,680],"product_tag":[],"class_list":{"0":"post-62949","1":"product","2":"type-product","3":"status-publish","4":"has-post-thumbnail","6":"product_cat-accesorios-cochecito","7":"product_cat-repuestos-cochecito","8":"product_shipping_class-gratis-dodatek-do-zamowienia-es","10":"first","11":"instock","12":"shipping-taxable","13":"purchasable","14":"product-type-variable"},"aioseo_notices":[],"_links":{"self":[{"href":"https:\/\/lecoindelara.com\/es\/wp-json\/wp\/v2\/product\/62949","targetHints":{"allow":["GET"]}}],"collection":[{"href":"https:\/\/lecoindelara.com\/es\/wp-json\/wp\/v2\/product"}],"about":[{"href":"https:\/\/lecoindelara.com\/es\/wp-json\/wp\/v2\/types\/product"}],"replies":[{"embeddable":true,"href":"https:\/\/lecoindelara.com\/es\/wp-json\/wp\/v2\/comments?post=62949"}],"wp:featuredmedia":[{"embeddable":true,"href":"https:\/\/lecoindelara.com\/es\/wp-json\/wp\/v2\/media\/32732"}],"wp:attachment":[{"href":"https:\/\/lecoindelara.com\/es\/wp-json\/wp\/v2\/media?parent=62949"}],"wp:term":[{"taxonomy":"product_brand","embeddable":true,"href":"https:\/\/lecoindelara.com\/es\/wp-json\/wp\/v2\/product_brand?post=62949"},{"taxonomy":"product_cat","embeddable":true,"href":"https:\/\/lecoindelara.com\/es\/wp-json\/wp\/v2\/product_cat?post=62949"},{"taxonomy":"product_tag","embeddable":true,"href":"https:\/\/lecoindelara.com\/es\/wp-json\/wp\/v2\/product_tag?post=62949"}],"curies":[{"name":"wp","href":"https:\/\/api.w.org\/{rel}","templated":true}]}}