{"id":64014,"date":"2025-09-04T10:11:47","date_gmt":"2025-09-04T09:11:47","guid":{"rendered":"https:\/\/lecoindelara.com\/produit\/adaptadores-para-cochecito-trippy-modulo-de-1-plaza\/"},"modified":"2026-03-16T11:25:03","modified_gmt":"2026-03-16T10:25:03","slug":"adaptadores-para-cochecito-trippy-modulo-de-1-plaza","status":"publish","type":"product","link":"https:\/\/lecoindelara.com\/es\/produit\/adaptadores-para-cochecito-trippy-modulo-de-1-plaza\/","title":{"rendered":"Adaptadores para cochecito TRIPPY &#8211; M\u00f3dulo de 1 plaza"},"content":{"rendered":"<p>[et_pb_section fb_built=\u00bb1&#8243; _builder_version=\u00bb4.16&#8243; custom_padding=\u00bb0px||||false|false\u00bb global_colors_info=\u00bb{}\u00bb][et_pb_row _builder_version=\u00bb4.16&#8243; background_size=\u00bbinitial\u00bb background_position=\u00bbtop_left\u00bb background_repeat=\u00bbrepeat\u00bb width=\u00bb100%\u00bb custom_padding=\u00bb0px||0px||false|false\u00bb global_colors_info=\u00bb{}\u00bb][et_pb_column type=\u00bb4_4&#8243; _builder_version=\u00bb4.16&#8243; custom_padding=\u00bb|||\u00bb global_colors_info=\u00bb{}\u00bb custom_padding__hover=\u00bb|||\u00bb][et_pb_wc_breadcrumb _builder_version=\u00bb4.16&#8243; global_colors_info=\u00bb{}\u00bb][\/et_pb_wc_breadcrumb][et_pb_wc_cart_notice _builder_version=\u00bb4.16&#8243; global_colors_info=\u00bb{}\u00bb][\/et_pb_wc_cart_notice][\/et_pb_column][\/et_pb_row][et_pb_row column_structure=\u00bb1_2,1_2&#8243; _builder_version=\u00bb4.16&#8243; background_size=\u00bbinitial\u00bb background_position=\u00bbtop_left\u00bb background_repeat=\u00bbrepeat\u00bb width=\u00bb100%\u00bb custom_padding=\u00bb0px||||false|false\u00bb global_colors_info=\u00bb{}\u00bb][et_pb_column type=\u00bb1_2&#8243; _builder_version=\u00bb4.16&#8243; custom_padding=\u00bb|||\u00bb global_colors_info=\u00bb{}\u00bb custom_padding__hover=\u00bb|||\u00bb][et_pb_wc_images _builder_version=\u00bb4.27.4&#8243; global_colors_info=\u00bb{}\u00bb][\/et_pb_wc_images][\/et_pb_column][et_pb_column type=\u00bb1_2&#8243; _builder_version=\u00bb4.16&#8243; custom_padding=\u00bb|||\u00bb global_colors_info=\u00bb{}\u00bb custom_padding__hover=\u00bb|||\u00bb][et_pb_wc_title _builder_version=\u00bb4.16&#8243; global_colors_info=\u00bb{}\u00bb][\/et_pb_wc_title][et_pb_image src=\u00bbhttps:\/\/lecoindelara.com\/wp-content\/uploads\/2023\/10\/vente-pousettes-banner.jpg\u00bb title_text=\u00bbvente-pousettes-banner\u00bb _builder_version=\u00bb4.27.4&#8243; _module_preset=\u00bbdefault\u00bb locked=\u00bboff\u00bb global_colors_info=\u00bb{}\u00bb][\/et_pb_image][et_pb_wc_rating _builder_version=\u00bb4.16&#8243; global_colors_info=\u00bb{}\u00bb][\/et_pb_wc_rating][et_pb_wc_price _builder_version=\u00bb4.16&#8243; global_colors_info=\u00bb{}\u00bb][\/et_pb_wc_price][et_pb_wc_description _builder_version=\u00bb4.16&#8243; global_colors_info=\u00bb{}\u00bb][\/et_pb_wc_description][et_pb_wc_add_to_cart _builder_version=\u00bb4.16&#8243; global_colors_info=\u00bb{}\u00bb][\/et_pb_wc_add_to_cart][et_pb_wc_meta _builder_version=\u00bb4.16&#8243; global_colors_info=\u00bb{}\u00bb][\/et_pb_wc_meta][\/et_pb_column][\/et_pb_row][et_pb_row _builder_version=\u00bb4.16&#8243; background_size=\u00bbinitial\u00bb background_position=\u00bbtop_left\u00bb background_repeat=\u00bbrepeat\u00bb width=\u00bb100%\u00bb global_colors_info=\u00bb{}\u00bb][et_pb_column type=\u00bb4_4&#8243; _builder_version=\u00bb4.16&#8243; custom_padding=\u00bb|||\u00bb global_colors_info=\u00bb{}\u00bb custom_padding__hover=\u00bb|||\u00bb][et_pb_wc_tabs _builder_version=\u00bb4.27.4&#8243; global_colors_info=\u00bb{}\u00bb]\t\t\t\t\t[\/et_pb_wc_tabs][et_pb_wc_upsells _builder_version=\u00bb4.27.4&#8243; global_colors_info=\u00bb{}\u00bb][\/et_pb_wc_upsells][et_pb_wc_related_products _builder_version=\u00bb4.16&#8243; global_colors_info=\u00bb{}\u00bb][\/et_pb_wc_related_products][\/et_pb_column][\/et_pb_row][\/et_pb_section]<\/p>\n","protected":false},"excerpt":{"rendered":"<h3><strong>Mejora la versatilidad de tu cochecito TRIPPY y TWINNY con este juego de 2 adaptadores para m\u00f3dulo de 1 plaza. F\u00e1ciles de instalar, estos adaptadores garantizan un ajuste seguro y un uso simplificado durante tus paseos. Entrega r\u00e1pida: de 5 a 7 d\u00edas. <\/strong><\/h3>\n","protected":false},"featured_media":64011,"comment_status":"closed","ping_status":"closed","template":"","meta":{"_et_pb_use_builder":"on","_et_pb_old_content":"","_et_gb_content_width":""},"product_brand":[],"product_cat":[674,680],"product_tag":[],"class_list":{"0":"post-64014","1":"product","2":"type-product","3":"status-publish","4":"has-post-thumbnail","6":"product_cat-accesorios-cochecito","7":"product_cat-repuestos-cochecito","8":"product_shipping_class-gratis-dodatek-do-zamowienia-es","10":"first","11":"instock","12":"shipping-taxable","13":"purchasable","14":"product-type-simple"},"aioseo_notices":[],"_links":{"self":[{"href":"https:\/\/lecoindelara.com\/es\/wp-json\/wp\/v2\/product\/64014","targetHints":{"allow":["GET"]}}],"collection":[{"href":"https:\/\/lecoindelara.com\/es\/wp-json\/wp\/v2\/product"}],"about":[{"href":"https:\/\/lecoindelara.com\/es\/wp-json\/wp\/v2\/types\/product"}],"replies":[{"embeddable":true,"href":"https:\/\/lecoindelara.com\/es\/wp-json\/wp\/v2\/comments?post=64014"}],"wp:featuredmedia":[{"embeddable":true,"href":"https:\/\/lecoindelara.com\/es\/wp-json\/wp\/v2\/media\/64011"}],"wp:attachment":[{"href":"https:\/\/lecoindelara.com\/es\/wp-json\/wp\/v2\/media?parent=64014"}],"wp:term":[{"taxonomy":"product_brand","embeddable":true,"href":"https:\/\/lecoindelara.com\/es\/wp-json\/wp\/v2\/product_brand?post=64014"},{"taxonomy":"product_cat","embeddable":true,"href":"https:\/\/lecoindelara.com\/es\/wp-json\/wp\/v2\/product_cat?post=64014"},{"taxonomy":"product_tag","embeddable":true,"href":"https:\/\/lecoindelara.com\/es\/wp-json\/wp\/v2\/product_tag?post=64014"}],"curies":[{"name":"wp","href":"https:\/\/api.w.org\/{rel}","templated":true}]}}