{"id":64199,"date":"2025-10-28T16:34:12","date_gmt":"2025-10-28T15:34:12","guid":{"rendered":"https:\/\/lecoindelara.com\/produit\/cochecito-compatible-con-el-coche-para-perros-y-mascotas-pequenas\/"},"modified":"2026-03-16T11:14:31","modified_gmt":"2026-03-16T10:14:31","slug":"cochecito-compatible-con-el-coche-para-perros-y-mascotas-pequenas","status":"publish","type":"product","link":"https:\/\/lecoindelara.com\/es\/produit\/cochecito-compatible-con-el-coche-para-perros-y-mascotas-pequenas\/","title":{"rendered":"Cochecito compatible con el coche para perros y mascotas peque\u00f1as"},"content":{"rendered":"<p>[et_pb_section fb_built=\u00bb1&#8243; _builder_version=\u00bb4.16&#8243; _module_preset=\u00bbdefault\u00bb custom_padding=\u00bb0px||8px||false|false\u00bb global_colors_info=\u00bb{}\u00bb][et_pb_row column_structure=\u00bb1_2,1_2&#8243; _builder_version=\u00bb4.16&#8243; _module_preset=\u00bbdefault\u00bb background_size=\u00bbinitial\u00bb background_position=\u00bbtop_left\u00bb background_repeat=\u00bbrepeat\u00bb width=\u00bb100%\u00bb custom_padding=\u00bb0px||||false|false\u00bb global_colors_info=\u00bb{}\u00bb][et_pb_column type=\u00bb1_2&#8243; _builder_version=\u00bb4.16&#8243; _module_preset=\u00bbdefault\u00bb custom_padding=\u00bb|||\u00bb global_colors_info=\u00bb{}\u00bb custom_padding__hover=\u00bb|||\u00bb][et_pb_wc_images _builder_version=\u00bb4.27.0&#8243; _module_preset=\u00bbdefault\u00bb global_colors_info=\u00bb{}\u00bb][\/et_pb_wc_images][\/et_pb_column][et_pb_column type=\u00bb1_2&#8243; _builder_version=\u00bb4.16&#8243; _module_preset=\u00bbdefault\u00bb custom_padding=\u00bb|||\u00bb global_colors_info=\u00bb{}\u00bb custom_padding__hover=\u00bb|||\u00bb][et_pb_wc_breadcrumb _builder_version=\u00bb4.23.4&#8243; _module_preset=\u00bbdefault\u00bb global_colors_info=\u00bb{}\u00bb][\/et_pb_wc_breadcrumb][et_pb_wc_title _builder_version=\u00bb4.23.1&#8243; _module_preset=\u00bbdefault\u00bb header_font=\u00bbMontserrat|600|||||||\u00bb custom_margin=\u00bb||-1px|||\u00bb global_colors_info=\u00bb{}\u00bb][\/et_pb_wc_title][et_pb_wc_rating _builder_version=\u00bb4.23.1&#8243; _module_preset=\u00bbdefault\u00bb rating_text_color=\u00bb#f7f700&#8243; body_text_color=\u00bb#000000&#8243; custom_padding=\u00bb0px|||||\u00bb global_colors_info=\u00bb{}\u00bb][\/et_pb_wc_rating][et_pb_wc_description _builder_version=\u00bb4.23.1&#8243; _module_preset=\u00bbdefault\u00bb header_2_font=\u00bbMontserrat||||||||\u00bb header_2_font_size=\u00bb20px\u00bb custom_margin=\u00bb-1px||24px|||\u00bb global_colors_info=\u00bb{}\u00bb][\/et_pb_wc_description][et_pb_image src=\u00bbhttps:\/\/lecoindelara.com\/wp-content\/uploads\/2025\/01\/venta-carrito-banner.jpg\u00bb title_text=\u00bbventa carrito-banner\u00bb _builder_version=\u00bb4.27.0&#8243; _module_preset=\u00bbdefault\u00bb custom_margin=\u00bb-31px|||||\u00bb global_colors_info=\u00bb{}\u00bb][\/et_pb_image][et_pb_wc_price _builder_version=\u00bb4.23.1&#8243; _module_preset=\u00bbdefault\u00bb body_font=\u00bb|700|||||||\u00bb body_text_color=\u00bb#000000&#8243; sale_price_text_color=\u00bb#000000&#8243; sale_price_font_size=\u00bb30px\u00bb global_colors_info=\u00bb{}\u00bb][\/et_pb_wc_price][et_pb_wc_add_to_cart show_quantity=\u00bboff\u00bb module_id=\u00bbshop\u00bb _builder_version=\u00bb4.23.1&#8243; _module_preset=\u00bbdefault\u00bb custom_button=\u00bbon\u00bb button_text_size=\u00bb24px\u00bb button_text_color=\u00bb#FFFFFF\u00bb button_bg_color=\u00bb#000000&#8243; custom_margin=\u00bb||7px|||\u00bb global_colors_info=\u00bb{}\u00bb][\/et_pb_wc_add_to_cart][\/et_pb_column][\/et_pb_row][\/et_pb_section][et_pb_section fb_built=\u00bb1&#8243; _builder_version=\u00bb4.22.2&#8243; _module_preset=\u00bbdefault\u00bb custom_margin=\u00bb3px|||||\u00bb custom_padding=\u00bb2px||18px|||\u00bb global_colors_info=\u00bb{}\u00bb][et_pb_row _builder_version=\u00bb4.27.2&#8243; _module_preset=\u00bbdefault\u00bb global_colors_info=\u00bb{}\u00bb][et_pb_column type=\u00bb4_4&#8243; _builder_version=\u00bb4.27.2&#8243; _module_preset=\u00bbdefault\u00bb global_colors_info=\u00bb{}\u00bb][et_pb_text _builder_version=\u00bb4.27.4&#8243; _module_preset=\u00bbdefault\u00bb global_colors_info=\u00bb{}\u00bb]<\/p>\n<p>Dale a tu mascota la comodidad y seguridad que se merece con el <strong data-start=\"1393\" data-end=\"1428\">cochecito para perros JUNAMA<\/strong>. El primer cochecito para mascotas con <strong data-start=\"1476\" data-end=\"1505\">capazo ISOFIX homologado<\/strong>, te permite viajar y pasear sin compromisos. Ligero, elegante y ultraseguro, este cochecito es tan adecuado para perros como para gatos y animales peque\u00f1os. En un momento en que las sujeciones para animales se est\u00e1n convirtiendo progresivamente en <strong data-start=\"1748\" data-end=\"1775\">obligatorias en el autom\u00f3vil<\/strong>, el JUNAMA Animals te adelanta a la nueva normativa.   <\/p>\n<p>[\/et_pb_text][et_pb_image src=\u00bbhttps:\/\/lecoindelara.com\/wp-content\/uploads\/2025\/10\/Poussette-pour-animaux.jpg\u00bb alt=\u00bbcochecito para perros con capazo, asiento homologado para transportar animales en el coche\u00bb title_text=\u00bbCochecito para mascotas\u00bb url=\u00bbhttps:\/\/www.youtube.com\/shorts\/JQ7kIyBr9SE\u00bb _builder_version=\u00bb4.27.4&#8243; _module_preset=\u00bbdefault\u00bb global_colors_info=\u00bb{}\u00bb][\/et_pb_image][et_pb_image src=\u00bbhttps:\/\/lecoindelara.com\/wp-content\/uploads\/2025\/10\/poussette-animaux-isofix-voiture.jpg\u00bb alt=\u00bbcochecito isofix\u00bb title_text=\u00bbcochecito animal isofix\u00bb disabled_on=\u00bboff|off|on\u00bb _builder_version=\u00bb4.27.4&#8243; _module_preset=\u00bbdefault\u00bb global_colors_info=\u00bb{}\u00bb][\/et_pb_image][\/et_pb_column][\/et_pb_row][\/et_pb_section][et_pb_section fb_built=\u00bb1&#8243; admin_label=\u00bbFeatures\u00bb _builder_version=\u00bb4.22.2&#8243; _module_preset=\u00bbdefault\u00bb background_color=\u00bb#f2f2f2&#8243; custom_margin=\u00bb-1px||35px|||\u00bb custom_padding=\u00bb22px||12px|||\u00bb locked=\u00bboff\u00bb global_colors_info=\u00bb{}\u00bb][et_pb_row column_structure=\u00bb1_3,1_3,1_3&#8243; _builder_version=\u00bb4.22.2&#8243; _module_preset=\u00bbdefault\u00bb custom_margin=\u00bb5px|auto|1px|auto|false|false\u00bb border_color_top=\u00bb#FFFFFF\u00bb border_style_top=\u00bbnone\u00bb border_style_bottom=\u00bbnone\u00bb global_colors_info=\u00bb{}\u00bb][et_pb_column type=\u00bb1_3&#8243; _builder_version=\u00bb4.16&#8243; _module_preset=\u00bbdefault\u00bb global_colors_info=\u00bb{}\u00bb][et_pb_blurb title=\u00bbCapazo ISOFIX homologado para el coche.\u00bb use_icon=\u00bbon\u00bb font_icon=\u00bb&#xe012;||divi||400&#8243; icon_color=\u00bb#000000&#8243; image_icon_width=\u00bb40px\u00bb content_max_width=\u00bb100%\u00bb _builder_version=\u00bb4.27.0&#8243; _module_preset=\u00bbdefault\u00bb header_font=\u00bbMontserrat|700|||||||\u00bb header_font_size=\u00bb20px\u00bb header_line_height=\u00bb1.2em\u00bb body_font=\u00bbMontserrat||||||||\u00bb text_orientation=\u00bbcenter\u00bb custom_margin=\u00bb3px||19px|||\u00bb animation=\u00bboff\u00bb header_font_size_tablet=\u00bb18px\u00bb header_font_size_phone=\u00bb16px\u00bb header_font_size_last_edited=\u00bbon|phone\u00bb body_font_size_tablet=\u00bb\u00bb body_font_size_phone=\u00bb13px\u00bb body_font_size_last_edited=\u00bbon|phone\u00bb locked=\u00bboff\u00bb global_colors_info=\u00bb{}\u00bb]<\/p>\n<p>El nuevo cochecito Junama Animals combina seguridad automovil\u00edstica, comodidad absoluta y dise\u00f1o de alta costura. En un momento en que el transporte de animales en capazos seguros est\u00e1 a punto de ser obligatorio, \u00a1adel\u00e1ntate! <\/p>\n<div> <\/div>\n<p>[\/et_pb_blurb][et_pb_blurb title=\u00bbChasis de alto rendimiento\u00bb use_icon=\u00bbon\u00bb font_icon=\u00bb&#xe012;||divi||400&#8243; icon_color=\u00bb#000000&#8243; image_icon_width=\u00bb40px\u00bb content_max_width=\u00bb100%\u00bb _builder_version=\u00bb4.27.0&#8243; _module_preset=\u00bbdefault\u00bb header_font=\u00bbMontserrat|700|||||||\u00bb header_font_size=\u00bb20px\u00bb header_line_height=\u00bb1.2em\u00bb body_font=\u00bbMontserrat||||||||\u00bb text_orientation=\u00bbcenter\u00bb custom_margin=\u00bb3px||19px|||\u00bb animation=\u00bboff\u00bb header_font_size_tablet=\u00bb18px\u00bb header_font_size_phone=\u00bb16px\u00bb header_font_size_last_edited=\u00bbon|phone\u00bb body_font_size_tablet=\u00bb\u00bb body_font_size_phone=\u00bb13px\u00bb body_font_size_last_edited=\u00bbon|phone\u00bb locked=\u00bboff\u00bb global_colors_info=\u00bb{}\u00bb]<\/p>\n<p>Ligeras y duraderas &#8211; Ruedas de 360\u00b0 con suspensi\u00f3n soft-ride. Freno de mano centralizado. Asa telesc\u00f3pica regulable en altura.<\/p>\n<div> <\/div>\n<p>[\/et_pb_blurb][et_pb_blurb title=\u00bbComodidad y almacenamiento\u00bb use_icon=\u00bbon\u00bb font_icon=\u00bb&#xe012;||divi||400&#8243; icon_color=\u00bb#000000&#8243; image_icon_width=\u00bb40px\u00bb content_max_width=\u00bb100%\u00bb _builder_version=\u00bb4.27.0&#8243; _module_preset=\u00bbdefault\u00bb header_font=\u00bbMontserrat|700|||||||\u00bb header_font_size=\u00bb20px\u00bb header_line_height=\u00bb1.2em\u00bb body_font=\u00bbMontserrat||||||||\u00bb text_orientation=\u00bbcenter\u00bb custom_margin=\u00bb3px||19px|||\u00bb animation=\u00bboff\u00bb header_font_size_tablet=\u00bb18px\u00bb header_font_size_phone=\u00bb16px\u00bb header_font_size_last_edited=\u00bbon|phone\u00bb body_font_size_tablet=\u00bb\u00bb body_font_size_phone=\u00bb13px\u00bb body_font_size_last_edited=\u00bbon|phone\u00bb locked=\u00bboff\u00bb global_colors_info=\u00bb{}\u00bb]<\/p>\n<p>Bolsa cambiador a juego. Soporte para smartphone integrado en el manillar. Cesta XXL. Sistema Clip&#8217;n-Go: el capazo se separa del chasis en 2 segundos. Del coche al paseo sin despertar a tu mascota    <\/p>\n<div> <\/div>\n<p>[\/et_pb_blurb][\/et_pb_column][et_pb_column type=\u00bb1_3&#8243; _builder_version=\u00bb4.16&#8243; _module_preset=\u00bbdefault\u00bb global_colors_info=\u00bb{}\u00bb][\/et_pb_column][et_pb_column type=\u00bb1_3&#8243; _builder_version=\u00bb4.16&#8243; _module_preset=\u00bbdefault\u00bb global_colors_info=\u00bb{}\u00bb][et_pb_blurb title=\u00bbFabricado en Europa\u00bb use_icon=\u00bbon\u00bb font_icon=\u00bb&#xe030;||divi||400&#8243; icon_color=\u00bb#000000&#8243; image_icon_width=\u00bb40px\u00bb content_max_width=\u00bb100%\u00bb _builder_version=\u00bb4.27.0&#8243; _module_preset=\u00bbdefault\u00bb header_font=\u00bbMontserrat|700|||||||\u00bb header_font_size=\u00bb20px\u00bb header_line_height=\u00bb1.2em\u00bb body_font=\u00bbMontserrat||||||||\u00bb text_orientation=\u00bbcenter\u00bb animation=\u00bboff\u00bb header_font_size_tablet=\u00bb18px\u00bb header_font_size_phone=\u00bb16px\u00bb header_font_size_last_edited=\u00bbon|phone\u00bb body_font_size_tablet=\u00bb\u00bb body_font_size_phone=\u00bb13px\u00bb body_font_size_last_edited=\u00bbon|phone\u00bb locked=\u00bboff\u00bb global_colors_info=\u00bb{}\u00bb]<\/p>\n<p><img decoding=\"async\" class=\"wp-image-23879 alignnone \" src=\"https:\/\/lecoindelara.com\/wp-content\/uploads\/2016\/11\/logo_oekotex_Natura_DMC.jpg\" alt=\"\" width=\"285\" height=\"191\" srcset=\"https:\/\/lecoindelara.com\/wp-content\/uploads\/2016\/11\/logo_oekotex_Natura_DMC.jpg 715w, https:\/\/lecoindelara.com\/wp-content\/uploads\/2016\/11\/logo_oekotex_Natura_DMC-700x468.jpg 700w, https:\/\/lecoindelara.com\/wp-content\/uploads\/2016\/11\/logo_oekotex_Natura_DMC-300x201.jpg 300w, https:\/\/lecoindelara.com\/wp-content\/uploads\/2016\/11\/logo_oekotex_Natura_DMC-510x341.jpg 510w\" sizes=\"(max-width: 285px) 100vw, 285px\" \/><\/p>\n<p>[\/et_pb_blurb][\/et_pb_column][\/et_pb_row][\/et_pb_section][et_pb_section fb_built=\u00bb1&#8243; _builder_version=\u00bb4.27.4&#8243; _module_preset=\u00bbdefault\u00bb global_colors_info=\u00bb{}\u00bb][et_pb_row _builder_version=\u00bb4.27.4&#8243; _module_preset=\u00bbdefault\u00bb global_colors_info=\u00bb{}\u00bb][et_pb_column type=\u00bb4_4&#8243; _builder_version=\u00bb4.27.4&#8243; _module_preset=\u00bbdefault\u00bb global_colors_info=\u00bb{}\u00bb][et_pb_text _builder_version=\u00bb4.27.4&#8243; _module_preset=\u00bbdefault\u00bb global_colors_info=\u00bb{}\u00bb]<\/p>\n<h3 data-start=\"2048\" data-end=\"2093\">Seguridad del autom\u00f3vil y homologaci\u00f3n ISOFIX<\/h3>\n<p data-start=\"2094\" data-end=\"2420\">El <strong data-start=\"2097\" data-end=\"2140\">cochecito para perros JUNAMA Animals<\/strong> es el primero de su clase que incluye un <strong data-start=\"2181\" data-end=\"2209\">capazo con certificaci\u00f3n ISOFIX<\/strong>. Tu mascota viaja con total seguridad, bien sujeta como una sillita de beb\u00e9. Esta tecnolog\u00eda de vanguardia ya cumple las nuevas recomendaciones europeas para el <strong data-start=\"2383\" data-end=\"2417\">transporte seguro de animales<\/strong>.  <\/p>\n<h3 data-start=\"2422\" data-end=\"2451\">Chasis de alto rendimiento<\/h3>\n<p data-start=\"2452\" data-end=\"2818\">Fabricada en aluminio reforzado, la silla de paseo JUNAMA ofrece el equilibrio perfecto entre <strong data-start=\"2538\" data-end=\"2564\">ligereza y resistencia<\/strong>. Las <g id=\"gid_1\">ruedas de 360\u00b0 con suspensi\u00f3n soft-ride<\/g> garantizan una maniobrabilidad suave en cualquier terreno. El <strong data-start=\"2666\" data-end=\"2698\">freno de estacionamiento central<\/strong> y el <strong data-start=\"2705\" data-end=\"2738\">manillar telesc\u00f3pico ajustable<\/strong> garantizan un confort \u00f3ptimo, incluso en los paseos largos.  <\/p>\n<h3 data-start=\"2820\" data-end=\"2844\">Confort y comodidad<\/h3>\n<p data-start=\"2845\" data-end=\"3207\">Cada detalle se ha dise\u00f1ado para facilitar la vida al propietario. El <g id=\"gid_0\">capazo se separa del chasis en s\u00f3lo 2 segundos<\/g> gracias al sistema Clip&#8217;n-Go, para que puedas pasar del coche al paseo sin despertar a tu mascota. La <strong data-start=\"3072\" data-end=\"3096\">bolsa cambiador a juego<\/strong>, el <strong data-start=\"3101\" data-end=\"3129\">soporte integrado para smartphone<\/strong> y <strong data-start=\"3136\" data-end=\"3150\">la cesta XXL<\/strong> hacen de este cochecito un aut\u00e9ntico aliado para el d\u00eda a d\u00eda.  <\/p>\n<h3 data-start=\"3209\" data-end=\"3233\">Dise\u00f1o de alta gama<\/h3>\n<p data-start=\"3234\" data-end=\"3543\">Inspirado en el mundo de la moda, el <strong data-start=\"3271\" data-end=\"3311\">cochecito para animales peque\u00f1os JUNAMA<\/strong> combina elegancia y funcionalidad. Los acabados de lujo y los materiales de primera calidad hacen que este modelo sea a la vez pr\u00e1ctico y atractivo, para propietarios que exigen lo mejor para sus mascotas. <\/p>\n<p>[\/et_pb_text][\/et_pb_column][\/et_pb_row][\/et_pb_section][et_pb_section fb_built=\u00bb1&#8243; _builder_version=\u00bb4.23.1&#8243; _module_preset=\u00bbdefault\u00bb background_color=\u00bb#f4f4f4&#8243; custom_padding=\u00bb22px||36px|||\u00bb global_colors_info=\u00bb{}\u00bb][et_pb_row _builder_version=\u00bb4.22.2&#8243; _module_preset=\u00bbdefault\u00bb custom_padding=\u00bb10px|||||\u00bb global_colors_info=\u00bb{}\u00bb][et_pb_column type=\u00bb4_4&#8243; _builder_version=\u00bb4.22.2&#8243; _module_preset=\u00bbdefault\u00bb global_colors_info=\u00bb{}\u00bb][et_pb_text admin_label=\u00bbNos clients en parlent\u00bb _builder_version=\u00bb4.23.4&#8243; _module_preset=\u00bbdefault\u00bb header_2_font=\u00bbMontserrat|700|||||||\u00bb header_2_text_color=\u00bb#000000&#8243; header_2_font_size=\u00bb50px\u00bb header_2_line_height=\u00bb1.2em\u00bb header_3_font=\u00bbMontserrat|600|||||||\u00bb header_3_font_size=\u00bb30px\u00bb header_4_font=\u00bbMontserrat|600|||||||\u00bb header_4_font_size=\u00bb31px\u00bb custom_margin=\u00bb27px||4px||false|false\u00bb header_font_size_tablet=\u00bb\u00bb header_font_size_phone=\u00bb\u00bb header_font_size_last_edited=\u00bbon|phone\u00bb header_2_font_size_tablet=\u00bb32px\u00bb header_2_font_size_phone=\u00bb18px\u00bb header_2_font_size_last_edited=\u00bbon|tablet\u00bb locked=\u00bboff\u00bb global_colors_info=\u00bb{}\u00bb]<\/p>\n<h4 style=\"text-align: center;\">Nuestros clientes hablan de ello<\/h4>\n<p>[\/et_pb_text][et_pb_social_media_follow _builder_version=\u00bb4.23.4&#8243; _module_preset=\u00bbdefault\u00bb text_orientation=\u00bbcenter\u00bb global_colors_info=\u00bb{}\u00bb][et_pb_social_media_follow_network social_network=\u00bbfacebook\u00bb url=\u00bbhttps:\/\/www.facebook.com\/Lecoindelara\u00bb _builder_version=\u00bb4.23.1&#8243; _module_preset=\u00bbdefault\u00bb background_color=\u00bb#3b5998&#8243; global_colors_info=\u00bb{}\u00bb follow_button=\u00bboff\u00bb url_new_window=\u00bbon\u00bb]facebook[\/et_pb_social_media_follow_network][et_pb_social_media_follow_network social_network=\u00bbinstagram\u00bb url=\u00bbhttps:\/\/www.instagram.com\/lecoindelara\/\u00bb _builder_version=\u00bb4.23.1&#8243; _module_preset=\u00bbdefault\u00bb background_color=\u00bb#ea2c59&#8243; global_colors_info=\u00bb{}\u00bb follow_button=\u00bboff\u00bb url_new_window=\u00bbon\u00bb]instagram[\/et_pb_social_media_follow_network][et_pb_social_media_follow_network social_network=\u00bbtiktok\u00bb url=\u00bbhttps:\/\/www.tiktok.com\/@lecoindelara\u00bb _builder_version=\u00bb4.23.1&#8243; _module_preset=\u00bbdefault\u00bb background_color=\u00bb#fe2c55&#8243; global_colors_info=\u00bb{}\u00bb follow_button=\u00bboff\u00bb url_new_window=\u00bbon\u00bb]tiktok[\/et_pb_social_media_follow_network][et_pb_social_media_follow_network social_network=\u00bbyoutube\u00bb url=\u00bbhttps:\/\/www.youtube.com\/channel\/UCz3GwLsl_N-6fGIvjuCUAKA\u00bb _builder_version=\u00bb4.23.1&#8243; _module_preset=\u00bbdefault\u00bb background_color=\u00bb#a82400&#8243; global_colors_info=\u00bb{}\u00bb follow_button=\u00bboff\u00bb url_new_window=\u00bbon\u00bb]youtube[\/et_pb_social_media_follow_network][et_pb_social_media_follow_network social_network=\u00bbpinterest\u00bb url=\u00bbhttps:\/\/pin.it\/9rNGnED\u00bb _builder_version=\u00bb4.23.1&#8243; _module_preset=\u00bbdefault\u00bb background_color=\u00bb#cb2027&#8243; global_colors_info=\u00bb{}\u00bb follow_button=\u00bboff\u00bb url_new_window=\u00bbon\u00bb]pinterest[\/et_pb_social_media_follow_network][\/et_pb_social_media_follow][\/et_pb_column][\/et_pb_row][et_pb_row column_structure=\u00bb1_3,1_3,1_3&#8243; disabled_on=\u00bboff|off|on\u00bb _builder_version=\u00bb4.27.2&#8243; _module_preset=\u00bbdefault\u00bb global_colors_info=\u00bb{}\u00bb][et_pb_column type=\u00bb1_3&#8243; _builder_version=\u00bb4.24.2&#8243; _module_preset=\u00bbdefault\u00bb global_colors_info=\u00bb{}\u00bb][\/et_pb_column][et_pb_column type=\u00bb1_3&#8243; _builder_version=\u00bb4.24.2&#8243; _module_preset=\u00bbdefault\u00bb global_colors_info=\u00bb{}\u00bb][\/et_pb_column][et_pb_column type=\u00bb1_3&#8243; _builder_version=\u00bb4.24.2&#8243; _module_preset=\u00bbdefault\u00bb global_colors_info=\u00bb{}\u00bb][et_pb_image src=\u00bbhttps:\/\/lecoindelara.com\/wp-content\/uploads\/2025\/01\/es.png\u00bb title_text=\u00bble coin de lara contacto\u00bb _builder_version=\u00bb4.27.0&#8243; _module_preset=\u00bbdefault\u00bb global_colors_info=\u00bb{}\u00bb][\/et_pb_image][et_pb_contact_form _builder_version=\u00bb4.23.1&#8243; _module_preset=\u00bbdefault\u00bb _unique_id=\u00bb576acabf-9610-46e6-81be-7e8985997d8f\u00bb global_colors_info=\u00bb{}\u00bb][et_pb_contact_field field_id=\u00bbName\u00bb field_title=\u00bbNombre\u00bb _builder_version=\u00bb4.16&#8243; _module_preset=\u00bbdefault\u00bb global_colors_info=\u00bb{}\u00bb button_text_size__hover_enabled=\u00bboff\u00bb button_one_text_size__hover_enabled=\u00bboff\u00bb button_two_text_size__hover_enabled=\u00bboff\u00bb button_text_color__hover_enabled=\u00bboff\u00bb button_one_text_color__hover_enabled=\u00bboff\u00bb button_two_text_color__hover_enabled=\u00bboff\u00bb button_border_width__hover_enabled=\u00bboff\u00bb button_one_border_width__hover_enabled=\u00bboff\u00bb button_two_border_width__hover_enabled=\u00bboff\u00bb button_border_color__hover_enabled=\u00bboff\u00bb button_one_border_color__hover_enabled=\u00bboff\u00bb button_two_border_color__hover_enabled=\u00bboff\u00bb button_border_radius__hover_enabled=\u00bboff\u00bb button_one_border_radius__hover_enabled=\u00bboff\u00bb button_two_border_radius__hover_enabled=\u00bboff\u00bb button_letter_spacing__hover_enabled=\u00bboff\u00bb button_one_letter_spacing__hover_enabled=\u00bboff\u00bb button_two_letter_spacing__hover_enabled=\u00bboff\u00bb button_bg_color__hover_enabled=\u00bboff\u00bb button_one_bg_color__hover_enabled=\u00bboff\u00bb button_two_bg_color__hover_enabled=\u00bboff\u00bb][\/et_pb_contact_field][et_pb_contact_field field_id=\u00bbEmail\u00bb field_title=\u00bbCorreo electr\u00f3nico\u00bb field_type=\u00bbemail\u00bb _builder_version=\u00bb4.16&#8243; _module_preset=\u00bbdefault\u00bb global_colors_info=\u00bb{}\u00bb button_text_size__hover_enabled=\u00bboff\u00bb button_one_text_size__hover_enabled=\u00bboff\u00bb button_two_text_size__hover_enabled=\u00bboff\u00bb button_text_color__hover_enabled=\u00bboff\u00bb button_one_text_color__hover_enabled=\u00bboff\u00bb button_two_text_color__hover_enabled=\u00bboff\u00bb button_border_width__hover_enabled=\u00bboff\u00bb button_one_border_width__hover_enabled=\u00bboff\u00bb button_two_border_width__hover_enabled=\u00bboff\u00bb button_border_color__hover_enabled=\u00bboff\u00bb button_one_border_color__hover_enabled=\u00bboff\u00bb button_two_border_color__hover_enabled=\u00bboff\u00bb button_border_radius__hover_enabled=\u00bboff\u00bb button_one_border_radius__hover_enabled=\u00bboff\u00bb button_two_border_radius__hover_enabled=\u00bboff\u00bb button_letter_spacing__hover_enabled=\u00bboff\u00bb button_one_letter_spacing__hover_enabled=\u00bboff\u00bb button_two_letter_spacing__hover_enabled=\u00bboff\u00bb button_bg_color__hover_enabled=\u00bboff\u00bb button_one_bg_color__hover_enabled=\u00bboff\u00bb button_two_bg_color__hover_enabled=\u00bboff\u00bb][\/et_pb_contact_field][et_pb_contact_field field_id=\u00bbMessage\u00bb field_title=\u00bbMensaje\u00bb field_type=\u00bbtext\u00bb fullwidth_field=\u00bbon\u00bb _builder_version=\u00bb4.16&#8243; _module_preset=\u00bbdefault\u00bb global_colors_info=\u00bb{}\u00bb button_text_size__hover_enabled=\u00bboff\u00bb button_one_text_size__hover_enabled=\u00bboff\u00bb button_two_text_size__hover_enabled=\u00bboff\u00bb button_text_color__hover_enabled=\u00bboff\u00bb button_one_text_color__hover_enabled=\u00bboff\u00bb button_two_text_color__hover_enabled=\u00bboff\u00bb button_border_width__hover_enabled=\u00bboff\u00bb button_one_border_width__hover_enabled=\u00bboff\u00bb button_two_border_width__hover_enabled=\u00bboff\u00bb button_border_color__hover_enabled=\u00bboff\u00bb button_one_border_color__hover_enabled=\u00bboff\u00bb button_two_border_color__hover_enabled=\u00bboff\u00bb button_border_radius__hover_enabled=\u00bboff\u00bb button_one_border_radius__hover_enabled=\u00bboff\u00bb button_two_border_radius__hover_enabled=\u00bboff\u00bb button_letter_spacing__hover_enabled=\u00bboff\u00bb button_one_letter_spacing__hover_enabled=\u00bboff\u00bb button_two_letter_spacing__hover_enabled=\u00bboff\u00bb button_bg_color__hover_enabled=\u00bboff\u00bb button_one_bg_color__hover_enabled=\u00bboff\u00bb button_two_bg_color__hover_enabled=\u00bboff\u00bb][\/et_pb_contact_field][\/et_pb_contact_form][\/et_pb_column][\/et_pb_row][\/et_pb_section][et_pb_section fb_built=\u00bb1&#8243; _builder_version=\u00bb4.23.1&#8243; _module_preset=\u00bbdefault\u00bb global_colors_info=\u00bb{}\u00bb][et_pb_row _builder_version=\u00bb4.16&#8243; _module_preset=\u00bbdefault\u00bb background_size=\u00bbinitial\u00bb background_position=\u00bbtop_left\u00bb background_repeat=\u00bbrepeat\u00bb width=\u00bb100%\u00bb custom_margin=\u00bb27px|auto||auto||\u00bb global_colors_info=\u00bb{}\u00bb][et_pb_column type=\u00bb4_4&#8243; _builder_version=\u00bb4.16&#8243; _module_preset=\u00bbdefault\u00bb custom_padding=\u00bb|||\u00bb global_colors_info=\u00bb{}\u00bb custom_padding__hover=\u00bb|||\u00bb][et_pb_wc_related_products include_categories=\u00bb116,169,136,214&#8243; _builder_version=\u00bb4.27.0&#8243; _module_preset=\u00bbdefault\u00bb rating_text_color=\u00bb#f9e900&#8243; global_colors_info=\u00bb{}\u00bb][\/et_pb_wc_related_products][et_pb_text _builder_version=\u00bb4.27.4&#8243; _module_preset=\u00bbdefault\u00bb global_colors_info=\u00bb{}\u00bb]<\/p>\n<p data-start=\"999\" data-end=\"1057\"><span style=\"color: #ffffff;\">cochecito perro  <\/span><\/p>\n<p data-start=\"999\" data-end=\"1057\"><span style=\"color: #ffffff;\">cochecito para animales peque\u00f1os<\/span><\/p>\n<p data-start=\"1094\" data-end=\"1121\"><span style=\"color: #ffffff;\">cochecito animal<\/span><\/p>\n<p data-start=\"1124\" data-end=\"1147\"><span style=\"color: #ffffff;\">coche transport\u00edn para perros<\/span><\/p>\n<p data-start=\"1150\" data-end=\"1177\"><span style=\"color: #ffffff;\">transporte de animales en coche<\/span><\/p>\n<p data-start=\"1180\" data-end=\"1198\"><span style=\"color: #ffffff;\">Cochecito ISOFIX<\/span><\/p>\n<p data-start=\"1201\" data-end=\"1223\"><span style=\"color: #ffffff;\">cochecito de lujo para perros<\/span><\/p>\n<p data-start=\"1226\" data-end=\"1253\"><span style=\"color: #ffffff;\">transporte seguro de animales<\/span><\/p>\n<p>[\/et_pb_text][\/et_pb_column][\/et_pb_row][\/et_pb_section]<\/p>\n","protected":false},"excerpt":{"rendered":"<p>El primer cochecito de gama alta para mascotas con capazo <strong>ISOFIX homologado para el coche<\/strong>. Sistema de clip ultrarr\u00e1pido, chasis robusto y maniobrable. <\/p>\n","protected":false},"featured_media":64184,"comment_status":"closed","ping_status":"closed","template":"","meta":{"_et_pb_use_builder":"on","_et_pb_old_content":"","_et_gb_content_width":""},"product_brand":[],"product_cat":[724],"product_tag":[],"class_list":{"0":"post-64199","1":"product","2":"type-product","3":"status-publish","4":"has-post-thumbnail","6":"product_cat-carritos-perros-mascotas","7":"product_shipping_class-gratis-dodatek-do-zamowienia-es","9":"first","10":"instock","11":"sale","12":"shipping-taxable","13":"purchasable","14":"product-type-simple"},"aioseo_notices":[],"_links":{"self":[{"href":"https:\/\/lecoindelara.com\/es\/wp-json\/wp\/v2\/product\/64199","targetHints":{"allow":["GET"]}}],"collection":[{"href":"https:\/\/lecoindelara.com\/es\/wp-json\/wp\/v2\/product"}],"about":[{"href":"https:\/\/lecoindelara.com\/es\/wp-json\/wp\/v2\/types\/product"}],"replies":[{"embeddable":true,"href":"https:\/\/lecoindelara.com\/es\/wp-json\/wp\/v2\/comments?post=64199"}],"wp:featuredmedia":[{"embeddable":true,"href":"https:\/\/lecoindelara.com\/es\/wp-json\/wp\/v2\/media\/64184"}],"wp:attachment":[{"href":"https:\/\/lecoindelara.com\/es\/wp-json\/wp\/v2\/media?parent=64199"}],"wp:term":[{"taxonomy":"product_brand","embeddable":true,"href":"https:\/\/lecoindelara.com\/es\/wp-json\/wp\/v2\/product_brand?post=64199"},{"taxonomy":"product_cat","embeddable":true,"href":"https:\/\/lecoindelara.com\/es\/wp-json\/wp\/v2\/product_cat?post=64199"},{"taxonomy":"product_tag","embeddable":true,"href":"https:\/\/lecoindelara.com\/es\/wp-json\/wp\/v2\/product_tag?post=64199"}],"curies":[{"name":"wp","href":"https:\/\/api.w.org\/{rel}","templated":true}]}}