{"id":67333,"date":"2019-11-14T10:50:23","date_gmt":"2019-11-14T09:50:23","guid":{"rendered":"https:\/\/lecoindelara.com\/produit\/fijacion-del-capo-del-cochecito\/"},"modified":"2026-01-09T15:40:05","modified_gmt":"2026-01-09T14:40:05","slug":"fijacion-del-capo-del-cochecito","status":"publish","type":"product","link":"https:\/\/lecoindelara.com\/es\/produit\/fijacion-del-capo-del-cochecito\/","title":{"rendered":"Fijaci\u00f3n del cap\u00f3 del cochecito"},"content":{"rendered":"<p>Si el modelo de tu cochecito no aparece en la lista, ind\u00edcanos el modelo por correo electr\u00f3nico y env\u00edanos una foto de la pieza<\/p>\n<p>Set Fijaci\u00f3n capote poussette<\/p>\n<p>Compatible con los modelos: Qbaro, L-Go, Miracle, Margaret, White Lux, Gold Lux, Aluway, Tropical,<strong> otros (pregunta por correo electr\u00f3nico antes de hacer el pedido)<\/strong><br \/>\n<img decoding=\"async\" class=\"aligncenter size-full wp-image-17340\" src=\"https:\/\/lecoindelara.com\/wp-content\/uploads\/2019\/11\/capote-poussette-piece-detache-1.jpg\" alt=\"\" width=\"768\" height=\"432\" srcset=\"https:\/\/lecoindelara.com\/wp-content\/uploads\/2019\/11\/capote-poussette-piece-detache-1.jpg 768w, https:\/\/lecoindelara.com\/wp-content\/uploads\/2019\/11\/capote-poussette-piece-detache-1-480x270.jpg 480w\" sizes=\"(min-width: 0px) and (max-width: 480px) 480px, (min-width: 481px) 768px, 100vw\" \/> <img decoding=\"async\" class=\"aligncenter size-full wp-image-17341\" src=\"https:\/\/lecoindelara.com\/wp-content\/uploads\/2019\/11\/capote-poussette-piece-detache-2.jpg\" alt=\"\" width=\"768\" height=\"432\" srcset=\"https:\/\/lecoindelara.com\/wp-content\/uploads\/2019\/11\/capote-poussette-piece-detache-2.jpg 768w, https:\/\/lecoindelara.com\/wp-content\/uploads\/2019\/11\/capote-poussette-piece-detache-2-480x270.jpg 480w\" sizes=\"(min-width: 0px) and (max-width: 480px) 480px, (min-width: 481px) 768px, 100vw\" \/> <img decoding=\"async\" class=\"aligncenter size-full wp-image-17342\" src=\"https:\/\/lecoindelara.com\/wp-content\/uploads\/2019\/11\/capote-poussette-piece-detache-3.jpg\" alt=\"\" width=\"768\" height=\"432\" srcset=\"https:\/\/lecoindelara.com\/wp-content\/uploads\/2019\/11\/capote-poussette-piece-detache-3.jpg 768w, https:\/\/lecoindelara.com\/wp-content\/uploads\/2019\/11\/capote-poussette-piece-detache-3-480x270.jpg 480w\" sizes=\"(min-width: 0px) and (max-width: 480px) 480px, (min-width: 481px) 768px, 100vw\" \/> <img decoding=\"async\" class=\"aligncenter size-full wp-image-17343\" src=\"https:\/\/lecoindelara.com\/wp-content\/uploads\/2019\/11\/capote-poussette-piece-detache-4.jpg\" alt=\"\" width=\"768\" height=\"432\" srcset=\"https:\/\/lecoindelara.com\/wp-content\/uploads\/2019\/11\/capote-poussette-piece-detache-4.jpg 768w, https:\/\/lecoindelara.com\/wp-content\/uploads\/2019\/11\/capote-poussette-piece-detache-4-480x270.jpg 480w\" sizes=\"(min-width: 0px) and (max-width: 480px) 480px, (min-width: 481px) 768px, 100vw\" \/><\/p>\n<p>&nbsp;<\/p>\n","protected":false},"excerpt":{"rendered":"<p>Si el modelo de tu cochecito no aparece en la lista, ind\u00edcanos el modelo por correo electr\u00f3nico y env\u00edanos una foto de la pieza Set Fijaci\u00f3n capote poussette Compatible con los modelos: Qbaro, L-Go, Miracle, Margaret, White Lux, Gold Lux, Aluway, Tropical, otros (pregunta por correo electr\u00f3nico antes de hacer el pedido) &nbsp;<\/p>\n","protected":false},"featured_media":32768,"comment_status":"closed","ping_status":"closed","template":"","meta":{"_et_pb_use_builder":"","_et_pb_old_content":"","_et_gb_content_width":""},"product_brand":[],"product_cat":[674,680],"product_tag":[],"class_list":{"0":"post-67333","1":"product","2":"type-product","3":"status-publish","4":"has-post-thumbnail","6":"product_cat-accesorios-cochecito","7":"product_cat-repuestos-cochecito","8":"product_shipping_class-gratis-dodatek-do-zamowienia-es","10":"first","11":"instock","12":"shipping-taxable","13":"purchasable","14":"product-type-simple"},"aioseo_notices":[],"_links":{"self":[{"href":"https:\/\/lecoindelara.com\/es\/wp-json\/wp\/v2\/product\/67333","targetHints":{"allow":["GET"]}}],"collection":[{"href":"https:\/\/lecoindelara.com\/es\/wp-json\/wp\/v2\/product"}],"about":[{"href":"https:\/\/lecoindelara.com\/es\/wp-json\/wp\/v2\/types\/product"}],"replies":[{"embeddable":true,"href":"https:\/\/lecoindelara.com\/es\/wp-json\/wp\/v2\/comments?post=67333"}],"wp:featuredmedia":[{"embeddable":true,"href":"https:\/\/lecoindelara.com\/es\/wp-json\/wp\/v2\/media\/32768"}],"wp:attachment":[{"href":"https:\/\/lecoindelara.com\/es\/wp-json\/wp\/v2\/media?parent=67333"}],"wp:term":[{"taxonomy":"product_brand","embeddable":true,"href":"https:\/\/lecoindelara.com\/es\/wp-json\/wp\/v2\/product_brand?post=67333"},{"taxonomy":"product_cat","embeddable":true,"href":"https:\/\/lecoindelara.com\/es\/wp-json\/wp\/v2\/product_cat?post=67333"},{"taxonomy":"product_tag","embeddable":true,"href":"https:\/\/lecoindelara.com\/es\/wp-json\/wp\/v2\/product_tag?post=67333"}],"curies":[{"name":"wp","href":"https:\/\/api.w.org\/{rel}","templated":true}]}}