{"id":34678,"date":"2016-03-09T15:29:18","date_gmt":"2016-03-09T14:29:18","guid":{"rendered":"https:\/\/lecoindelara.com\/boutique\/"},"modified":"2024-04-19T22:13:33","modified_gmt":"2024-04-19T21:13:33","slug":"carrinhos-de-bebe-trio-3-em-1","status":"publish","type":"page","link":"https:\/\/lecoindelara.com\/pt-pt\/carrinhos-de-bebe-trio-3-em-1\/","title":{"rendered":"Carrinhos de Beb\u00e9 Trio (3 em 1)"},"content":{"rendered":"<p>[et_pb_section fb_built=&#8221;1&#8243; _builder_version=&#8221;4.23.1&#8243; _module_preset=&#8221;default&#8221; locked=&#8221;off&#8221; global_colors_info=&#8221;{}&#8221;][et_pb_row _builder_version=&#8221;4.23.1&#8243; _module_preset=&#8221;default&#8221; custom_margin=&#8221;0px||||false|false&#8221; custom_padding=&#8221;26px||||false|false&#8221; global_colors_info=&#8221;{}&#8221;][et_pb_column type=&#8221;4_4&#8243; _builder_version=&#8221;4.23.1&#8243; _module_preset=&#8221;default&#8221; global_colors_info=&#8221;{}&#8221;][et_pb_text _builder_version=&#8221;4.24.3&#8243; _module_preset=&#8221;default&#8221; header_font=&#8221;Montserrat|600|||||||&#8221; header_font_size=&#8221;35px&#8221; global_colors_info=&#8221;{}&#8221;]<\/p>\n<h1 style=\"text-align: center;\">Carrinhos de beb\u00ea 3 em 1<\/h1>\n<p>[\/et_pb_text][et_pb_text _builder_version=&#8221;4.24.3&#8243; _module_preset=&#8221;default&#8221; global_colors_info=&#8221;{}&#8221;]<\/p>\n<p>Descubra a nossa loja online Le Coin de Lara, o seu destino para os carrinhos de beb\u00e9 mais elegantes e pr\u00e1ticos fabricados na Europa. Desde 2016, a nossa empresa localizada em Fran\u00e7a dedica-se a oferecer-lhe o melhor. Carrinhos de 2 e 3 pe\u00e7as, carrinhos retr\u00f4, duplos e triplos. Entrega r\u00e1pida em apenas 7 a 10 dias e frete gr\u00e1tis! \ud83d\ude80\u2708\ufe0f Descubra porque tantos pais ficam felizes com suas compras e encontre os coment\u00e1rios em nossas redes sociais.<\/p>\n<p>[\/et_pb_text][et_pb_social_media_follow follow_button=&#8221;on&#8221; _builder_version=&#8221;4.24.3&#8243; _module_preset=&#8221;default&#8221; text_orientation=&#8221;center&#8221; custom_margin=&#8221;||13px|||&#8221; locked=&#8221;off&#8221; global_colors_info=&#8221;{}&#8221;][et_pb_social_media_follow_network social_network=&#8221;facebook&#8221; url=&#8221;https:\/\/www.facebook.com\/Lecoindelara\/&#8221; _builder_version=&#8221;4.16&#8243; _module_preset=&#8221;default&#8221; background_color=&#8221;#3b5998&#8243; global_colors_info=&#8221;{}&#8221; follow_button=&#8221;on&#8221; url_new_window=&#8221;on&#8221;]facebook[\/et_pb_social_media_follow_network][et_pb_social_media_follow_network social_network=&#8221;instagram&#8221; url=&#8221;https:\/\/www.instagram.com\/lecoindelara\/&#8221; _builder_version=&#8221;4.16&#8243; _module_preset=&#8221;default&#8221; background_color=&#8221;#ea2c59&#8243; global_colors_info=&#8221;{}&#8221; follow_button=&#8221;on&#8221; url_new_window=&#8221;on&#8221;]instagram[\/et_pb_social_media_follow_network][et_pb_social_media_follow_network social_network=&#8221;youtube&#8221; url=&#8221;https:\/\/www.youtube.com\/channel\/UCz3GwLsl_N-6fGIvjuCUAKA&#8221; _builder_version=&#8221;4.16&#8243; _module_preset=&#8221;default&#8221; background_color=&#8221;#a82400&#8243; global_colors_info=&#8221;{}&#8221; follow_button=&#8221;on&#8221; url_new_window=&#8221;on&#8221;]youtube[\/et_pb_social_media_follow_network][et_pb_social_media_follow_network social_network=&#8221;tiktok&#8221; url=&#8221;https:\/\/www.tiktok.com\/@lecoindelara&#8221; _builder_version=&#8221;4.16.0&#8243; _module_preset=&#8221;default&#8221; background_color=&#8221;#fe2c55&#8243; global_colors_info=&#8221;{}&#8221; follow_button=&#8221;on&#8221; url_new_window=&#8221;on&#8221;]tiktok[\/et_pb_social_media_follow_network][\/et_pb_social_media_follow][et_pb_divider _builder_version=&#8221;4.24.3&#8243; _module_preset=&#8221;default&#8221; global_colors_info=&#8221;{}&#8221;][\/et_pb_divider][\/et_pb_column][\/et_pb_row][\/et_pb_section][et_pb_section fb_built=&#8221;1&#8243; _builder_version=&#8221;4.23.1&#8243; _module_preset=&#8221;default&#8221; locked=&#8221;off&#8221; global_colors_info=&#8221;{}&#8221;][et_pb_row _builder_version=&#8221;4.23.1&#8243; _module_preset=&#8221;default&#8221; custom_margin=&#8221;-105px|auto||auto||&#8221; global_colors_info=&#8221;{}&#8221;][et_pb_column type=&#8221;4_4&#8243; _builder_version=&#8221;4.23.1&#8243; _module_preset=&#8221;default&#8221; global_colors_info=&#8221;{}&#8221;][et_pb_text _builder_version=&#8221;4.24.3&#8243; _module_preset=&#8221;default&#8221; global_colors_info=&#8221;{}&#8221;]<\/p>\n<h2>Nossa sele\u00e7\u00e3o: <strong>Carrinhos Todo-o-Terreno<\/strong><\/h2>\n<p>[\/et_pb_text][et_pb_text _builder_version=&#8221;4.24.3&#8243; _module_preset=&#8221;default&#8221; global_colors_info=&#8221;{}&#8221;]<\/p>\n<p>Explore uma nova dimens\u00e3o de aventura com nossos carrinhos todo-terreno no Le Coin de Lara! \ud83c\udf3f\u2728 Projetados para esp\u00edritos intr\u00e9pidos, esses carrinhos oferecem um conforto incompar\u00e1vel com seu<strong> avan\u00e7ado sistema de amortecimento<\/strong> e ber\u00e7o espa\u00e7oso. As <strong>rodas robustas<\/strong> garantem uma estabilidade \u00f3tima, permitindo que voc\u00ea<strong> conquiste todos os terrenos<\/strong>, desde trilhas batidas at\u00e9 estradas acidentadas! \ud83c\udf1f\ud83d\udebc<\/p>\n<p>[\/et_pb_text][et_pb_shop type=&#8221;product_category&#8221; posts_number=&#8221;100&#8243; include_categories=&#8221;329&#8243; admin_label=&#8221;Todo terreno&#8221; _builder_version=&#8221;4.24.3&#8243; _module_preset=&#8221;default&#8221; custom_margin=&#8221;19px|||||&#8221; global_colors_info=&#8221;{}&#8221;][\/et_pb_shop][et_pb_text _builder_version=&#8221;4.24.3&#8243; _module_preset=&#8221;default&#8221; global_colors_info=&#8221;{}&#8221;]<\/p>\n<h2>Nossa sele\u00e7\u00e3o: <strong>Carrinhos Leves e Compactos<\/strong><\/h2>\n<p>[\/et_pb_text][et_pb_text _builder_version=&#8221;4.24.3&#8243; _module_preset=&#8221;default&#8221; global_colors_info=&#8221;{}&#8221;]<\/p>\n<p>Descubra nossa sele\u00e7\u00e3o de carrinhos compactos no Le Coin de Lara! \ud83c\udf1f <strong>Pr\u00e1ticos para a cidade e prontos para a aventura<\/strong>, esses carrinhos possuem um ber\u00e7o dobr\u00e1vel, chassi leve e compacto, e <strong>armazenamento f\u00e1cil<\/strong>. Com uma excelente <strong>manobrabilidade<\/strong>, eles o acompanham suavemente, seja em ambiente urbano ou em terrenos diversos. \ud83c\udfd9\ufe0f\ud83c\udf3f<\/p>\n<p>[\/et_pb_text][et_pb_shop type=&#8221;product_category&#8221; posts_number=&#8221;5&#8243; include_categories=&#8221;342&#8243; admin_label=&#8221;LOS MAS COMPACTOS&#8221; _builder_version=&#8221;4.24.3&#8243; _module_preset=&#8221;default&#8221; custom_margin=&#8221;19px|||||&#8221; global_colors_info=&#8221;{}&#8221;][\/et_pb_shop][et_pb_text _builder_version=&#8221;4.24.3&#8243; _module_preset=&#8221;default&#8221; global_colors_info=&#8221;{}&#8221;]<\/p>\n<h2>Nossa sele\u00e7\u00e3o: <strong>Carrinhos de beb\u00ea de Luxo<\/strong><\/h2>\n<p>[\/et_pb_text][et_pb_text _builder_version=&#8221;4.24.3&#8243; _module_preset=&#8221;default&#8221; global_colors_info=&#8221;{}&#8221;]<\/p>\n<p>Descubra nossa sele\u00e7\u00e3o <strong>exclusiva<\/strong> de carrinhos glamourosos de beb\u00ea\u2728 Com ber\u00e7os <strong>dourados ou com lantejoulas<\/strong>, esses carrinhos de luxo se <strong>destacam por sua apar\u00eancia excepcional e not\u00e1vel<\/strong>. Eles n\u00e3o passam despercebidos e s\u00e3o verdadeiras p\u00e9rolas, cada uma \u00fanica em sua ess\u00eancia. Mime-se com a <strong>m\u00e1xima eleg\u00e2ncia para acompanhar seu beb\u00ea com estilo<\/strong>. \ud83d\udc8e\ud83d\udc76<\/p>\n<p>[\/et_pb_text][et_pb_shop type=&#8221;product_category&#8221; posts_number=&#8221;100&#8243; include_categories=&#8221;333,323&#8243; admin_label=&#8221;GLAMOUR EXCLUSIVE&#8221; _builder_version=&#8221;4.24.3&#8243; _module_preset=&#8221;default&#8221; custom_margin=&#8221;19px|||||&#8221; global_colors_info=&#8221;{}&#8221;][\/et_pb_shop][et_pb_text _builder_version=&#8221;4.24.3&#8243; _module_preset=&#8221;default&#8221; global_colors_info=&#8221;{}&#8221;]<\/p>\n<h2>Nossa sele\u00e7\u00e3o:<strong> Carrinhos de beb\u00e9 Cl\u00e1ssicos &amp; Vintage<\/strong><\/h2>\n<p>[\/et_pb_text][et_pb_text _builder_version=&#8221;4.24.3&#8243; _module_preset=&#8221;default&#8221; global_colors_info=&#8221;{}&#8221;]<\/p>\n<p>Descubra nossa cole\u00e7\u00e3o de carrinhos retr\u00f4 vintage exclusivos \ud83c\udf3f\u2728 <strong>Mergulhe na eleg\u00e2ncia atemporal e no charme aut\u00eantico<\/strong> desses carrinhos, que lembram a era cl\u00e1ssica do passado. Cada modelo incorpora a hist\u00f3ria e o estilo vintage, oferecendo um toque de <strong>originalidade e sofistica\u00e7\u00e3o<\/strong> aos seus passeios di\u00e1rios. Opte pela personalidade e singularidade com nossos carrinhos retr\u00f4 vintage com<strong> rodas grandes<\/strong> no Le Coin de Lara. \ud83c\udf3c\ud83d\udebc<\/p>\n<p>[\/et_pb_text][et_pb_shop type=&#8221;product_category&#8221; posts_number=&#8221;5&#8243; include_categories=&#8221;344&#8243; admin_label=&#8221;RETRO VINTAGE&#8221; _builder_version=&#8221;4.24.3&#8243; _module_preset=&#8221;default&#8221; custom_margin=&#8221;19px|||||&#8221; hover_enabled=&#8221;0&#8243; global_colors_info=&#8221;{}&#8221; sticky_enabled=&#8221;0&#8243;][\/et_pb_shop][\/et_pb_column][\/et_pb_row][\/et_pb_section]<\/p>\n","protected":false},"excerpt":{"rendered":"<p>Carrinhos de beb\u00ea 3 em 1Descubra a nossa loja online Le Coin de Lara, o seu destino para os carrinhos de beb\u00e9 mais elegantes e pr\u00e1ticos fabricados na Europa. Desde 2016, a nossa empresa localizada em Fran\u00e7a dedica-se a oferecer-lhe o melhor. Carrinhos de 2 e 3 pe\u00e7as, carrinhos retr\u00f4, duplos e triplos. Entrega r\u00e1pida [&hellip;]<\/p>\n","protected":false},"author":1,"featured_media":44668,"parent":0,"menu_order":0,"comment_status":"closed","ping_status":"closed","template":"","meta":{"_et_pb_use_builder":"on","_et_pb_old_content":"","_et_gb_content_width":"","footnotes":""},"class_list":["post-34678","page","type-page","status-publish","has-post-thumbnail","hentry"],"aioseo_notices":[],"_links":{"self":[{"href":"https:\/\/lecoindelara.com\/pt-pt\/wp-json\/wp\/v2\/pages\/34678","targetHints":{"allow":["GET"]}}],"collection":[{"href":"https:\/\/lecoindelara.com\/pt-pt\/wp-json\/wp\/v2\/pages"}],"about":[{"href":"https:\/\/lecoindelara.com\/pt-pt\/wp-json\/wp\/v2\/types\/page"}],"author":[{"embeddable":true,"href":"https:\/\/lecoindelara.com\/pt-pt\/wp-json\/wp\/v2\/users\/1"}],"replies":[{"embeddable":true,"href":"https:\/\/lecoindelara.com\/pt-pt\/wp-json\/wp\/v2\/comments?post=34678"}],"version-history":[{"count":0,"href":"https:\/\/lecoindelara.com\/pt-pt\/wp-json\/wp\/v2\/pages\/34678\/revisions"}],"wp:featuredmedia":[{"embeddable":true,"href":"https:\/\/lecoindelara.com\/pt-pt\/wp-json\/wp\/v2\/media\/44668"}],"wp:attachment":[{"href":"https:\/\/lecoindelara.com\/pt-pt\/wp-json\/wp\/v2\/media?parent=34678"}],"curies":[{"name":"wp","href":"https:\/\/api.w.org\/{rel}","templated":true}]}}