{"id":36058,"date":"2016-02-28T15:44:20","date_gmt":"2016-02-28T14:44:20","guid":{"rendered":"https:\/\/lecoindelara.com\/quem-nos-somos\/"},"modified":"2026-01-09T15:38:12","modified_gmt":"2026-01-09T14:38:12","slug":"quem-nos-somos","status":"publish","type":"page","link":"https:\/\/lecoindelara.com\/pt-pt\/quem-nos-somos\/","title":{"rendered":"Quem somos"},"content":{"rendered":"<p>[et_pb_section fb_built=&#8221;1&#8243; admin_label=&#8221;Header&#8221; _builder_version=&#8221;4.21.0&#8243; _module_preset=&#8221;default&#8221; custom_padding=&#8221;||0px||false|false&#8221; collapsed=&#8221;off&#8221; global_colors_info=&#8221;{}&#8221;][et_pb_row _builder_version=&#8221;4.21.0&#8243; _module_preset=&#8221;default&#8221; custom_padding=&#8221;6px|||||&#8221; global_colors_info=&#8221;{}&#8221;][et_pb_column type=&#8221;4_4&#8243; _builder_version=&#8221;4.21.0&#8243; _module_preset=&#8221;default&#8221; global_colors_info=&#8221;{}&#8221;][et_pb_text _builder_version=&#8221;4.23.1&#8243; _module_preset=&#8221;6225753c-03c6-446e-be12-2850e302e858&#8243; header_font_size=&#8221;70px&#8221; custom_margin=&#8221;23px||44px|||&#8221; global_colors_info=&#8221;{}&#8221;]<\/p>\n<h1 style=\"text-align: center;\">Quem \u00e9s tu?<\/h1>\n<p>[\/et_pb_text][\/et_pb_column][\/et_pb_row][\/et_pb_section][et_pb_section fb_built=&#8221;1&#8243; admin_label=&#8221;About&#8221; _builder_version=&#8221;4.21.0&#8243; _module_preset=&#8221;default&#8221; custom_margin=&#8221;-35px|||||&#8221; collapsed=&#8221;on&#8221; global_colors_info=&#8221;{}&#8221;][et_pb_row column_structure=&#8221;2_5,3_5&#8243; _builder_version=&#8221;4.23.1&#8243; _module_preset=&#8221;default&#8221; global_colors_info=&#8221;{}&#8221;][et_pb_column type=&#8221;2_5&#8243; _builder_version=&#8221;4.23.1&#8243; _module_preset=&#8221;default&#8221; global_colors_info=&#8221;{}&#8221;][et_pb_image src=&#8221;https:\/\/lecoindelara.com\/wp-content\/uploads\/2023\/11\/site-le-coin-de-lara.jpg&#8221; title_text=&#8221;site-le-coin-de-lara&#8221; _builder_version=&#8221;4.23.1&#8243; _module_preset=&#8221;default&#8221; global_colors_info=&#8221;{}&#8221;][\/et_pb_image][\/et_pb_column][et_pb_column type=&#8221;3_5&#8243; _builder_version=&#8221;4.23.1&#8243; _module_preset=&#8221;default&#8221; global_colors_info=&#8221;{}&#8221;][et_pb_text _builder_version=&#8221;4.23.1&#8243; _module_preset=&#8221;e69c5686-cde8-4395-aebb-3997afe7b550&#8243; text_font=&#8221;Cabin||||||||&#8221; text_text_color=&#8221;#606060&#8243; text_font_size=&#8221;40px&#8221; header_2_font_size=&#8221;50px&#8221; global_colors_info=&#8221;{}&#8221;]<\/p>\n<h2>Uma empresa familiar<\/h2>\n<p>[\/et_pb_text][et_pb_text _builder_version=&#8221;4.23.1&#8243; _module_preset=&#8221;586c0253-99cb-42a1-85c4-57cf5696ceae&#8221; text_font_size=&#8221;18px&#8221; custom_margin=&#8221;35px|||||&#8221; global_colors_info=&#8221;{}&#8221;]<\/p>\n<p>&#8220;Le Coin de Lara&#8221; nasceu do desejo de dar \u00e0 nossa filha Lara a oportunidade de crescer num <strong>ambiente seguro e saud\u00e1vel<\/strong>. Quer\u00edamos que a nossa filha utilizasse ou consumisse produtos feitos de<strong> materiais naturais e de qualidade.<\/strong> A nossa loja \u00e9 composta por artigos fabricados na <strong>Europa.<\/strong> <\/p>\n<p>[\/et_pb_text][et_pb_text _builder_version=&#8221;4.23.1&#8243; _module_preset=&#8221;1f54a71c-2b54-4e7e-88a6-20a4dbcf0438&#8243; header_3_text_align=&#8221;left&#8221; text_orientation=&#8221;center&#8221; custom_margin=&#8221;41px|||||&#8221; global_colors_info=&#8221;{}&#8221;]<\/p>\n<h3>Devemos o nosso sucesso aos nossos clientes! As m\u00e3es espalham a palavra entre as suas amigas e primas&#8230; Obrigado pela confian\u00e7a&#8230;&#8221; <\/h3>\n<p>[\/et_pb_text][et_pb_text _builder_version=&#8221;4.23.1&#8243; _module_preset=&#8221;default&#8221; text_font=&#8221;Cabin||||||||&#8221; text_font_size=&#8221;20px&#8221; text_orientation=&#8221;right&#8221; global_colors_info=&#8221;{}&#8221;]<\/p>\n<p><strong>Agnieszka Tromeur (fundadora)<\/strong><\/p>\n<p>[\/et_pb_text][\/et_pb_column][\/et_pb_row][\/et_pb_section][et_pb_section fb_built=&#8221;1&#8243; admin_label=&#8221;Services&#8221; _builder_version=&#8221;4.21.0&#8243; _module_preset=&#8221;default&#8221; custom_padding=&#8221;41px|||||&#8221; locked=&#8221;off&#8221; collapsed=&#8221;off&#8221; global_colors_info=&#8221;{}&#8221;][et_pb_row column_structure=&#8221;2_5,3_5&#8243; _builder_version=&#8221;4.27.4&#8243; _module_preset=&#8221;default&#8221; custom_padding=&#8221;||30px|||&#8221; hover_enabled=&#8221;0&#8243; global_colors_info=&#8221;{}&#8221; sticky_enabled=&#8221;0&#8243;][et_pb_column type=&#8221;2_5&#8243; _builder_version=&#8221;4.23.1&#8243; _module_preset=&#8221;default&#8221; global_colors_info=&#8221;{}&#8221;][et_pb_image src=&#8221;https:\/\/lecoindelara.com\/wp-content\/uploads\/2023\/08\/poussette-exclusive-junama-hand-craft.jpg&#8221; title_text=&#8221;carrinho de passeio exclusivo junama hand craft&#8221; _builder_version=&#8221;4.27.4&#8243; _module_preset=&#8221;default&#8221; hover_enabled=&#8221;0&#8243; locked=&#8221;off&#8221; global_colors_info=&#8221;{}&#8221; sticky_enabled=&#8221;0&#8243;][\/et_pb_image][et_pb_image src=&#8221;https:\/\/lecoindelara.com\/wp-content\/uploads\/2020\/03\/photo-recens.jpg&#8221; _builder_version=&#8221;4.27.4&#8243; _module_preset=&#8221;default&#8221; title_text=&#8221;foto-recens&#8221; hover_enabled=&#8221;0&#8243; sticky_enabled=&#8221;0&#8243;][\/et_pb_image][\/et_pb_column][et_pb_column type=&#8221;3_5&#8243; _builder_version=&#8221;4.23.1&#8243; _module_preset=&#8221;default&#8221; global_colors_info=&#8221;{}&#8221;][et_pb_text _builder_version=&#8221;4.23.1&#8243; _module_preset=&#8221;e69c5686-cde8-4395-aebb-3997afe7b550&#8243; header_2_font_size=&#8221;50px&#8221; locked=&#8221;off&#8221; global_colors_info=&#8221;{}&#8221;]<\/p>\n<h2>Os nossos pontos fortes<\/h2>\n<p>[\/et_pb_text][et_pb_blurb title=&#8221;Certifica\u00e7\u00e3o CE&#8221; image_icon_background_color=&#8221;#727272&#8243; _builder_version=&#8221;4.27.4&#8243; _module_preset=&#8221;136702a7-6c4d-49f2-896d-f631ef488b78&#8243; body_font_size=&#8221;20px&#8221; custom_margin=&#8221;31px|||||&#8221; hover_enabled=&#8221;0&#8243; global_colors_info=&#8221;{}&#8221; sticky_enabled=&#8221;0&#8243;]<\/p>\n<p style=\"margin: 0cm; line-height: 21.6pt; vertical-align: baseline;\">Nas fichas de produto, encontrar\u00e1s refer\u00eancias a certificados de qualidade &#8211; por exemplo: -i-Size, <strong>ECE-R129<\/strong>, ECE R44\/04, <strong>PN-EN 1888:2012<\/strong>, EcoCert, EcoLabel, OEKO-TEX 100, GOTS.<\/p>\n<p>[\/et_pb_blurb][et_pb_blurb title=&#8221;Carrinhos de beb\u00e9 completos&#8221; image_icon_background_color=&#8221;#727272&#8243; _builder_version=&#8221;4.27.4&#8243; _module_preset=&#8221;136702a7-6c4d-49f2-896d-f631ef488b78&#8243; body_font_size=&#8221;20px&#8221; custom_margin=&#8221;28px|||||&#8221; hover_enabled=&#8221;0&#8243; global_colors_info=&#8221;{}&#8221; sticky_enabled=&#8221;0&#8243;]<\/p>\n<p>Para facilitar a vida dos futuros pais, vendemos <strong>carrinhos de beb\u00e9 3 em 1,<\/strong> incluindo a alcofa, o carrinho de guarda-chuva e o aconchego.<\/p>\n<p>[\/et_pb_blurb][et_pb_blurb title=&#8221;Conce\u00e7\u00e3o e seguran\u00e7a&#8221; image_icon_background_color=&#8221;#727272&#8243; _builder_version=&#8221;4.27.4&#8243; _module_preset=&#8221;136702a7-6c4d-49f2-896d-f631ef488b78&#8243; body_font_size=&#8221;20px&#8221; custom_margin=&#8221;65px|||||&#8221; hover_enabled=&#8221;0&#8243; global_colors_info=&#8221;{}&#8221; sticky_enabled=&#8221;0&#8243;]<\/p>\n<p>Todos adoram os nossos carrinhos de beb\u00e9 com o seu <strong>design ou look retro<\/strong>! Mas lembra-te, a nossa <strong>prioridade \u00e9 a seguran\u00e7a! <\/strong> <\/p>\n<p>[\/et_pb_blurb][et_pb_text _builder_version=&#8221;4.23.1&#8243; _module_preset=&#8221;default&#8221; text_font=&#8221;Cabin||||||||&#8221; text_font_size=&#8221;20px&#8221; text_orientation=&#8221;center&#8221; custom_margin=&#8221;65px|||||&#8221; global_colors_info=&#8221;{}&#8221;]<\/p>\n<p>V\u00ea <strong>as opini\u00f5es e as fotografias<\/strong> dos nossos clientes no Facebook!<\/p>\n<p>[\/et_pb_text][et_pb_social_media_follow _builder_version=&#8221;4.23.1&#8243; _module_preset=&#8221;default&#8221; text_orientation=&#8221;center&#8221; global_colors_info=&#8221;{}&#8221;][et_pb_social_media_follow_network social_network=&#8221;facebook&#8221; url=&#8221;https:\/\/www.facebook.com\/Lecoindelara\/&#8221; _builder_version=&#8221;4.23.1&#8243; _module_preset=&#8221;default&#8221; background_color=&#8221;#3b5998&#8243; global_colors_info=&#8221;{}&#8221; follow_button=&#8221;off&#8221; url_new_window=&#8221;on&#8221;]facebook[\/et_pb_social_media_follow_network][\/et_pb_social_media_follow][\/et_pb_column][\/et_pb_row][\/et_pb_section]<\/p>\n","protected":false},"excerpt":{"rendered":"<p>Quem \u00e9s tu?Uma empresa familiar&#8221;Le Coin de Lara&#8221; nasceu do desejo de dar \u00e0 nossa filha Lara a oportunidade de crescer num ambiente seguro e saud\u00e1vel. Quer\u00edamos que a nossa filha utilizasse ou consumisse produtos feitos de materiais naturais e de qualidade. A nossa loja \u00e9 composta por artigos fabricados na Europa. Devemos o nosso [&hellip;]<\/p>\n","protected":false},"author":1,"featured_media":0,"parent":0,"menu_order":0,"comment_status":"closed","ping_status":"closed","template":"","meta":{"_et_pb_use_builder":"on","_et_pb_old_content":"","_et_gb_content_width":"","footnotes":""},"class_list":["post-36058","page","type-page","status-publish","hentry"],"aioseo_notices":[],"_links":{"self":[{"href":"https:\/\/lecoindelara.com\/pt-pt\/wp-json\/wp\/v2\/pages\/36058","targetHints":{"allow":["GET"]}}],"collection":[{"href":"https:\/\/lecoindelara.com\/pt-pt\/wp-json\/wp\/v2\/pages"}],"about":[{"href":"https:\/\/lecoindelara.com\/pt-pt\/wp-json\/wp\/v2\/types\/page"}],"author":[{"embeddable":true,"href":"https:\/\/lecoindelara.com\/pt-pt\/wp-json\/wp\/v2\/users\/1"}],"replies":[{"embeddable":true,"href":"https:\/\/lecoindelara.com\/pt-pt\/wp-json\/wp\/v2\/comments?post=36058"}],"version-history":[{"count":9,"href":"https:\/\/lecoindelara.com\/pt-pt\/wp-json\/wp\/v2\/pages\/36058\/revisions"}],"predecessor-version":[{"id":66031,"href":"https:\/\/lecoindelara.com\/pt-pt\/wp-json\/wp\/v2\/pages\/36058\/revisions\/66031"}],"wp:attachment":[{"href":"https:\/\/lecoindelara.com\/pt-pt\/wp-json\/wp\/v2\/media?parent=36058"}],"curies":[{"name":"wp","href":"https:\/\/api.w.org\/{rel}","templated":true}]}}