{"id":44739,"date":"2018-08-29T10:06:32","date_gmt":"2018-08-29T09:06:32","guid":{"rendered":"https:\/\/lecoindelara.com\/politica-de-privacidade\/"},"modified":"2026-01-09T15:37:18","modified_gmt":"2026-01-09T14:37:18","slug":"politica-de-privacidade","status":"publish","type":"page","link":"https:\/\/lecoindelara.com\/pt-pt\/politica-de-privacidade\/","title":{"rendered":"Pol\u00edtica de Privacidade"},"content":{"rendered":"<p>[et_pb_section bb_built=&#8221;1&#8243; specialty=&#8221;off&#8221; next_background_color=&#8221;#000000&#8243; _builder_version=&#8221;3.2.1&#8243; custom_padding=&#8221;10px|||&#8221;][et_pb_row][et_pb_column type=&#8221;4_4&#8243;][et_pb_image _builder_version=&#8221;3.2.1&#8243; src=&#8221;https:\/\/lecoindelara.com\/wp-content\/uploads\/2018\/08\/confidentialit\u00e9.jpg&#8221; \/][et_pb_text _builder_version=&#8221;3.2.1&#8243; custom_padding=&#8221;30px|||&#8221;]<\/p>\n<h1>Pol\u00edtica de Privacidade<\/h1>\n<p>[\/et_pb_text][\/et_pb_column][\/et_pb_row][\/et_pb_section][et_pb_section bb_built=&#8221;1&#8243; fullwidth=&#8221;off&#8221; specialty=&#8221;off&#8221; prev_background_color=&#8221;#000000&#8243;][et_pb_row][et_pb_column type=&#8221;2_3&#8243;][et_pb_text _builder_version=&#8221;3.2.1&#8243;]<\/p>\n<p>&nbsp;<\/p>\n<p>Este s\u00edtio Web \u00e9 gerido pelo AJ TROMEUR (&#8220;n\u00f3s&#8221; ou &#8220;nos&#8221;) e, em alguns casos, pode ser gerido em conjunto com um dos nossos parceiros de distribui\u00e7\u00e3o. O s\u00edtio Web LE COIN DE LARA em causa \u00e9 aquele a que o utilizador forneceu as suas informa\u00e7\u00f5es pessoais. Estamos preocupados com as quest\u00f5es de privacidade na Internet e consideramos importante que o utilizador saiba como tratamos qualquer informa\u00e7\u00e3o sobre o utilizador que recebemos atrav\u00e9s deste s\u00edtio Web (o &#8220;S\u00edtio&#8221;).<\/p>\n<p>[\/et_pb_text][et_pb_text admin_label=&#8221;Donn\u00e9es que nous recueillons&#8221; _builder_version=&#8221;3.2.1&#8243; custom_padding=&#8221;25px|||&#8221;]<\/p>\n<h4>Os dados que recolhemos<\/h4>\n<p>[\/et_pb_text][et_pb_text _builder_version=&#8221;3.2.1&#8243;]<\/p>\n<p>Quando visita o S\u00edtio, os nossos servidores captam os endere\u00e7os IP, os nomes de dom\u00ednio e os identificadores de rede dos nossos utilizadores. Em determinados pa\u00edses, incluindo os da Uni\u00e3o Europeia, estas informa\u00e7\u00f5es podem ser consideradas como informa\u00e7\u00f5es de identifica\u00e7\u00e3o pessoal ao abrigo das leis de prote\u00e7\u00e3o de dados aplic\u00e1veis. Estas informa\u00e7\u00f5es s\u00e3o agregadas para medir o n\u00famero de visitas, o tempo m\u00e9dio passado no S\u00edtio, as p\u00e1ginas visualizadas e outras informa\u00e7\u00f5es de utiliza\u00e7\u00e3o semelhantes. Utilizamos estas informa\u00e7\u00f5es para medir a utiliza\u00e7\u00e3o do nosso S\u00edtio e para melhorar o seu conte\u00fado.<\/p>\n<p>Os endere\u00e7os de correio eletr\u00f3nico e outras informa\u00e7\u00f5es de identifica\u00e7\u00e3o pessoal, como o nome e apelido, endere\u00e7o postal ou outro endere\u00e7o f\u00edsico, n\u00famero de telefone e informa\u00e7\u00f5es semelhantes, s\u00f3 s\u00e3o conhecidos quando fornecidos voluntariamente por um visitante para efeitos de registo de compra de produtos, boletins informativos e comunica\u00e7\u00f5es, sorteios, concursos ou outra participa\u00e7\u00e3o do visitante em actividades interactivas em linha dispon\u00edveis. Para lhe fornecer as melhores informa\u00e7\u00f5es sobre os nossos produtos de puericultura, pode tamb\u00e9m fornecer voluntariamente informa\u00e7\u00f5es sobre as pessoas do seu agregado familiar, incluindo os nomes e idades dos seus filhos. Poder\u00e1 tamb\u00e9m fornecer informa\u00e7\u00f5es sobre a data de nascimento do seu filho, e solicitaremos o seu consentimento expl\u00edcito para processar estas informa\u00e7\u00f5es sens\u00edveis.<\/p>\n<p>[\/et_pb_text][et_pb_text admin_label=&#8221;Utilisation et partage des informations collect\u00e9es &#8221; _builder_version=&#8221;3.2.1&#8243; custom_padding=&#8221;25px|||&#8221;]<\/p>\n<h4>Utiliza\u00e7\u00e3o e partilha das informa\u00e7\u00f5es recolhidas<\/h4>\n<p>[\/et_pb_text][et_pb_text _builder_version=&#8221;3.2.1&#8243;]<\/p>\n<p>Sauf indication contraire lors de leur collecte, les informations personnellement identifiables qui peuvent \u00eatre collect\u00e9es en relation avec les visiteurs de ce Site sont conserv\u00e9es par nous. N\u00e3o vendemos, transferimos ou divulgamos informa\u00e7\u00f5es de identifica\u00e7\u00e3o pessoal, exceto conforme descrito abaixo ou quando a divulga\u00e7\u00e3o \u00e9 exigida por lei.<\/p>\n<p>Podemos utilizar as informa\u00e7\u00f5es pessoais fornecidas pelo utilizador para qualquer um dos seguintes fins: (1) contactar os propriet\u00e1rios de produtos em resposta a recolhas de produtos; (2) compreender a utiliza\u00e7\u00e3o do nosso S\u00edtio e introduzir melhorias; (3) atribuir pr\u00e9mios; (4) responder a pedidos espec\u00edficos dos visitantes; (5) obter o consentimento dos pais para visitantes com menos de 16 anos (ou a idade de maioridade aplic\u00e1vel, se superior numa determinada jurisdi\u00e7\u00e3o), se necess\u00e1rio; (6) para fornecer qualquer aviso necess\u00e1rio aos nossos visitantes ou aos seus pais ou tutores, se necess\u00e1rio; (7) para proteger a seguran\u00e7a ou a integridade do nosso Site, sempre que necess\u00e1rio; (8) para lhe enviar avisos e solicita\u00e7\u00f5es relativas ao Site ou aos nossos produtos; e (9) geralmente para promover e comercializar os nossos produtos e\/ou os produtos dos nossos Afiliados.<\/p>\n<p>Tamb\u00e9m podemos partilhar informa\u00e7\u00f5es pessoais com terceiros para as seguintes finalidades:<br \/>\n&#8211; para obter servi\u00e7os relacionados com as finalidades acima indicadas, tais como alojamento de s\u00edtios Web, servi\u00e7os profissionais (por exemplo, newsletter, utilizamos o fornecedor de servi\u00e7os Aweber), servi\u00e7o de apoio ao cliente, envio de artigos que encomendaste, funcionamento deste S\u00edtio, auditoria e outros servi\u00e7os semelhantes necess\u00e1rios para o funcionamento do S\u00edtio e dos servi\u00e7os que solicitaste. Nesses casos, as informa\u00e7\u00f5es ser\u00e3o partilhadas para os fins indicados e n\u00e3o para utiliza\u00e7\u00e3o independente pelo prestador de servi\u00e7os.<br \/>\n&#8211; em rela\u00e7\u00e3o a uma reorganiza\u00e7\u00e3o real ou potencial, fus\u00e3o, venda, joint venture, cess\u00e3o, transfer\u00eancia ou outra forma de aliena\u00e7\u00e3o de toda ou parte da nossa atividade, activos ou ac\u00e7\u00f5es.<br \/>\n&#8211; com qualquer ag\u00eancia de aplica\u00e7\u00e3o da lei, organismo regulador, ag\u00eancia governamental, tribunal ou outro terceiro relevante, quando considerarmos que a divulga\u00e7\u00e3o \u00e9 necess\u00e1ria (i) nos termos das leis ou regulamentos aplic\u00e1veis, (ii) para exercer, estabelecer ou defender os nossos direitos legais, ou (iii) para proteger os teus interesses vitais ou os de qualquer outra pessoa; e<br \/>\n&#8211; com qualquer outra pessoa, com o teu consentimento para a divulga\u00e7\u00e3o.<\/p>\n<p>[\/et_pb_text][et_pb_text admin_label=&#8221;Base juridique du traitement des informations personnelles&#8221; _builder_version=&#8221;3.2.1&#8243; custom_padding=&#8221;25px|||&#8221;]<\/p>\n<h4>Base jur\u00eddica para o tratamento de informa\u00e7\u00f5es de car\u00e1cter pessoal<\/h4>\n<p>[\/et_pb_text][et_pb_text _builder_version=&#8221;3.2.1&#8243;]<\/p>\n<p>A nossa base jur\u00eddica para recolher e utilizar as informa\u00e7\u00f5es pessoais acima descritas depender\u00e1 das informa\u00e7\u00f5es pessoais em causa e do contexto espec\u00edfico em que as recolhemos.<\/p>\n<p>No entanto, normalmente s\u00f3 recolheremos informa\u00e7\u00f5es pessoais do utilizador se (i) quando necessitamos das informa\u00e7\u00f5es para celebrar ou executar um contrato com o utilizador, por exemplo, quando o utilizador compra os nossos produtos, (ii) se o processamento for do nosso interesse leg\u00edtimo e n\u00e3o for anulado pelos seus direitos, por exemplo, para adaptar o nosso marketing \u00e0s suas necessidades, ou (iii) lorsque nous avons votre consentement pour le faire. Em alguns casos, podemos tamb\u00e9m ter a obriga\u00e7\u00e3o legal de recolher informa\u00e7\u00f5es pessoais do utilizador ou podemos precisar dessas informa\u00e7\u00f5es para proteger os seus interesses vitais ou os de outra pessoa.<\/p>\n<p>Se lhe pedirmos que forne\u00e7a informa\u00e7\u00f5es pessoais para cumprir um requisito legal ou para executar um contrato com o utilizador, inform\u00e1-lo-emos no momento oportuno se o fornecimento das suas informa\u00e7\u00f5es pessoais \u00e9 ou n\u00e3o obrigat\u00f3rio (e as poss\u00edveis consequ\u00eancias se n\u00e3o fornecer essas informa\u00e7\u00f5es).<\/p>\n<p>Se recolhermos e utilizarmos as suas informa\u00e7\u00f5es pessoais para os nossos interesses leg\u00edtimos (ou de terceiros), estes interesses est\u00e3o geralmente relacionados com: o funcionamento da nossa plataforma e a comunica\u00e7\u00e3o consigo, conforme necess\u00e1rio, para lhe prestarmos os nossos servi\u00e7os, responder \u00e0s suas perguntas, melhorar a nossa plataforma, realizar ac\u00e7\u00f5es de marketing ou para efeitos de dete\u00e7\u00e3o ou preven\u00e7\u00e3o de actividades ilegais. Nous pouvons avoir d&#8217;autres int\u00e9r\u00eats l\u00e9gitimes et, le cas \u00e9ch\u00e9ant, nous vous indiquerons clairement, au moment opportun, quels sont ces int\u00e9r\u00eats l\u00e9gitimes.<\/p>\n<p>No caso de informa\u00e7\u00f5es sens\u00edveis que recolhemos do utilizador, tais como informa\u00e7\u00f5es sobre a sua sa\u00fade (incluindo o seu estado de gravidez), pedir-lhe-emos o seu consentimento expl\u00edcito para processar essas informa\u00e7\u00f5es.<\/p>\n<p>Se tiver alguma d\u00favida ou precisar de mais informa\u00e7\u00f5es sobre a base jur\u00eddica em que recolhemos e utilizamos as suas informa\u00e7\u00f5es pessoais, contacte-nos atrav\u00e9s dos dados fornecidos abaixo.<\/p>\n<p>[\/et_pb_text][et_pb_text admin_label=&#8221;Enfants&#8221; _builder_version=&#8221;3.2.1&#8243; custom_padding=&#8221;25px|||&#8221;]<\/p>\n<h4>Enfants<\/h4>\n<p>[\/et_pb_text][et_pb_text _builder_version=&#8221;3.2.1&#8243;]<\/p>\n<p>\u00c9 nossa pol\u00edtica que os visitantes do nosso S\u00edtio com idade inferior a 16 anos (ou a idade de maioridade aplic\u00e1vel, se superior numa determinada jurisdi\u00e7\u00e3o) n\u00e3o devem publicar ou fornecer informa\u00e7\u00f5es no nosso S\u00edtio sem o consentimento dos pais. Deve supervisionar as actividades em linha dos seus filhos e considerar a possibilidade de utilizar as ferramentas de controlo parental dispon\u00edveis nos servi\u00e7os em linha e nos fornecedores de software que ajudam a criar um ambiente na Internet favor\u00e1vel \u00e0s crian\u00e7as. O S\u00edtio n\u00e3o se destina a crian\u00e7as com menos de 13 anos e n\u00e3o recolheremos intencionalmente informa\u00e7\u00f5es pessoais identific\u00e1veis de crian\u00e7as com menos de 13 anos. Se tivermos conhecimento de que obtivemos informa\u00e7\u00f5es de identifica\u00e7\u00e3o pessoal de uma crian\u00e7a com menos de 13 anos, eliminaremos essas informa\u00e7\u00f5es.<\/p>\n<p>[\/et_pb_text][et_pb_text admin_label=&#8221;Cookies, balises Internet et publicit\u00e9 en ligne &#8221; _builder_version=&#8221;3.2.1&#8243; custom_padding=&#8221;25px|||&#8221;]<\/p>\n<h4>Cookies, web beacons e publicidade em linha<\/h4>\n<p>[\/et_pb_text][et_pb_text _builder_version=&#8221;3.2.1&#8243;]<\/p>\n<p>Pode ser utilizada uma tecnologia denominada &#8220;cookies&#8221; para fornecer ao utilizador informa\u00e7\u00f5es personalizadas. Um &#8220;cookie&#8221; \u00e9 um pequeno elemento de dados que um s\u00edtio Web pode enviar para o seu navegador, onde \u00e9 armazenado para que possamos reconhec\u00ea-lo quando regressar. Pode obter mais informa\u00e7\u00f5es sobre a forma como utilizamos cookies e tecnologias de rastreio semelhantes na <a href=\"https:\/\/lecoindelara.com\/pt-pt\/cookies\/\">p\u00e1gina Cookies<\/a>.<\/p>\n<p>[\/et_pb_text][et_pb_text admin_label=&#8221;Acc\u00e8s aux r\u00e9seaux sociaux &#8221; _builder_version=&#8221;3.2.1&#8243; custom_padding=&#8221;25px|||&#8221;]<\/p>\n<h4>Acesso \u00e0s redes sociais<\/h4>\n<p>[\/et_pb_text][et_pb_text _builder_version=&#8221;3.2.1&#8243;]<\/p>\n<p>Se o utilizador se ligar ou estabelecer uma liga\u00e7\u00e3o ao S\u00edtio atrav\u00e9s de um servi\u00e7o de rede social, como o Facebook ou o Youtube e outros servi\u00e7os, quaisquer informa\u00e7\u00f5es que nos forne\u00e7a (ou tenha fornecido) ficam sujeitas ao aviso de privacidade dessa rede\/servi\u00e7o social. N\u00e3o controlamos e n\u00e3o somos respons\u00e1veis pelas pr\u00e1ticas de confidencialidade dessas redes ou servi\u00e7os. O utilizador deve consultar o aviso de privacidade dessas redes\/servi\u00e7os.<\/p>\n<p>[\/et_pb_text][et_pb_text admin_label=&#8221;S\u00e9curit\u00e9&#8221; _builder_version=&#8221;3.2.1&#8243; custom_padding=&#8221;25px|||&#8221;]<\/p>\n<h4>Seguran\u00e7a<\/h4>\n<p>[\/et_pb_text][et_pb_text _builder_version=&#8221;3.2.1&#8243;]<\/p>\n<p>Este s\u00edtio implementou medidas de seguran\u00e7a t\u00e9cnicas e organizacionais. Algumas das medidas que utilizamos em diferentes circunst\u00e2ncias s\u00e3o a encripta\u00e7\u00e3o, pontos de entrada seguros nos nossos servidores, an\u00e1lise de vulnerabilidades, testes de penetra\u00e7\u00e3o e monitoriza\u00e7\u00e3o e forma\u00e7\u00e3o do nosso pessoal para proteger contra a perda, utiliza\u00e7\u00e3o indevida e altera\u00e7\u00e3o das informa\u00e7\u00f5es sob o nosso controlo. No entanto, nenhum sistema \u00e9 perfeito ou pode garantir que n\u00e3o haver\u00e1 acesso n\u00e3o autorizado ou roubo de informa\u00e7\u00f5es.<\/p>\n<p>[\/et_pb_text][et_pb_text admin_label=&#8221;Conservation des donn\u00e9es&#8221; _builder_version=&#8221;3.2.1&#8243; custom_padding=&#8221;25px|||&#8221;]<\/p>\n<h4>Reten\u00e7\u00e3o de dados<\/h4>\n<p>[\/et_pb_text][et_pb_text _builder_version=&#8221;3.2.1&#8243;]<\/p>\n<p>Conservamos as informa\u00e7\u00f5es pessoais que recolhemos do utilizador quando temos uma necessidade comercial leg\u00edtima para o fazer, por exemplo, para lhe prestar um servi\u00e7o que tenha solicitado, para conservar as suas informa\u00e7\u00f5es para futuros fins de marketing ou para cumprir os requisitos legais, fiscais ou contabil\u00edsticos aplic\u00e1veis.<\/p>\n<p>Quando n\u00e3o houver necessidade comercial leg\u00edtima de processar as suas informa\u00e7\u00f5es pessoais, estas ser\u00e3o eliminadas ou tornadas an\u00f3nimas ou, se tal n\u00e3o for poss\u00edvel (por exemplo, porque as suas informa\u00e7\u00f5es pessoais foram armazenadas num arquivo de seguran\u00e7a), armazenaremos as suas informa\u00e7\u00f5es pessoais de forma segura e isol\u00e1-las-emos de qualquer outro processamento at\u00e9 que a elimina\u00e7\u00e3o seja poss\u00edvel.<\/p>\n<p>Em caso de subscri\u00e7\u00e3o das nossas newsletters e ofertas de produtos, o endere\u00e7o de correio eletr\u00f3nico ser\u00e1 conservado at\u00e9 que o Utilizador cancele a sua subscri\u00e7\u00e3o.<\/p>\n<p>[\/et_pb_text][et_pb_text admin_label=&#8221;site de tier&#8221; _builder_version=&#8221;3.2.1&#8243; custom_padding=&#8221;25px|||&#8221;]<\/p>\n<h4>S\u00edtios de terceiros<\/h4>\n<p>[\/et_pb_text][et_pb_text _builder_version=&#8221;3.2.1&#8243;]<\/p>\n<p>Este S\u00edtio pode conter liga\u00e7\u00f5es a outros s\u00edtios de terceiros. N\u00e3o somos respons\u00e1veis pelo conte\u00fado desses s\u00edtios Web ou pelas pr\u00e1ticas de prote\u00e7\u00e3o da privacidade desses outros s\u00edtios ou dos s\u00edtios para os quais possam, por sua vez, estabelecer liga\u00e7\u00f5es.<\/p>\n<p>[\/et_pb_text][et_pb_text admin_label=&#8221;Vos droits en mati\u00e8re de protection des donn\u00e9es&#8221; _builder_version=&#8221;3.2.1&#8243; custom_padding=&#8221;25px|||&#8221;]<\/p>\n<h4>Os seus direitos de prote\u00e7\u00e3o de dados<\/h4>\n<p>[\/et_pb_text][et_pb_text _builder_version=&#8221;3.2.1&#8243;]<\/p>\n<p>Se fores residente no Espa\u00e7o Econ\u00f3mico Europeu, ou em determinadas outras situa\u00e7\u00f5es, tens os seguintes direitos de prote\u00e7\u00e3o de dados, que podes exercer contactando-nos atrav\u00e9s dos dados abaixo indicados:<br \/>\n&#8211; O direito de aceder, retificar, atualizar ou apagar as tuas informa\u00e7\u00f5es pessoais.<br \/>\n&#8211; O direito de te opores ao processamento das tuas informa\u00e7\u00f5es pessoais, de nos pedires para restringir o processamento das tuas informa\u00e7\u00f5es pessoais ou de solicitares a transfer\u00eancia das tuas informa\u00e7\u00f5es pessoais.<br \/>\n&#8211; O direito de recusar comunica\u00e7\u00f5es de marketing que te enviamos a qualquer momento. O utilizador pode exercer este direito clicando na liga\u00e7\u00e3o &#8220;cancelar a subscri\u00e7\u00e3o&#8221; ou &#8220;optar por n\u00e3o participar&#8221; nas mensagens de marketing que lhe enviamos. Em alternativa, pode indicar as suas prefer\u00eancias de marketing por correio eletr\u00f3nico, telefone ou correio quando se regista, ou a qualquer momento, contactando-nos atrav\u00e9s dos dados de contacto fornecidos abaixo.<br \/>\n&#8211; O direito, se tivermos recolhido e processado as suas informa\u00e7\u00f5es pessoais com o seu consentimento, de retirar o seu consentimento em qualquer altura. A retirada do seu consentimento n\u00e3o afectar\u00e1 a legalidade de qualquer tratamento que tenhamos efectuado antes da sua retirada, nem o tratamento das suas informa\u00e7\u00f5es pessoais efectuado por motivos legais que n\u00e3o o consentimento.<\/p>\n<p>Respondemos a todos os pedidos que recebemos de pessoas que pretendem exercer os seus direitos de prote\u00e7\u00e3o de dados em conformidade com a legisla\u00e7\u00e3o aplic\u00e1vel.<\/p>\n<p>Tem tamb\u00e9m o direito de apresentar queixa a uma autoridade de prote\u00e7\u00e3o de dados sobre a recolha e utiliza\u00e7\u00e3o das suas informa\u00e7\u00f5es pessoais. Para mais informa\u00e7\u00f5es, contacte a sua autoridade local de prote\u00e7\u00e3o de dados.<\/p>\n<p>[\/et_pb_text][et_pb_text admin_label=&#8221;Modifications et mises \u00e0 jour&#8221; _builder_version=&#8221;3.2.1&#8243; custom_padding=&#8221;25px|||&#8221;]<\/p>\n<h4>Altera\u00e7\u00f5es e actualiza\u00e7\u00f5es<\/h4>\n<p>[\/et_pb_text][et_pb_text _builder_version=&#8221;3.2.1&#8243;]<\/p>\n<p>A presente declara\u00e7\u00e3o de confidencialidade pode ser alterada ocasionalmente. Quando actualizarmos o nosso aviso de privacidade, tomaremos as medidas adequadas para o informar, de acordo com a import\u00e2ncia das altera\u00e7\u00f5es que estamos a fazer. Se o utilizador n\u00e3o concordar com esta pol\u00edtica, deve deixar imediatamente de utilizar o S\u00edtio. Pode ver quando \u00e9 que esta Declara\u00e7\u00e3o de Privacidade foi actualizada pela \u00faltima vez verificando a data da &#8220;\u00faltima atualiza\u00e7\u00e3o&#8221; na parte superior da Declara\u00e7\u00e3o de Privacidade.<\/p>\n<p>Se tiver quaisquer perguntas ou d\u00favidas sobre a utiliza\u00e7\u00e3o das suas informa\u00e7\u00f5es pessoais, contacte-nos enviando uma mensagem de correio eletr\u00f3nico para o seguinte endere\u00e7o: <strong>info@lecoindelara.com<\/strong><\/p>\n<p>&nbsp;<\/p>\n<p>&nbsp;<\/p>\n<p>[\/et_pb_text][\/et_pb_column][et_pb_column type=&#8221;1_3&#8243;][\/et_pb_column][\/et_pb_row][\/et_pb_section]<\/p>\n","protected":false},"excerpt":{"rendered":"<p><div class=\"et_pb_row et_pb_row_0 et_pb_row_empty\">\n\t\t\t\t\n\t\t\t\t\n\t\t\t\t\n\t\t\t\t\n\t\t\t\t\n\t\t\t<\/div> Pol\u00edtica de Privacidade <div class=\"et_pb_row et_pb_row_1 et_pb_row_empty\">\n\t\t\t\t\n\t\t\t\t\n\t\t\t\t\n\t\t\t\t\n\t\t\t\t\n\t\t\t<\/div> &nbsp; Este s\u00edtio Web \u00e9 gerido pelo AJ TROMEUR (&#8220;n\u00f3s&#8221; ou &#8220;nos&#8221;) e, em alguns casos, pode ser gerido em conjunto com um dos nossos parceiros de distribui\u00e7\u00e3o. O s\u00edtio Web LE COIN DE LARA em causa \u00e9 aquele a que o utilizador forneceu as suas informa\u00e7\u00f5es pessoais. Estamos preocupados [&hellip;]<\/p>\n","protected":false},"author":1,"featured_media":0,"parent":0,"menu_order":0,"comment_status":"closed","ping_status":"closed","template":"","meta":{"_et_pb_use_builder":"on","_et_pb_old_content":"","_et_gb_content_width":"","footnotes":""},"class_list":["post-44739","page","type-page","status-publish","hentry"],"aioseo_notices":[],"_links":{"self":[{"href":"https:\/\/lecoindelara.com\/pt-pt\/wp-json\/wp\/v2\/pages\/44739","targetHints":{"allow":["GET"]}}],"collection":[{"href":"https:\/\/lecoindelara.com\/pt-pt\/wp-json\/wp\/v2\/pages"}],"about":[{"href":"https:\/\/lecoindelara.com\/pt-pt\/wp-json\/wp\/v2\/types\/page"}],"author":[{"embeddable":true,"href":"https:\/\/lecoindelara.com\/pt-pt\/wp-json\/wp\/v2\/users\/1"}],"replies":[{"embeddable":true,"href":"https:\/\/lecoindelara.com\/pt-pt\/wp-json\/wp\/v2\/comments?post=44739"}],"version-history":[{"count":2,"href":"https:\/\/lecoindelara.com\/pt-pt\/wp-json\/wp\/v2\/pages\/44739\/revisions"}],"predecessor-version":[{"id":65770,"href":"https:\/\/lecoindelara.com\/pt-pt\/wp-json\/wp\/v2\/pages\/44739\/revisions\/65770"}],"wp:attachment":[{"href":"https:\/\/lecoindelara.com\/pt-pt\/wp-json\/wp\/v2\/media?parent=44739"}],"curies":[{"name":"wp","href":"https:\/\/api.w.org\/{rel}","templated":true}]}}