{"id":44751,"date":"2016-05-15T16:51:29","date_gmt":"2016-05-15T15:51:29","guid":{"rendered":"https:\/\/lecoindelara.com\/noticia-legal\/"},"modified":"2026-01-09T15:37:27","modified_gmt":"2026-01-09T14:37:27","slug":"noticia-legal","status":"publish","type":"page","link":"https:\/\/lecoindelara.com\/pt-pt\/noticia-legal\/","title":{"rendered":"Not\u00edcia legal"},"content":{"rendered":"<p>[et_pb_section fb_built=&#8221;1&#8243; _builder_version=&#8221;4.16&#8243; global_colors_info=&#8221;{}&#8221;][et_pb_row _builder_version=&#8221;4.16&#8243; custom_padding=&#8221;30px|||&#8221; global_colors_info=&#8221;{}&#8221;][et_pb_column type=&#8221;4_4&#8243; _builder_version=&#8221;4.16&#8243; custom_padding=&#8221;|||&#8221; global_colors_info=&#8221;{}&#8221; custom_padding__hover=&#8221;|||&#8221;][et_pb_text _builder_version=&#8221;4.16&#8243; global_colors_info=&#8221;{}&#8221;]<\/p>\n<h2 style=\"text-align: center;\">Not\u00edcia legal<\/h2>\n<p>[\/et_pb_text][et_pb_text _builder_version=&#8221;4.16&#8243; custom_margin=&#8221;0px|||&#8221; custom_padding=&#8221;0px|||&#8221; global_colors_info=&#8221;{}&#8221;]<\/p>\n<p style=\"text-align: center;\">(OBRIGAT\u00d3RIO PARA UM S\u00cdTIO WEB)<\/p>\n<p>[\/et_pb_text][\/et_pb_column][\/et_pb_row][et_pb_row column_structure=&#8221;1_3,1_3,1_3&#8243; _builder_version=&#8221;4.16&#8243; custom_padding=&#8221;30px|||&#8221; hover_enabled=&#8221;0&#8243; global_colors_info=&#8221;{}&#8221; sticky_enabled=&#8221;0&#8243;][et_pb_column type=&#8221;1_3&#8243; _builder_version=&#8221;4.16&#8243; custom_padding=&#8221;|||&#8221; global_colors_info=&#8221;{}&#8221; custom_padding__hover=&#8221;|||&#8221;][et_pb_text _builder_version=&#8221;4.27.4&#8243; hover_enabled=&#8221;0&#8243; global_colors_info=&#8221;{}&#8221; sticky_enabled=&#8221;0&#8243;]<\/p>\n<div> <strong>Lecoindelara<\/strong> \u00e9 um s\u00edtio que pertence \u00e0 empresa:<\/div>\n<div><\/div>\n<div style=\"text-align: left;\"><\/div>\n<div style=\"text-align: left;\"><strong>O canto da Lara<\/strong><\/div>\n<div style=\"text-align: left;\">Agnieszka Tromeur<br \/>9, Rue Pen ar Bed<\/div>\n<div style=\"text-align: left;\">29217 LE CONQUET<\/div>\n<div style=\"text-align: left;\">FRAN\u00c7A<br \/><span>SIRENE : 991 001 280 <\/span> <\/div>\n<div style=\"text-align: left;\"><span>N\u00famero RCS: 991 001 280 R.C.S. Brest<\/span><\/div>\n<p>[\/et_pb_text][\/et_pb_column][et_pb_column type=&#8221;1_3&#8243; _builder_version=&#8221;4.16&#8243; custom_padding=&#8221;|||&#8221; global_colors_info=&#8221;{}&#8221; custom_padding__hover=&#8221;|||&#8221;][et_pb_text _builder_version=&#8221;4.27.4&#8243; hover_enabled=&#8221;0&#8243; global_colors_info=&#8221;{}&#8221; sticky_enabled=&#8221;0&#8243;]<\/p>\n<p><strong>Anfitri\u00e3o<\/strong><\/p>\n<p><strong>Hostinger International Ltd<\/strong><br \/>61 Lordou Vironos Street, 6023 Larnaca, Chipre<\/p>\n<p>[\/et_pb_text][\/et_pb_column][et_pb_column type=&#8221;1_3&#8243; _builder_version=&#8221;4.16&#8243; custom_padding=&#8221;|||&#8221; global_colors_info=&#8221;{}&#8221; custom_padding__hover=&#8221;|||&#8221;][et_pb_text _builder_version=&#8221;4.16&#8243; global_colors_info=&#8221;{}&#8221;]<\/p>\n<p><strong>S\u00edtio Web concebido por: <\/strong><\/p>\n<p>Julien Tromeur et Agnieszka Tromeur<\/p>\n<p>[\/et_pb_text][\/et_pb_column][\/et_pb_row][\/et_pb_section][et_pb_section fb_built=&#8221;1&#8243; _builder_version=&#8221;4.27.4&#8243; _module_preset=&#8221;default&#8221; global_colors_info=&#8221;{}&#8221;][et_pb_row _builder_version=&#8221;4.27.4&#8243; _module_preset=&#8221;default&#8221; global_colors_info=&#8221;{}&#8221;][et_pb_column type=&#8221;4_4&#8243; _builder_version=&#8221;4.27.4&#8243; _module_preset=&#8221;default&#8221; global_colors_info=&#8221;{}&#8221;][et_pb_text _builder_version=&#8221;4.27.4&#8243; _module_preset=&#8221;default&#8221; hover_enabled=&#8221;0&#8243; global_colors_info=&#8221;{}&#8221; sticky_enabled=&#8221;0&#8243;]<\/p>\n<h3><\/h3>\n<div><\/div>\n<h3>1. Apresenta\u00e7\u00e3o do s\u00edtio<\/h3>\n<div><\/div>\n<div>O s\u00edtio Web <a href=\"http:\/\/lecoindelara.com\/\" target=\"_blank\" rel=\"noopener\">lecoindelara.com <\/a>\u00e9 um s\u00edtio de com\u00e9rcio eletr\u00f3nico para a venda de carrinhos de beb\u00e9 e equipamento para beb\u00e9s, propriedade da empresa :<\/div>\n<div><\/div>\n<div>O CANTO DE LARA<\/div>\n<div>Agnieszka Tromeur<\/div>\n<div>9, Rue Pen ar Bed<\/div>\n<div>29217 LE CONQUET<\/div>\n<div>FRAN\u00c7A<\/div>\n<div><\/div>\n<h3>2. Informa\u00e7\u00e3o jur\u00eddica<\/h3>\n<div><\/div>\n<div>\n<table class=\"grow\">\n<tbody>\n<tr>\n<th>SIREN :<\/th>\n<td>991 001 280<span> <\/span><span class=\"far fa-copy clipboard\"><\/span><\/td>\n<\/tr>\n<tr>\n<th>SIRET (sede) :<\/th>\n<td>991 001 280 00015<span> <\/span><span class=\"far fa-copy clipboard\"><\/span><\/td>\n<\/tr>\n<tr>\n<th>Forma jur\u00eddica :<\/th>\n<td>Comerciante em nome individual<\/td>\n<\/tr>\n<tr>\n<th>Microempresas :<\/th>\n<td>Sim<\/td>\n<\/tr>\n<tr>\n<th>N\u00famero de IVA :<\/th>\n<td class=\"flex items-center\">\n<div><span>&#8211;<\/span><a class=\"tooltip\" href=\"https:\/\/ec.europa.eu\/taxation_customs\/vies\/?locale=fr\" target=\"_blank\" rel=\"noreferrer noopener nofollow\"><\/a><span class=\"far fa-copy clipboard\"><\/span><\/div>\n<\/td>\n<\/tr>\n<tr>\n<th>Registado no RCS :<\/th>\n<td><span class=\"actif\">REGISTADO<span> <\/span><i class=\"far fa-check-circle\"><\/i> <\/span><span> <\/span> (no cart\u00f3rio da BREST em 08\/09\/2025)<\/td>\n<\/tr>\n<tr>\n<th>Registo RNE :<\/th>\n<td><span class=\"actif\">REGISTADO<span> <\/span><i class=\"far fa-check-circle\"><\/i><\/span><\/td>\n<\/tr>\n<tr>\n<th>N\u00famero RCS :<\/th>\n<td>991 001 280 R.C.S. Brest<span> <\/span><span class=\"far fa-copy clipboard\"><\/span><\/td>\n<\/tr>\n<\/tbody>\n<\/table>\n<\/div>\n<div><\/div>\n<h3>3. Alojamento do s\u00edtio<\/h3>\n<div><\/div>\n<div>O s\u00edtio web <a href=\"http:\/\/lecoindelara.com\/\" target=\"_blank\" rel=\"noopener\">lecoindelara.com<\/a> est\u00e1 alojado em :<\/div>\n<div><\/div>\n<div><strong>Hostinger International Ltd<\/strong><br \/>61 Lordou Vironos Street, 6023 Larnaca, Chipre<\/div>\n<div><\/div>\n<h3>4. Cria\u00e7\u00e3o de s\u00edtios<\/h3>\n<div><\/div>\n<div>O s\u00edtio Web foi concebido por :<\/div>\n<div><\/div>\n<div>Julien Tromeur et Agnieszka Tromeur<\/div>\n<div><\/div>\n<h3>5. Dados pessoais<\/h3>\n<div><\/div>\n<div>Os dados pessoais recolhidos neste s\u00edtio destinam-se a ser utilizados por LE COIN DE LARA Agnieszka Tromeur. De acordo com a lei francesa de prote\u00e7\u00e3o de dados de 6 de janeiro de 1978 e o Regulamento Geral de Prote\u00e7\u00e3o de Dados (RGPD), tens o direito de aceder, retificar e opor-se aos teus dados pessoais. Para exercer este direito, contacta-nos para o seguinte endere\u00e7o  <\/div>\n<div><\/div>\n<div>O CANTO DE LARA<\/div>\n<div>AGNIESZKA TROMEUR<\/div>\n<div>9, Rue Pen ar Bed<\/div>\n<div>29217 LE CONQUET<\/div>\n<div>FRAN\u00c7A<\/div>\n<div>Email : info@lecoindelara.com<\/div>\n<div><\/div>\n<div>Tamb\u00e9m utilizamos cookies para melhorar a tua experi\u00eancia no nosso site. Podes gerir as tuas prefer\u00eancias de cookies atrav\u00e9s do teu browser. <\/div>\n<div><\/div>\n<h3>6. Termos e condi\u00e7\u00f5es gerais de venda (TCGV)<\/h3>\n<div><\/div>\n<div>As condi\u00e7\u00f5es gerais de venda est\u00e3o dispon\u00edveis no s\u00edtio atrav\u00e9s da seguinte liga\u00e7\u00e3o:<a href=\"https:\/\/lecoindelara.com\/pt-pt\/termos-e-condicoes\/\"> Condi\u00e7\u00f5es Gerais de Venda.<\/a> Estas condi\u00e7\u00f5es gerais especificam as condi\u00e7\u00f5es de venda, de entrega e de devolu\u00e7\u00e3o, bem como as garantias legais aplic\u00e1veis.<\/div>\n<div><\/div>\n<h3>7. Direitos de propriedade intelectual<\/h3>\n<div><\/div>\n<div>A estrutura e o conte\u00fado do s\u00edtio <a href=\"http:\/\/lecoindelara.com\/\" target=\"_blank\" rel=\"noopener\">lecoindelara.com<\/a> est\u00e3o protegidos pelo direito de autor e pelo direito de propriedade intelectual. \u00c9 proibida qualquer reprodu\u00e7\u00e3o, total ou parcial, deste s\u00edtio, ou de qualquer dos seus componentes, sem a autoriza\u00e7\u00e3o expressa de LE COIN DE LARA Agnieszka Tromeur <\/div>\n<div><\/div>\n<h3>8. Controv\u00e9rsias<\/h3>\n<div><\/div>\n<div>Em caso de lit\u00edgio, \u00e9 aplic\u00e1vel a lei francesa e s\u00f3 os tribunais franceses s\u00e3o competentes. Informamos-te igualmente da possibilidade de recorrer a um mediador em caso de lit\u00edgio. <\/div>\n<div><\/div>\n<h3>9. Contacta<\/h3>\n<div><\/div>\n<div>Se tiveres alguma quest\u00e3o sobre este aviso legal, contacta-nos atrav\u00e9s do endere\u00e7o :info@lecoindelara.com<\/div>\n<p>[\/et_pb_text][\/et_pb_column][\/et_pb_row][\/et_pb_section]<\/p>\n","protected":false},"excerpt":{"rendered":"<p>Not\u00edcia legal (OBRIGAT\u00d3RIO PARA UM S\u00cdTIO WEB) Lecoindelara \u00e9 um s\u00edtio que pertence \u00e0 empresa: O canto da Lara Agnieszka Tromeur9, Rue Pen ar Bed 29217 LE CONQUET FRAN\u00c7ASIRENE : 991 001 280 N\u00famero RCS: 991 001 280 R.C.S. BrestAnfitri\u00e3o Hostinger International Ltd61 Lordou Vironos Street, 6023 Larnaca, ChipreS\u00edtio Web concebido por: Julien Tromeur et [&hellip;]<\/p>\n","protected":false},"author":1,"featured_media":0,"parent":0,"menu_order":0,"comment_status":"closed","ping_status":"closed","template":"","meta":{"_et_pb_use_builder":"on","_et_pb_old_content":"","_et_gb_content_width":"","footnotes":""},"class_list":["post-44751","page","type-page","status-publish","hentry"],"aioseo_notices":[],"_links":{"self":[{"href":"https:\/\/lecoindelara.com\/pt-pt\/wp-json\/wp\/v2\/pages\/44751","targetHints":{"allow":["GET"]}}],"collection":[{"href":"https:\/\/lecoindelara.com\/pt-pt\/wp-json\/wp\/v2\/pages"}],"about":[{"href":"https:\/\/lecoindelara.com\/pt-pt\/wp-json\/wp\/v2\/types\/page"}],"author":[{"embeddable":true,"href":"https:\/\/lecoindelara.com\/pt-pt\/wp-json\/wp\/v2\/users\/1"}],"replies":[{"embeddable":true,"href":"https:\/\/lecoindelara.com\/pt-pt\/wp-json\/wp\/v2\/comments?post=44751"}],"version-history":[{"count":2,"href":"https:\/\/lecoindelara.com\/pt-pt\/wp-json\/wp\/v2\/pages\/44751\/revisions"}],"predecessor-version":[{"id":65812,"href":"https:\/\/lecoindelara.com\/pt-pt\/wp-json\/wp\/v2\/pages\/44751\/revisions\/65812"}],"wp:attachment":[{"href":"https:\/\/lecoindelara.com\/pt-pt\/wp-json\/wp\/v2\/media?parent=44751"}],"curies":[{"name":"wp","href":"https:\/\/api.w.org\/{rel}","templated":true}]}}