{"id":44762,"date":"2018-08-28T10:16:15","date_gmt":"2018-08-28T09:16:15","guid":{"rendered":"https:\/\/lecoindelara.com\/cookies\/"},"modified":"2025-10-28T17:18:27","modified_gmt":"2025-10-28T16:18:27","slug":"cookies","status":"publish","type":"page","link":"https:\/\/lecoindelara.com\/pt-pt\/cookies\/","title":{"rendered":"Cookies"},"content":{"rendered":"<p>[et_pb_section bb_built=&#8221;1&#8243; _builder_version=&#8221;3.2.1&#8243;][et_pb_row _builder_version=&#8221;3.2.1&#8243; custom_padding=&#8221;30px|||&#8221;][et_pb_column type=&#8221;4_4&#8243;][et_pb_text _builder_version=&#8221;3.2.1&#8243;]<\/p>\n<h1>COOKIES<\/h1>\n<p>[\/et_pb_text][\/et_pb_column][\/et_pb_row][et_pb_row _builder_version=&#8221;3.2.1&#8243; custom_padding=&#8221;20px|||&#8221;][et_pb_column type=&#8221;1_2&#8243;][et_pb_text _builder_version=&#8221;3.2.1&#8243;]<\/p>\n<p>Este Aviso de Cookies explica como os s\u00edtios Web operados pela empresa AJ TROMEUR (&#8220;n\u00f3s&#8221;) (e que, em alguns casos, podem ser operados conjuntamente com um dos nossos parceiros de distribui\u00e7\u00e3o) utilizam cookies e tecnologias semelhantes para o reconhecer quando visita os nossos s\u00edtios Web (&#8220;S\u00edtios Web&#8221;). Explica o que s\u00e3o estas tecnologias e porque as utilizamos, bem como os seus direitos para controlar a nossa utiliza\u00e7\u00e3o destas tecnologias.<\/p>\n<p><strong>O que s\u00e3o bolachas?<\/strong><\/p>\n<p>Os cookies s\u00e3o pequenos ficheiros de dados que s\u00e3o colocados no seu computador ou dispositivo m\u00f3vel quando visita um s\u00edtio Web. Os cookies s\u00e3o amplamente utilizados pelos propriet\u00e1rios de s\u00edtios Web para fazer com que os s\u00edtios em quest\u00e3o funcionem ou trabalhem de forma mais eficiente, bem como para fornecer informa\u00e7\u00f5es sobre relat\u00f3rios.<\/p>\n<p>Os cookies instalados pelo propriet\u00e1rio do s\u00edtio Web (neste caso, AJ TROMEUR) s\u00e3o conhecidos como &#8220;cookies prim\u00e1rios&#8221;. Os cookies definidos por outras entidades que n\u00e3o o propriet\u00e1rio do s\u00edtio Web s\u00e3o conhecidos como &#8220;cookies de terceiros&#8221;. Os cookies de terceiros permitem que fun\u00e7\u00f5es ou caracter\u00edsticas de terceiros sejam fornecidas no ou atrav\u00e9s do s\u00edtio Web (por exemplo, publicidade, conte\u00fado interativo e an\u00e1lises). As partes que instalam estes cookies de terceiros podem reconhecer o seu computador quando este visita o s\u00edtio Web em quest\u00e3o e quando visita determinados outros s\u00edtios Web.<\/p>\n<p><strong>Porque \u00e9 que utilizamos cookies?<\/strong><\/p>\n<p>Utilizamos cookies pr\u00f3prios e de terceiros por v\u00e1rias raz\u00f5es. Alguns cookies s\u00e3o necess\u00e1rios por raz\u00f5es t\u00e9cnicas para o bom funcionamento dos nossos s\u00edtios Web, e chamamos-lhes cookies &#8220;essenciais&#8221; ou &#8220;estritamente necess\u00e1rios&#8221;. Outros cookies tamb\u00e9m nos permitem rastrear e direcionar os interesses dos nossos utilizadores de modo a melhorar a experi\u00eancia do utilizador nos nossos s\u00edtios Web. Os terceiros utilizam cookies nos nossos s\u00edtios Web para fins publicit\u00e1rios, anal\u00edticos e outros. Esta quest\u00e3o \u00e9 descrita em pormenor mais adiante.<\/p>\n<p>Os tipos espec\u00edficos de cookies pr\u00f3prios e de terceiros utilizados nos nossos s\u00edtios Web e as finalidades para as quais s\u00e3o utilizados est\u00e3o descritos na tabela abaixo (tenha em aten\u00e7\u00e3o que os cookies espec\u00edficos utilizados podem variar consoante o s\u00edtio Web que visitar):<\/p>\n<p>[\/et_pb_text][\/et_pb_column][et_pb_column type=&#8221;1_2&#8243;][et_pb_image _builder_version=&#8221;3.2.1&#8243; src=&#8221;https:\/\/lecoindelara.com\/wp-content\/uploads\/2018\/08\/Cookies.jpg&#8221; \/][\/et_pb_column][\/et_pb_row][et_pb_row][et_pb_column type=&#8221;1_2&#8243;][et_pb_text _builder_version=&#8221;3.2.1&#8243;]<\/p>\n<p>&nbsp;<\/p>\n<table style=\"height: 1962px;\" border=\"1\" width=\"584\" cellspacing=\"0\" cellpadding=\"0\">\n<tbody>\n<tr>\n<td valign=\"top\"><strong>Tipos de cookies<\/strong><\/td>\n<td valign=\"top\"><strong>Quem utiliza estes cookies<\/strong><\/td>\n<td valign=\"top\"><strong>Como os recusar <\/strong><\/td>\n<\/tr>\n<tr>\n<td valign=\"top\"><strong>Cookies essenciais do s\u00edtio Web:<\/strong> Estes cookies s\u00e3o estritamente necess\u00e1rios para lhe fornecer os servi\u00e7os dispon\u00edveis nos nossos s\u00edtios Web e para utilizar algumas das suas funcionalidades, como o acesso a \u00e1reas seguras.<\/td>\n<td valign=\"top\"> AJ TROMEUR<\/td>\n<td valign=\"top\">Uma vez que estes cookies s\u00e3o estritamente necess\u00e1rios para lhe fornecer os s\u00edtios Web, n\u00e3o os pode recusar.<\/p>\n<p>Pode bloque\u00e1-los ou elimin\u00e1-los alterando as defini\u00e7\u00f5es do seu browser, conforme descrito abaixo em &#8220;Como posso controlar os cookies?&#8221;.<\/td>\n<\/tr>\n<tr>\n<td valign=\"top\"><strong>Cookies de desempenho, funcionalidade, personaliza\u00e7\u00e3o e an\u00e1lise:<\/strong> Estes cookies s\u00e3o utilizados para melhorar o desempenho e a funcionalidade dos nossos s\u00edtios Web, mas n\u00e3o s\u00e3o essenciais para a sua utiliza\u00e7\u00e3o. No entanto, sem estes cookies, certas funcionalidades (como v\u00eddeos e \u00e1reas de in\u00edcio de sess\u00e3o seguras) podem ficar indispon\u00edveis. Pode tamb\u00e9m ser utilizada de forma agregada para nos ajudar a compreender a forma como os nossos s\u00edtios Web s\u00e3o utilizados ou a efic\u00e1cia das campanhas de marketing, ou para nos ajudar a personalizar os nossos s\u00edtios Web para o utilizador.<\/p>\n<p>&nbsp;<\/td>\n<td valign=\"top\">&nbsp;<\/p>\n<ul>\n<li><a href=\"https:\/\/www.facebook.com\/\">Facebook<\/a><\/li>\n<li><a href=\"https:\/\/www.google.com\/analytics\">GoogleAnalytics<\/a><\/li>\n<\/ul>\n<\/td>\n<td valign=\"top\">Para recusar estes cookies, siga as instru\u00e7\u00f5es abaixo sob o t\u00edtulo &#8220;Como posso controlar os cookies?&#8221;.<\/td>\n<\/tr>\n<tr>\n<td valign=\"top\"><strong>Cookies de publicidade:<\/strong> Estes cookies s\u00e3o utilizados para tornar as mensagens publicit\u00e1rias mais relevantes para o utilizador. Desempenham fun\u00e7\u00f5es como impedir que o mesmo an\u00fancio volte a aparecer continuamente, garantir que os an\u00fancios s\u00e3o apresentados corretamente para os anunciantes e, em alguns casos, selecionar an\u00fancios com base nos seus centros de interesse.<\/p>\n<p>&nbsp;<\/td>\n<td valign=\"top\">&nbsp;<\/p>\n<ul>\n<li><a href=\"https:\/\/www.google.com\/\">Google<\/a><\/li>\n<\/ul>\n<\/td>\n<td valign=\"top\">Para recusar estes cookies, siga as instru\u00e7\u00f5es abaixo sob o t\u00edtulo &#8220;Como posso controlar os cookies?&#8221;.<\/td>\n<\/tr>\n<tr>\n<td valign=\"top\"><strong>Cookies de redes sociais:<\/strong> Estes cookies s\u00e3o utilizados para lhe permitir partilhar p\u00e1ginas e conte\u00fados que considera interessantes nos nossos s\u00edtios Web atrav\u00e9s de redes sociais de terceiros e de outros s\u00edtios Web. Estes cookies podem tamb\u00e9m ser utilizados para fins publicit\u00e1rios.<\/p>\n<p>&nbsp;<\/td>\n<td valign=\"top\">&nbsp;<\/p>\n<ul>\n<li><a href=\"https:\/\/www.facebook.com\/\">Facebook<\/a><\/li>\n<\/ul>\n<\/td>\n<td valign=\"top\">Para recusar estes cookies, siga as instru\u00e7\u00f5es abaixo sob o t\u00edtulo &#8220;Como posso controlar os cookies?&#8221;.<\/td>\n<\/tr>\n<\/tbody>\n<\/table>\n<p>[\/et_pb_text][\/et_pb_column][et_pb_column type=&#8221;1_2&#8243;][\/et_pb_column][\/et_pb_row][et_pb_row][et_pb_column type=&#8221;1_2&#8243;][et_pb_text _builder_version=&#8221;3.2.1&#8243;]<\/p>\n<p><strong>Outras tecnologias de rastreio<\/strong><\/p>\n<p>Os cookies n\u00e3o s\u00e3o o \u00fanico meio de reconhecer ou seguir os visitantes de um s\u00edtio Web. Podemos utilizar ocasionalmente outras tecnologias semelhantes, como web beacons (por vezes designados por &#8220;tracking pixels&#8221; ou &#8220;clear gifs&#8221;). Trata-se de pequenos ficheiros gr\u00e1ficos que cont\u00eam um identificador \u00fanico que nos permite saber quando algu\u00e9m visitou os nossos s\u00edtios Web (ou abriu uma mensagem de correio eletr\u00f3nico que lhe envi\u00e1mos). Isto permite-nos, por exemplo, monitorizar o tr\u00e1fego de utilizadores de uma p\u00e1gina dos nossos s\u00edtios Web para outra, entregar ou comunicar com cookies, compreender se o utilizador chegou aos nossos s\u00edtios Web a partir de um an\u00fancio online apresentado num s\u00edtio Web de terceiros, melhorar o desempenho do s\u00edtio e medir o sucesso de campanhas de marketing por correio eletr\u00f3nico). Em muitos casos, estas tecnologias dependem dos cookies para funcionarem corretamente, pelo que a recusa de cookies impedir\u00e1 o seu correto funcionamento.<\/p>\n<p>Os nossos s\u00edtios Web tamb\u00e9m podem utilizar &#8220;Flash Cookies&#8221; (tamb\u00e9m conhecidos como &#8220;Local Shared Objects&#8221; ou &#8220;LSO&#8221;) para, entre outras coisas, recolher e armazenar informa\u00e7\u00f5es sobre a sua utiliza\u00e7\u00e3o dos nossos servi\u00e7os, preven\u00e7\u00e3o de fraudes e para outras opera\u00e7\u00f5es do s\u00edtio.<\/p>\n<p>Se n\u00e3o desejar que os Flash cookies sejam armazenados no seu computador, pode ajustar as defini\u00e7\u00f5es do seu Flash player para bloquear o armazenamento dos referidos cookies, utilizando as ferramentas contidas no painel de <a href=\"https:\/\/www.macromedia.com\/support\/documentation\/en\/flashplayer\/help\/settings_manager07.html\" target=\"_blank\" rel=\"noopener\">defini\u00e7\u00f5es de armazenamento do s\u00edtio Web.<\/a> Tamb\u00e9m pode controlar os Flash Cookies acedendo ao <a href=\"https:\/\/www.macromedia.com\/support\/documentation\/en\/flashplayer\/help\/settings_manager03.html\" target=\"_blank\" rel=\"noopener\">painel de defini\u00e7\u00f5es de armazenamento global<\/a>e seguindo as instru\u00e7\u00f5es (que podem incluir instru\u00e7\u00f5es que explicam, por exemplo, como eliminar Flash Cookies existentes (denominados &#8220;informa\u00e7\u00f5es&#8221; no site da Macromedia), como impedir que Flash LSOs sejam colocados no seu computador sem serem solicitados e (para o Flash Player 8 e vers\u00f5es posteriores) como bloquear Flash Cookies que n\u00e3o s\u00e3o fornecidos pelo operador da p\u00e1gina em que se encontra atualmente).<\/p>\n<p>Tenha em aten\u00e7\u00e3o que a defini\u00e7\u00e3o do Flash Player para restringir ou limitar a aceita\u00e7\u00e3o de Flash cookies pode reduzir ou prejudicar a funcionalidade de determinadas aplica\u00e7\u00f5es Flash, incluindo, potencialmente, aplica\u00e7\u00f5es Flash utilizadas em liga\u00e7\u00e3o com os nossos servi\u00e7os ou conte\u00fados online.<\/p>\n<p><strong>Publicidade direccionada<\/strong><\/p>\n<p>Terceiros podem colocar cookies no seu computador ou dispositivo m\u00f3vel para apresentar publicidade atrav\u00e9s dos nossos s\u00edtios Web. Estas empresas podem utilizar informa\u00e7\u00f5es sobre as suas visitas a este e a outros s\u00edtios Web para fornecer publicidade relevante sobre bens e servi\u00e7os que possam ser do seu interesse. Podem tamb\u00e9m utilizar a tecnologia para medir a efic\u00e1cia da publicidade. Para tal, podem utilizar cookies ou web beacons para recolher informa\u00e7\u00f5es sobre as suas visitas a este e a outros s\u00edtios, a fim de fornecer publicidade relevante sobre bens e servi\u00e7os que possam ser do seu interesse. As informa\u00e7\u00f5es recolhidas no \u00e2mbito deste processo n\u00e3o nos permitem identificar o seu nome, dados de contacto ou outros dados de identifica\u00e7\u00e3o pessoal, a menos que opte por os fornecer.<\/p>\n<p><strong>Como posso controlar os cookies?<\/strong><\/p>\n<p>O utilizador tem o direito de decidir se aceita ou n\u00e3o os cookies. O utilizador pode exercer as suas prefer\u00eancias em mat\u00e9ria de cookies clicando nas liga\u00e7\u00f5es de exclus\u00e3o adequadas fornecidas na tabela de cookies acima.<\/p>\n<p>Pode configurar ou modificar os controlos do seu navegador da Internet para aceitar ou rejeitar cookies. Se optar por rejeitar os cookies, pode continuar a utilizar o nosso s\u00edtio Web, embora o seu acesso a determinadas funcionalidades e \u00e1reas do nosso s\u00edtio possa ser restringido. Uma vez que os meios atrav\u00e9s dos quais pode recusar cookies atrav\u00e9s dos controlos do seu navegador da Internet variam de um navegador para outro, deve consultar o menu de ajuda do seu navegador para obter mais informa\u00e7\u00f5es.<\/p>\n<p>Al\u00e9m disso, a maioria das redes de publicidade oferece-lhe uma forma de optar por n\u00e3o receber publicidade direccionada. Para mais informa\u00e7\u00f5es, visite <a href=\"https:\/\/www.aboutads.info\/choices\/\">https:\/\/www.aboutads.info\/choices\/<\/a> ou <a href=\"https:\/\/www.youronlinechoices.com\/\">https:\/\/www.youronlinechoices.com.<\/a><\/p>\n<p><strong>Com que frequ\u00eancia actualizar\u00e1 este Aviso de Cookies?<\/strong><\/p>\n<p>Poderemos atualizar este Aviso de Cookies periodicamente para indicar, por exemplo, altera\u00e7\u00f5es aos cookies que utilizamos ou por outras raz\u00f5es operacionais, legais ou regulamentares. Consulte regularmente este Aviso para se manter atualizado sobre a nossa utiliza\u00e7\u00e3o de cookies e tecnologias relacionadas.<\/p>\n<p>A data no topo deste Aviso de Cookies indica quando foi atualizado pela \u00faltima vez.<\/p>\n<p><strong>Onde posso obter mais informa\u00e7\u00f5es?<\/strong><\/p>\n<p>Se tiver alguma d\u00favida sobre a nossa utiliza\u00e7\u00e3o de cookies ou outras tecnologias, envie-nos uma mensagem de correio eletr\u00f3nico para info@lecoindelara.com.<\/p>\n<p>&nbsp;<\/p>\n<p>&nbsp;<\/p>\n<p>[\/et_pb_text][\/et_pb_column][et_pb_column type=&#8221;1_2&#8243;][\/et_pb_column][\/et_pb_row][\/et_pb_section]<\/p>\n","protected":false},"excerpt":{"rendered":"<p>COOKIES Este Aviso de Cookies explica como os s\u00edtios Web operados pela empresa AJ TROMEUR (&#8220;n\u00f3s&#8221;) (e que, em alguns casos, podem ser operados conjuntamente com um dos nossos parceiros de distribui\u00e7\u00e3o) utilizam cookies e tecnologias semelhantes para o reconhecer quando visita os nossos s\u00edtios Web (&#8220;S\u00edtios Web&#8221;). Explica o que s\u00e3o estas tecnologias e [&hellip;]<\/p>\n","protected":false},"author":1,"featured_media":0,"parent":0,"menu_order":0,"comment_status":"closed","ping_status":"closed","template":"","meta":{"_et_pb_use_builder":"on","_et_pb_old_content":"","_et_gb_content_width":"","footnotes":""},"class_list":["post-44762","page","type-page","status-publish","hentry"],"aioseo_notices":[],"_links":{"self":[{"href":"https:\/\/lecoindelara.com\/pt-pt\/wp-json\/wp\/v2\/pages\/44762","targetHints":{"allow":["GET"]}}],"collection":[{"href":"https:\/\/lecoindelara.com\/pt-pt\/wp-json\/wp\/v2\/pages"}],"about":[{"href":"https:\/\/lecoindelara.com\/pt-pt\/wp-json\/wp\/v2\/types\/page"}],"author":[{"embeddable":true,"href":"https:\/\/lecoindelara.com\/pt-pt\/wp-json\/wp\/v2\/users\/1"}],"replies":[{"embeddable":true,"href":"https:\/\/lecoindelara.com\/pt-pt\/wp-json\/wp\/v2\/comments?post=44762"}],"version-history":[{"count":1,"href":"https:\/\/lecoindelara.com\/pt-pt\/wp-json\/wp\/v2\/pages\/44762\/revisions"}],"predecessor-version":[{"id":64209,"href":"https:\/\/lecoindelara.com\/pt-pt\/wp-json\/wp\/v2\/pages\/44762\/revisions\/64209"}],"wp:attachment":[{"href":"https:\/\/lecoindelara.com\/pt-pt\/wp-json\/wp\/v2\/media?parent=44762"}],"curies":[{"name":"wp","href":"https:\/\/api.w.org\/{rel}","templated":true}]}}