{"id":51779,"date":"2016-03-03T16:38:45","date_gmt":"2016-03-03T15:38:45","guid":{"rendered":"https:\/\/lecoindelara.com\/carrinhos-de-bebe-com-varios-lugares\/"},"modified":"2026-01-09T15:37:46","modified_gmt":"2026-01-09T14:37:46","slug":"carrinhos-de-bebe-com-varios-lugares","status":"publish","type":"page","link":"https:\/\/lecoindelara.com\/pt-pt\/carrinhos\/carrinhos-de-bebe-com-varios-lugares\/","title":{"rendered":"Carrinhos de beb\u00e9 com v\u00e1rios lugares"},"content":{"rendered":"<p>[et_pb_section fb_built=&#8221;1&#8243; _builder_version=&#8221;4.27.2&#8243; _module_preset=&#8221;default&#8221; global_colors_info=&#8221;{}&#8221;][et_pb_row _builder_version=&#8221;4.27.2&#8243; _module_preset=&#8221;default&#8221; global_colors_info=&#8221;{}&#8221;][et_pb_column type=&#8221;4_4&#8243; _builder_version=&#8221;4.27.2&#8243; _module_preset=&#8221;default&#8221; global_colors_info=&#8221;{}&#8221;][et_pb_text admin_label=&#8221;Text&#8221; _builder_version=&#8221;4.27.2&#8243; background_size=&#8221;initial&#8221; background_position=&#8221;top_left&#8221; background_repeat=&#8221;repeat&#8221; use_border_color=&#8221;off&#8221; border_color=&#8221;#ffffff&#8221; border_style=&#8221;solid&#8221; global_colors_info=&#8221;{}&#8221;]<\/p>\n<h1><strong><span style=\"color: #808080;\">Carrinhos de beb\u00e9 com v\u00e1rios lugares. Duplos G\u00e9meos e triplos desde o nascimento <\/span><\/strong><\/h1>\n<p>[\/et_pb_text][et_pb_shop type=&#8221;product_category&#8221; posts_number=&#8221;20&#8243; include_categories=&#8221;37&#8243; columns_number=&#8221;3&#8243; orderby=&#8221;date-desc&#8221; _builder_version=&#8221;4.27.2&#8243; global_colors_info=&#8221;{}&#8221;][\/et_pb_shop][et_pb_code _builder_version=&#8221;4.27.4&#8243; _module_preset=&#8221;default&#8221; hover_enabled=&#8221;0&#8243; sticky_enabled=&#8221;0&#8243;]<!-- Elfsight Popup | Untitled Popup --><!-- [et_pb_line_break_holder] --><script src=\"https:\/\/static.elfsight.com\/platform\/platform.js\" async=\"\"><\/script><!-- [et_pb_line_break_holder] --><\/p>\n<div class=\"elfsight-app-5d40887c-0dab-47f2-943f-72331b470e2b\" data-elfsight-app-lazy=\"\"><\/div>\n<p>[\/et_pb_code][et_pb_video src=&#8221;https:\/\/youtu.be\/CBG8nFB39zU&#8221; _builder_version=&#8221;4.24.3&#8243; _module_preset=&#8221;default&#8221; global_colors_info=&#8221;{}&#8221;][\/et_pb_video][et_pb_code _builder_version=&#8221;4.27.3&#8243; _module_preset=&#8221;default&#8221; global_colors_info=&#8221;{}&#8221;]<script src=\"https:\/\/static.elfsight.com\/platform\/platform.js\" async=\"\"><\/script><!-- [et_pb_line_break_holder] --><\/p>\n<div class=\"elfsight-app-7e47ab0b-1ead-4417-a368-01b04ee7823b\" data-elfsight-app-lazy=\"\"><\/div>\n<p>[\/et_pb_code][\/et_pb_column][\/et_pb_row][\/et_pb_section][et_pb_section fb_built=&#8221;1&#8243; admin_label=&#8221;section&#8221; _builder_version=&#8221;4.16&#8243; background_color=&#8221;#57ccc4&#8243; background_last_edited=&#8221;off|desktop&#8221; global_colors_info=&#8221;{}&#8221;][et_pb_row admin_label=&#8221;row&#8221; _builder_version=&#8221;4.16&#8243; background_size=&#8221;initial&#8221; background_position=&#8221;top_left&#8221; background_repeat=&#8221;repeat&#8221; global_colors_info=&#8221;{}&#8221;][et_pb_column type=&#8221;4_4&#8243; _builder_version=&#8221;4.16&#8243; custom_padding=&#8221;|||&#8221; global_colors_info=&#8221;{}&#8221; custom_padding__hover=&#8221;|||&#8221;][et_pb_text _builder_version=&#8221;4.24.3&#8243; _module_preset=&#8221;default&#8221; global_colors_info=&#8221;{}&#8221;]<\/p>\n<p>Descobre a nossa sele\u00e7\u00e3o exclusiva de carrinhos de beb\u00e9 com v\u00e1rios lugares para fam\u00edlias numerosas e amas! Perfeito para g\u00e9meos, trig\u00e9meos e muito mais. Confia-nos o teu conforto com os nossos carrinhos de beb\u00e9 duplos e triplos. Entrega r\u00e1pida!   <\/p>\n<p>[\/et_pb_text][et_pb_text _builder_version=&#8221;4.27.2&#8243; _module_preset=&#8221;default&#8221; global_colors_info=&#8221;{}&#8221;]<\/p>\n<p><iframe title=\"Poussette Double \/Jumeaux. Compacte, l\u00e9g\u00e8re, et adaptable : d\u00e9couvrez la libert\u00e9 de la BRAV DUO\" width=\"1080\" height=\"608\" src=\"https:\/\/www.youtube.com\/embed\/2eAXyUNl8cc?feature=oembed\"  allow=\"accelerometer; autoplay; clipboard-write; encrypted-media; gyroscope; picture-in-picture; web-share\" referrerpolicy=\"strict-origin-when-cross-origin\" allowfullscreen><\/iframe><\/p>\n<p>[\/et_pb_text][\/et_pb_column][\/et_pb_row][\/et_pb_section]<\/p>\n","protected":false},"excerpt":{"rendered":"<p>Carrinhos de beb\u00e9 com v\u00e1rios lugares. Duplos G\u00e9meos e triplos desde o nascimento Descobre a nossa sele\u00e7\u00e3o exclusiva de carrinhos de beb\u00e9 com v\u00e1rios lugares para fam\u00edlias numerosas e amas! Perfeito para g\u00e9meos, trig\u00e9meos e muito mais. Confia-nos o teu conforto com os nossos carrinhos de beb\u00e9 duplos e triplos. Entrega r\u00e1pida! https:\/\/www.youtube.com\/shorts\/2eAXyUNl8cc<\/p>\n","protected":false},"author":1,"featured_media":51780,"parent":65869,"menu_order":0,"comment_status":"closed","ping_status":"closed","template":"","meta":{"_et_pb_use_builder":"on","_et_pb_old_content":"","_et_gb_content_width":"","footnotes":""},"class_list":["post-51779","page","type-page","status-publish","has-post-thumbnail","hentry"],"aioseo_notices":[],"_links":{"self":[{"href":"https:\/\/lecoindelara.com\/pt-pt\/wp-json\/wp\/v2\/pages\/51779","targetHints":{"allow":["GET"]}}],"collection":[{"href":"https:\/\/lecoindelara.com\/pt-pt\/wp-json\/wp\/v2\/pages"}],"about":[{"href":"https:\/\/lecoindelara.com\/pt-pt\/wp-json\/wp\/v2\/types\/page"}],"author":[{"embeddable":true,"href":"https:\/\/lecoindelara.com\/pt-pt\/wp-json\/wp\/v2\/users\/1"}],"replies":[{"embeddable":true,"href":"https:\/\/lecoindelara.com\/pt-pt\/wp-json\/wp\/v2\/comments?post=51779"}],"version-history":[{"count":2,"href":"https:\/\/lecoindelara.com\/pt-pt\/wp-json\/wp\/v2\/pages\/51779\/revisions"}],"predecessor-version":[{"id":65868,"href":"https:\/\/lecoindelara.com\/pt-pt\/wp-json\/wp\/v2\/pages\/51779\/revisions\/65868"}],"up":[{"embeddable":true,"href":"https:\/\/lecoindelara.com\/pt-pt\/wp-json\/wp\/v2\/pages\/65869"}],"wp:featuredmedia":[{"embeddable":true,"href":"https:\/\/lecoindelara.com\/pt-pt\/wp-json\/wp\/v2\/media\/51780"}],"wp:attachment":[{"href":"https:\/\/lecoindelara.com\/pt-pt\/wp-json\/wp\/v2\/media?parent=51779"}],"curies":[{"name":"wp","href":"https:\/\/api.w.org\/{rel}","templated":true}]}}