{"id":53708,"date":"2016-03-03T16:37:04","date_gmt":"2016-03-03T15:37:04","guid":{"rendered":"https:\/\/lecoindelara.com\/pack-de-carrinhos-de-bebe-trio\/"},"modified":"2026-02-12T15:14:54","modified_gmt":"2026-02-12T14:14:54","slug":"pack-de-carrinhos-de-bebe-trio","status":"publish","type":"page","link":"https:\/\/lecoindelara.com\/pt-pt\/carrinhos\/pack-de-carrinhos-de-bebe-trio\/","title":{"rendered":"Pack de carrinhos de beb\u00e9 Trio"},"content":{"rendered":"<p>[et_pb_section fb_built=&#8221;1&#8243; custom_padding_last_edited=&#8221;on|phone&#8221; disabled_on=&#8221;off|off|off&#8221; admin_label=&#8221;komp&#8221; _builder_version=&#8221;4.27.4&#8243; _module_preset=&#8221;default&#8221; background_image=&#8221;https:\/\/lecoindelara.com\/wp-content\/uploads\/2025\/03\/poussettes-3-en-1-tout-terrain-trio-nacelle-hamac-cosy-ADAC-roues-increvables-livraison-rapide.webp&#8221; parallax=&#8221;on&#8221; custom_margin=&#8221;||-9px|||&#8221; custom_padding=&#8221;313px||313px||true|false&#8221; custom_padding_tablet=&#8221;60px||60px||true|false&#8221; custom_padding_phone=&#8221;40px||40px||true|false&#8221; locked=&#8221;off&#8221; global_colors_info=&#8221;{}&#8221;][et_pb_row _builder_version=&#8221;4.27.3&#8243; _module_preset=&#8221;default&#8221; global_colors_info=&#8221;{}&#8221;][et_pb_column type=&#8221;4_4&#8243; _builder_version=&#8221;4.27.3&#8243; _module_preset=&#8221;default&#8221; global_colors_info=&#8221;{}&#8221;][\/et_pb_column][\/et_pb_row][\/et_pb_section][et_pb_section fb_built=&#8221;1&#8243; custom_padding_last_edited=&#8221;on|phone&#8221; disabled_on=&#8221;on|on|on&#8221; admin_label=&#8221;tel + tablet&#8221; _builder_version=&#8221;4.27.4&#8243; _module_preset=&#8221;default&#8221; background_enable_image=&#8221;off&#8221; parallax=&#8221;on&#8221; custom_margin=&#8221;-41px||-82px|||&#8221; custom_padding=&#8221;88px||88px||true|false&#8221; custom_padding_tablet=&#8221;60px||60px||true|false&#8221; custom_padding_phone=&#8221;40px||40px||true|false&#8221; disabled=&#8221;on&#8221; locked=&#8221;off&#8221; global_colors_info=&#8221;{}&#8221;][\/et_pb_section][et_pb_section fb_built=&#8221;1&#8243; admin_label=&#8221;Shop&#8221; _builder_version=&#8221;4.27.4&#8243; _module_preset=&#8221;default&#8221; background_color=&#8221;#FFFFFF&#8221; custom_margin=&#8221;11px|||||&#8221; custom_padding=&#8221;0px|||||&#8221; top_divider_style=&#8221;slant&#8221; top_divider_color=&#8221;#f8f7f1&#8243; top_divider_height=&#8221;30vw&#8221; top_divider_flip=&#8221;horizontal&#8221; bottom_divider_style=&#8221;slant&#8221; bottom_divider_color=&#8221;#F8F7F1&#8243; bottom_divider_height=&#8221;30vw&#8221; bottom_divider_flip=&#8221;horizontal&#8221; global_colors_info=&#8221;{%22gcid-36cbb27d-c601-4091-a5c8-a60832ef3623%22:%91%93}&#8221;][et_pb_row column_structure=&#8221;1_2,1_2&#8243; use_custom_gutter=&#8221;on&#8221; _builder_version=&#8221;4.27.3&#8243; _module_preset=&#8221;default&#8221; custom_padding=&#8221;33px|||||&#8221; global_colors_info=&#8221;{}&#8221;][et_pb_column type=&#8221;1_2&#8243; _builder_version=&#8221;4.16&#8243; _module_preset=&#8221;default&#8221; global_colors_info=&#8221;{}&#8221;][dwe_ajax_search search_placeholder=&#8221;Rechercher par nom de mod\u00e8le&#8221; number_of_results=&#8221;18&#8243; orderby=&#8221;post_title&#8221; no_result_text=&#8221;Aucun r\u00e9sultat trouv\u00e9&#8221; search_in=&#8221;on|off|off|off|off|off|off|off&#8221; display_fields=&#8221;on|off|on|off&#8221; column_spacing=&#8221;10px&#8221; search_icon_color=&#8221;#E09900&#8243; disabled_on=&#8221;off|off|off&#8221; admin_label=&#8221;mobile version&#8221; _builder_version=&#8221;4.27.4&#8243; _module_preset=&#8221;default&#8221; custom_margin=&#8221;-17px|||||&#8221; custom_padding=&#8221;0px|||||&#8221; locked=&#8221;off&#8221; global_colors_info=&#8221;{}&#8221;][\/dwe_ajax_search][et_pb_text admin_label=&#8221;Texte&#8221; _builder_version=&#8221;4.27.4&#8243; _module_preset=&#8221;default&#8221; background_color=&#8221;RGBA(255,255,255,0)&#8221; min_height=&#8221;58px&#8221; custom_padding=&#8221;||23px|||&#8221; animation_style=&#8221;slide&#8221; global_colors_info=&#8221;{}&#8221;]<\/p>\n<h2><strong>Os seus modelos preferidos<\/strong><\/h2>\n<p>[\/et_pb_text][et_pb_shop type=&#8221;product_category&#8221; posts_number=&#8221;1&#8243; include_categories=&#8221;307&#8243; columns_number=&#8221;1&#8243; icon_hover_color=&#8221;#FFEB4D&#8221; hover_overlay_color=&#8221;rgba(255,119,55,0.7)&#8221; disabled_on=&#8221;on|on|off&#8221; _builder_version=&#8221;4.27.4&#8243; _module_preset=&#8221;_initial&#8221; title_font=&#8221;Quicksand|700|||||||&#8221; title_text_color=&#8221;#000000&#8243; title_font_size=&#8221;28px&#8221; price_text_color=&#8221;#ff7737&#8243; title_font_size_tablet=&#8221;18px&#8221; title_font_size_phone=&#8221;16px&#8221; title_font_size_last_edited=&#8221;on|desktop&#8221; border_radii_image=&#8221;on|10px|10px|10px|10px&#8221; locked=&#8221;off&#8221; global_colors_info=&#8221;{%22gcid-708d9cfc-3803-405d-b1e8-76b32cee2742%22:%91%93,%22gcid-f1953eae-6502-48f9-b526-6942ee21e5aa%22:%91%93,%22gcid-b7ae3181-c0a1-4e39-b1c4-5ca6dc7b3094%22:%91%93,%22gcid-3220d614-11ef-41f3-b560-a7a4ea239e4a%22:%91%93}&#8221;][\/et_pb_shop][dwe_woo_products_carousel products_number=&#8221;4&#8243; products_order_by=&#8221;title&#8221; products_order=&#8221;ASC&#8221; include_categories=&#8221;365,304,241,249&#8243; show_control_dot=&#8221;on&#8221; products_per_slide_tablet=&#8221;2&#8243; products_per_slide_phone=&#8221;1&#8243; disabled_on=&#8221;off|off|on&#8221; _builder_version=&#8221;4.27.4&#8243; _module_preset=&#8221;default&#8221; global_colors_info=&#8221;{}&#8221;][\/dwe_woo_products_carousel][\/et_pb_column][et_pb_column type=&#8221;1_2&#8243; _builder_version=&#8221;4.16&#8243; _module_preset=&#8221;default&#8221; global_colors_info=&#8221;{}&#8221;][et_pb_shop type=&#8221;product_category&#8221; posts_number=&#8221;4&#8243; include_categories=&#8221;301,250,136,380&#8243; columns_number=&#8221;2&#8243; icon_hover_color=&#8221;#FFEB4D&#8221; hover_overlay_color=&#8221;rgba(255,119,55,0.7)&#8221; disabled_on=&#8221;on|on|off&#8221; _builder_version=&#8221;4.27.4&#8243; _module_preset=&#8221;_initial&#8221; title_font=&#8221;Quicksand|700|||||||&#8221; title_text_color=&#8221;#000000&#8243; price_text_color=&#8221;#ff7737&#8243; border_radii_image=&#8221;on|10px|10px|10px|10px&#8221; locked=&#8221;off&#8221; global_colors_info=&#8221;{%22gcid-708d9cfc-3803-405d-b1e8-76b32cee2742%22:%91%93,%22gcid-f1953eae-6502-48f9-b526-6942ee21e5aa%22:%91%93,%22gcid-b7ae3181-c0a1-4e39-b1c4-5ca6dc7b3094%22:%91%93,%22gcid-3220d614-11ef-41f3-b560-a7a4ea239e4a%22:%91%93}&#8221;][\/et_pb_shop][\/et_pb_column][\/et_pb_row][et_pb_row use_custom_gutter=&#8221;on&#8221; admin_label=&#8221;junama&#8221; _builder_version=&#8221;4.27.3&#8243; _module_preset=&#8221;default&#8221; locked=&#8221;off&#8221; global_colors_info=&#8221;{}&#8221;][et_pb_column type=&#8221;4_4&#8243; _builder_version=&#8221;4.16&#8243; _module_preset=&#8221;default&#8221; global_colors_info=&#8221;{}&#8221;][et_pb_text _builder_version=&#8221;4.27.4&#8243; _module_preset=&#8221;default&#8221; global_colors_info=&#8221;{}&#8221;]<\/p>\n<h2><strong>Carrinhos de beb\u00e9 Junama<\/strong><\/h2>\n<h2><img decoding=\"async\" src=\"https:\/\/lecoindelara.com\/wp-content\/uploads\/2025\/01\/carrinhos-3-em-1-EU-1024x576.jpg\" width=\"1024\" height=\"576\" alt=\"carrinhos 3 em 1 EU\" class=\"wp-image-47600 alignnone size-large\"><\/h2>\n<p>[\/et_pb_text][et_pb_shop type=&#8221;product_category&#8221; posts_number=&#8221;100&#8243; show_pagination=&#8221;on&#8221; include_categories=&#8221;214&#8243; orderby=&#8221;price&#8221; icon_hover_color=&#8221;#FFEB4D&#8221; hover_overlay_color=&#8221;rgba(255,119,55,0.7)&#8221; _builder_version=&#8221;4.27.4&#8243; _module_preset=&#8221;_initial&#8221; title_font=&#8221;Quicksand|700|||||||&#8221; title_text_color=&#8221;#000000&#8243; price_text_color=&#8221;#ff7737&#8243; border_radii_image=&#8221;on|10px|10px|10px|10px&#8221; locked=&#8221;off&#8221; global_colors_info=&#8221;{%22gcid-708d9cfc-3803-405d-b1e8-76b32cee2742%22:%91%93,%22gcid-f1953eae-6502-48f9-b526-6942ee21e5aa%22:%91%93,%22gcid-b7ae3181-c0a1-4e39-b1c4-5ca6dc7b3094%22:%91%93,%22gcid-3220d614-11ef-41f3-b560-a7a4ea239e4a%22:%91%93}&#8221;][\/et_pb_shop][\/et_pb_column][\/et_pb_row][et_pb_row use_custom_gutter=&#8221;on&#8221; _builder_version=&#8221;4.27.3&#8243; _module_preset=&#8221;default&#8221; hover_enabled=&#8221;0&#8243; locked=&#8221;off&#8221; global_colors_info=&#8221;{}&#8221; sticky_enabled=&#8221;0&#8243;][et_pb_column type=&#8221;4_4&#8243; _builder_version=&#8221;4.16&#8243; _module_preset=&#8221;default&#8221; global_colors_info=&#8221;{}&#8221;][et_pb_text disabled_on=&#8221;off|off|on&#8221; _builder_version=&#8221;4.27.4&#8243; _module_preset=&#8221;default&#8221; background_color=&#8221;#FFFFFF&#8221; animation_style=&#8221;slide&#8221; global_colors_info=&#8221;{}&#8221;]<\/p>\n<h3><strong>TOP 3 carrinhos de beb\u00e9 todo-o-terreno<\/strong><\/h3>\n<p>[\/et_pb_text][dwe_woo_products_carousel products_number=&#8221;3&#8243; products_order_by=&#8221;price&#8221; products_order=&#8221;ASC&#8221; include_categories=&#8221;381,244,301,226&#8243; show_control_dot=&#8221;on&#8221; products_per_slide_tablet=&#8221;2&#8243; products_per_slide_phone=&#8221;1&#8243; disabled_on=&#8221;off|off|on&#8221; _builder_version=&#8221;4.27.4&#8243; _module_preset=&#8221;default&#8221; hover_enabled=&#8221;0&#8243; global_colors_info=&#8221;{}&#8221; sticky_enabled=&#8221;0&#8243;][\/dwe_woo_products_carousel][et_pb_text _builder_version=&#8221;4.27.4&#8243; _module_preset=&#8221;default&#8221; background_color=&#8221;#FFFFFF&#8221; animation_style=&#8221;slide&#8221; global_colors_info=&#8221;{}&#8221;]<\/p>\n<h3><strong>Todos os modelos 3 em 1<\/strong><\/h3>\n<p>[\/et_pb_text][et_pb_shop type=&#8221;product_category&#8221; posts_number=&#8221;100&#8243; show_pagination=&#8221;on&#8221; include_categories=&#8221;98,307,365,225,312,226,136,142,301,246,169,170,171,93,116,380,381,130,175,304,125,241,257,87,245,303,124,250,564&#8243; orderby=&#8221;price&#8221; icon_hover_color=&#8221;#FFEB4D&#8221; hover_overlay_color=&#8221;rgba(255,119,55,0.7)&#8221; _builder_version=&#8221;4.27.4&#8243; _module_preset=&#8221;_initial&#8221; title_font=&#8221;Quicksand|700|||||||&#8221; title_text_color=&#8221;#000000&#8243; price_text_color=&#8221;#ff7737&#8243; border_radii_image=&#8221;on|10px|10px|10px|10px&#8221; locked=&#8221;off&#8221; global_colors_info=&#8221;{%22gcid-708d9cfc-3803-405d-b1e8-76b32cee2742%22:%91%93,%22gcid-f1953eae-6502-48f9-b526-6942ee21e5aa%22:%91%93,%22gcid-b7ae3181-c0a1-4e39-b1c4-5ca6dc7b3094%22:%91%93,%22gcid-3220d614-11ef-41f3-b560-a7a4ea239e4a%22:%91%93}&#8221;][\/et_pb_shop][\/et_pb_column][\/et_pb_row][et_pb_row use_custom_gutter=&#8221;on&#8221; _builder_version=&#8221;4.27.3&#8243; _module_preset=&#8221;default&#8221; locked=&#8221;off&#8221; global_colors_info=&#8221;{}&#8221;][et_pb_column type=&#8221;4_4&#8243; _builder_version=&#8221;4.16&#8243; _module_preset=&#8221;default&#8221; global_colors_info=&#8221;{}&#8221;][et_pb_text disabled_on=&#8221;off|off|on&#8221; _builder_version=&#8221;4.27.4&#8243; _module_preset=&#8221;default&#8221; background_color=&#8221;#FFFFFF&#8221; animation_style=&#8221;slide&#8221; global_colors_info=&#8221;{}&#8221;]<\/p>\n<h3><strong>TOP 3 dos carrinhos de beb\u00e9 urbanos<\/strong><\/h3>\n<p>[\/et_pb_text][dwe_woo_products_carousel products_number=&#8221;3&#8243; products_order_by=&#8221;price&#8221; products_order=&#8221;ASC&#8221; include_categories=&#8221;381,250,225&#8243; show_control_dot=&#8221;on&#8221; products_per_slide_tablet=&#8221;2&#8243; products_per_slide_phone=&#8221;1&#8243; disabled_on=&#8221;off|off|on&#8221; _builder_version=&#8221;4.27.4&#8243; _module_preset=&#8221;default&#8221; hover_enabled=&#8221;0&#8243; global_colors_info=&#8221;{}&#8221; sticky_enabled=&#8221;0&#8243;][\/dwe_woo_products_carousel][\/et_pb_column][\/et_pb_row][et_pb_row use_custom_gutter=&#8221;on&#8221; admin_label=&#8221;retro&#8221; _builder_version=&#8221;4.27.3&#8243; _module_preset=&#8221;default&#8221; locked=&#8221;off&#8221; global_colors_info=&#8221;{}&#8221;][et_pb_column type=&#8221;4_4&#8243; _builder_version=&#8221;4.16&#8243; _module_preset=&#8221;default&#8221; global_colors_info=&#8221;{}&#8221;][et_pb_text _builder_version=&#8221;4.27.4&#8243; _module_preset=&#8221;default&#8221; background_color=&#8221;#FFFFFF&#8221; animation_style=&#8221;slide&#8221; global_colors_info=&#8221;{}&#8221;]<\/p>\n<h2><strong>Carrinhos de beb\u00e9 3 em 1 Retro<\/strong><\/h2>\n<p>[\/et_pb_text][et_pb_image src=&#8221;https:\/\/lecoindelara.com\/wp-content\/uploads\/2025\/03\/poussette-retro-design.webp&#8221; alt=&#8221;Carrinho de beb\u00e9 de design retro em pele, carrinho de beb\u00e9 vintage, carrinho de beb\u00e9 cl\u00e1ssico em pele com rodas grandes&#8221; title_text=&#8221;carrinho de passeio de design retro&#8221; disabled_on=&#8221;off|off|on&#8221; _builder_version=&#8221;4.27.4&#8243; _module_preset=&#8221;default&#8221; global_colors_info=&#8221;{}&#8221;][\/et_pb_image][et_pb_shop type=&#8221;product_category&#8221; posts_number=&#8221;6&#8243; include_categories=&#8221;219,108,92,102&#8243; orderby=&#8221;price&#8221; icon_hover_color=&#8221;#FFEB4D&#8221; hover_overlay_color=&#8221;rgba(255,119,55,0.7)&#8221; _builder_version=&#8221;4.27.4&#8243; _module_preset=&#8221;_initial&#8221; title_font=&#8221;Quicksand|700|||||||&#8221; title_text_color=&#8221;#000000&#8243; price_text_color=&#8221;#ff7737&#8243; border_radii_image=&#8221;on|10px|10px|10px|10px&#8221; locked=&#8221;off&#8221; global_colors_info=&#8221;{%22gcid-708d9cfc-3803-405d-b1e8-76b32cee2742%22:%91%93,%22gcid-f1953eae-6502-48f9-b526-6942ee21e5aa%22:%91%93,%22gcid-b7ae3181-c0a1-4e39-b1c4-5ca6dc7b3094%22:%91%93,%22gcid-3220d614-11ef-41f3-b560-a7a4ea239e4a%22:%91%93}&#8221;][\/et_pb_shop][et_pb_code _builder_version=&#8221;4.27.3&#8243; _module_preset=&#8221;default&#8221; global_colors_info=&#8221;{}&#8221;]<script src=\"https:\/\/static.elfsight.com\/platform\/platform.js\" async=\"\"><\/script><!-- [et_pb_line_break_holder] --><\/p>\n<div class=\"elfsight-app-7e47ab0b-1ead-4417-a368-01b04ee7823b\" data-elfsight-app-lazy=\"\"><\/div>\n<p>[\/et_pb_code][\/et_pb_column][\/et_pb_row][\/et_pb_section][et_pb_section fb_built=&#8221;1&#8243; admin_label=&#8221;Footer&#8221; _builder_version=&#8221;4.16&#8243; _module_preset=&#8221;default&#8221; background_color=&#8221;#F8F7F1&#8243; custom_padding=&#8221;||||false|false&#8221; saved_tabs=&#8221;all&#8221; locked=&#8221;off&#8221; global_colors_info=&#8221;{}&#8221;][et_pb_row column_structure=&#8221;1_3,1_3,1_3&#8243; _builder_version=&#8221;4.24.2&#8243; _module_preset=&#8221;default&#8221; global_colors_info=&#8221;{}&#8221;][et_pb_column type=&#8221;1_3&#8243; _builder_version=&#8221;4.24.2&#8243; _module_preset=&#8221;default&#8221; global_colors_info=&#8221;{}&#8221;][\/et_pb_column][et_pb_column type=&#8221;1_3&#8243; _builder_version=&#8221;4.24.2&#8243; _module_preset=&#8221;default&#8221; global_colors_info=&#8221;{}&#8221;][\/et_pb_column][et_pb_column type=&#8221;1_3&#8243; _builder_version=&#8221;4.24.2&#8243; _module_preset=&#8221;default&#8221; global_colors_info=&#8221;{}&#8221;][et_pb_image src=&#8221;https:\/\/lecoindelara.com\/wp-content\/uploads\/2025\/01\/pt-1.png&#8221; title_text=&#8221;le coin de lara contactenos&#8221; _builder_version=&#8221;4.27.3&#8243; _module_preset=&#8221;default&#8221; global_colors_info=&#8221;{}&#8221;][\/et_pb_image][et_pb_contact_form _builder_version=&#8221;4.23.1&#8243; _module_preset=&#8221;default&#8221; _unique_id=&#8221;576acabf-9610-46e6-81be-7e8985997d8f&#8221; global_colors_info=&#8221;{}&#8221;][et_pb_contact_field field_id=&#8221;Name&#8221; field_title=&#8221;Nome&#8221; _builder_version=&#8221;4.16&#8243; _module_preset=&#8221;default&#8221; global_colors_info=&#8221;{}&#8221; button_text_size__hover_enabled=&#8221;off&#8221; button_one_text_size__hover_enabled=&#8221;off&#8221; button_two_text_size__hover_enabled=&#8221;off&#8221; button_text_color__hover_enabled=&#8221;off&#8221; button_one_text_color__hover_enabled=&#8221;off&#8221; button_two_text_color__hover_enabled=&#8221;off&#8221; button_border_width__hover_enabled=&#8221;off&#8221; button_one_border_width__hover_enabled=&#8221;off&#8221; button_two_border_width__hover_enabled=&#8221;off&#8221; button_border_color__hover_enabled=&#8221;off&#8221; button_one_border_color__hover_enabled=&#8221;off&#8221; button_two_border_color__hover_enabled=&#8221;off&#8221; button_border_radius__hover_enabled=&#8221;off&#8221; button_one_border_radius__hover_enabled=&#8221;off&#8221; button_two_border_radius__hover_enabled=&#8221;off&#8221; button_letter_spacing__hover_enabled=&#8221;off&#8221; button_one_letter_spacing__hover_enabled=&#8221;off&#8221; button_two_letter_spacing__hover_enabled=&#8221;off&#8221; button_bg_color__hover_enabled=&#8221;off&#8221; button_one_bg_color__hover_enabled=&#8221;off&#8221; button_two_bg_color__hover_enabled=&#8221;off&#8221;][\/et_pb_contact_field][et_pb_contact_field field_id=&#8221;Email&#8221; field_title=&#8221;Endere\u00e7o eletr\u00f3nico&#8221; field_type=&#8221;email&#8221; _builder_version=&#8221;4.16&#8243; _module_preset=&#8221;default&#8221; global_colors_info=&#8221;{}&#8221; button_text_size__hover_enabled=&#8221;off&#8221; button_one_text_size__hover_enabled=&#8221;off&#8221; button_two_text_size__hover_enabled=&#8221;off&#8221; button_text_color__hover_enabled=&#8221;off&#8221; button_one_text_color__hover_enabled=&#8221;off&#8221; button_two_text_color__hover_enabled=&#8221;off&#8221; button_border_width__hover_enabled=&#8221;off&#8221; button_one_border_width__hover_enabled=&#8221;off&#8221; button_two_border_width__hover_enabled=&#8221;off&#8221; button_border_color__hover_enabled=&#8221;off&#8221; button_one_border_color__hover_enabled=&#8221;off&#8221; button_two_border_color__hover_enabled=&#8221;off&#8221; button_border_radius__hover_enabled=&#8221;off&#8221; button_one_border_radius__hover_enabled=&#8221;off&#8221; button_two_border_radius__hover_enabled=&#8221;off&#8221; button_letter_spacing__hover_enabled=&#8221;off&#8221; button_one_letter_spacing__hover_enabled=&#8221;off&#8221; button_two_letter_spacing__hover_enabled=&#8221;off&#8221; button_bg_color__hover_enabled=&#8221;off&#8221; button_one_bg_color__hover_enabled=&#8221;off&#8221; button_two_bg_color__hover_enabled=&#8221;off&#8221;][\/et_pb_contact_field][et_pb_contact_field field_id=&#8221;Message&#8221; field_title=&#8221;Mensagem&#8221; field_type=&#8221;text&#8221; fullwidth_field=&#8221;on&#8221; _builder_version=&#8221;4.16&#8243; _module_preset=&#8221;default&#8221; global_colors_info=&#8221;{}&#8221; button_text_size__hover_enabled=&#8221;off&#8221; button_one_text_size__hover_enabled=&#8221;off&#8221; button_two_text_size__hover_enabled=&#8221;off&#8221; button_text_color__hover_enabled=&#8221;off&#8221; button_one_text_color__hover_enabled=&#8221;off&#8221; button_two_text_color__hover_enabled=&#8221;off&#8221; button_border_width__hover_enabled=&#8221;off&#8221; button_one_border_width__hover_enabled=&#8221;off&#8221; button_two_border_width__hover_enabled=&#8221;off&#8221; button_border_color__hover_enabled=&#8221;off&#8221; button_one_border_color__hover_enabled=&#8221;off&#8221; button_two_border_color__hover_enabled=&#8221;off&#8221; button_border_radius__hover_enabled=&#8221;off&#8221; button_one_border_radius__hover_enabled=&#8221;off&#8221; button_two_border_radius__hover_enabled=&#8221;off&#8221; button_letter_spacing__hover_enabled=&#8221;off&#8221; button_one_letter_spacing__hover_enabled=&#8221;off&#8221; button_two_letter_spacing__hover_enabled=&#8221;off&#8221; button_bg_color__hover_enabled=&#8221;off&#8221; button_one_bg_color__hover_enabled=&#8221;off&#8221; button_two_bg_color__hover_enabled=&#8221;off&#8221;][\/et_pb_contact_field][\/et_pb_contact_form][\/et_pb_column][\/et_pb_row][\/et_pb_section]<\/p>\n","protected":false},"excerpt":{"rendered":"<p><div class=\"et_pb_module dwe_ajax_search dwe_ajax_search_0\">\n\t\t\t\t\n\t\t\t\t\n\t\t\t\t\n\t\t\t\t\n\t\t\t\t\n\t\t\t\t\n\t\t\t\t<div class=\"et_pb_module_inner\">\n\t\t\t\t\t<div class=\"dwe_ajax_search_wrap\">\n\t\t\t\t<div class=\"dwe_ajax_search_field_wrap dwe_ajax_search_icon\">\n\t\t\t\t\t<input type=\"search\" placeholder=\"Rechercher par nom de mod\u00e8le\" class=\"dwe_ajax_search_field\" \n\t\t\t\t\t\tdata-search-in=\"title\" data-display-fields=\"title,featured_image\" \n\t\t\t\t\t\tdata-url-new-window=\"off\" data-number-of-results=\"18\" \n\t\t\t\t\t\tdata-no-result-text=\"Aucun r\u00e9sultat trouv\u00e9\" data-orderby=\"post_title\" data-order=\"DESC\"\n\t\t\t\t\t\tdata-use-masonry=\"off\" data-exclude-post-ids=\"\" data-excerpt-length=\"\"\n\t\t\t\t\t\tdata-result-layout=\"layout1\"\n\t\t\t\t\t\/>\n\t\t\t\t\t<input type=\"hidden\" class=\"dwe_ajax_search_nonce\" value=\"ce30bc8506\" \/>\n\t\t\t\t\t<span class=\"dwe_ajax_clear_icon\">M<\/span>\n\t\t\t\t<\/div>\n\t\t\t\t\n\t\t\t\t<div class=\"dwe_ajax_search_results_wrap dwe-result-layout-layout1 \"><\/div>\n\t\t\t<\/div>\n\t\t\t\t<\/div>\n\t\t\t<\/div>Os seus modelos preferidos<div class=\"et_pb_module dwe_woo_products_carousel dwe_woo_products_carousel_0\">\n\t\t\t\t\n\t\t\t\t\n\t\t\t\t\n\t\t\t\t\n\t\t\t\t\n\t\t\t\t\n\t\t\t\t<div class=\"et_pb_module_inner\">\n\t\t\t\t\t<div class=\"entry\"><h1>No Result Found!<\/h1><p>The products you requested could not be found. Try changing your module settings or add some new products.<\/p><\/div>\n\t\t\t\t<\/div>\n\t\t\t<\/div>Carrinhos de beb\u00e9 Junama TOP 3 carrinhos de beb\u00e9 todo-o-terreno<div class=\"et_pb_module dwe_woo_products_carousel dwe_woo_products_carousel_1\">\n\t\t\t\t\n\t\t\t\t\n\t\t\t\t\n\t\t\t\t\n\t\t\t\t\n\t\t\t\t\n\t\t\t\t<div class=\"et_pb_module_inner\">\n\t\t\t\t\t<div class=\"entry\"><h1>No Result Found!<\/h1><p>The products you requested could not be found. Try changing your module settings or add some new products.<\/p><\/div>\n\t\t\t\t<\/div>\n\t\t\t<\/div><\/p>\n","protected":false},"author":1,"featured_media":0,"parent":65869,"menu_order":0,"comment_status":"closed","ping_status":"closed","template":"","meta":{"_et_pb_use_builder":"on","_et_pb_old_content":"","_et_gb_content_width":"","footnotes":""},"class_list":["post-53708","page","type-page","status-publish","hentry"],"aioseo_notices":[],"_links":{"self":[{"href":"https:\/\/lecoindelara.com\/pt-pt\/wp-json\/wp\/v2\/pages\/53708","targetHints":{"allow":["GET"]}}],"collection":[{"href":"https:\/\/lecoindelara.com\/pt-pt\/wp-json\/wp\/v2\/pages"}],"about":[{"href":"https:\/\/lecoindelara.com\/pt-pt\/wp-json\/wp\/v2\/types\/page"}],"author":[{"embeddable":true,"href":"https:\/\/lecoindelara.com\/pt-pt\/wp-json\/wp\/v2\/users\/1"}],"replies":[{"embeddable":true,"href":"https:\/\/lecoindelara.com\/pt-pt\/wp-json\/wp\/v2\/comments?post=53708"}],"version-history":[{"count":7,"href":"https:\/\/lecoindelara.com\/pt-pt\/wp-json\/wp\/v2\/pages\/53708\/revisions"}],"predecessor-version":[{"id":71215,"href":"https:\/\/lecoindelara.com\/pt-pt\/wp-json\/wp\/v2\/pages\/53708\/revisions\/71215"}],"up":[{"embeddable":true,"href":"https:\/\/lecoindelara.com\/pt-pt\/wp-json\/wp\/v2\/pages\/65869"}],"wp:attachment":[{"href":"https:\/\/lecoindelara.com\/pt-pt\/wp-json\/wp\/v2\/media?parent=53708"}],"curies":[{"name":"wp","href":"https:\/\/api.w.org\/{rel}","templated":true}]}}