{"id":59432,"date":"2020-10-02T14:37:19","date_gmt":"2020-10-02T13:37:19","guid":{"rendered":"https:\/\/lecoindelara.com\/carrinhos-mini-para-bonecas\/"},"modified":"2026-01-09T15:37:18","modified_gmt":"2026-01-09T14:37:18","slug":"carrinhos-mini-para-bonecas","status":"publish","type":"page","link":"https:\/\/lecoindelara.com\/pt-pt\/carrinhos-mini-para-bonecas\/","title":{"rendered":"Carrinhos Mini para bonecas"},"content":{"rendered":"<p>[et_pb_section fb_built=&#8221;1&#8243; admin_label=&#8221;Products&#8221; _builder_version=&#8221;4.23.1&#8243; background_enable_color=&#8221;off&#8221; background_enable_image=&#8221;off&#8221; background_size=&#8221;initial&#8221; background_position=&#8221;top_center&#8221; custom_padding=&#8221;0px|||||&#8221; locked=&#8221;off&#8221; global_colors_info=&#8221;{}&#8221;][et_pb_row _builder_version=&#8221;4.23.1&#8243; _module_preset=&#8221;default&#8221; background_enable_image=&#8221;off&#8221; width=&#8221;98.9%&#8221; custom_margin=&#8221;|auto||1px||&#8221; custom_padding=&#8221;0px|0px||0px||&#8221; global_colors_info=&#8221;{}&#8221;][et_pb_column type=&#8221;4_4&#8243; _builder_version=&#8221;4.23.1&#8243; _module_preset=&#8221;default&#8221; global_colors_info=&#8221;{}&#8221;][et_pb_text _builder_version=&#8221;4.27.2&#8243; _module_preset=&#8221;default&#8221; header_font=&#8221;ABeeZee|700|||||||&#8221; header_font_size=&#8221;37px&#8221; global_colors_info=&#8221;{}&#8221;]<\/p>\n<h2> <\/h2>\n<h2 style=\"text-align: center;\"><strong><span style=\"color: #333399;\">Carrinhos para bonecas<\/span><\/strong><\/h2>\n<p>[\/et_pb_text][\/et_pb_column][\/et_pb_row][et_pb_row _builder_version=&#8221;4.16&#8243; custom_margin=&#8221;-284px|auto||auto||&#8221; global_colors_info=&#8221;{}&#8221;][et_pb_column type=&#8221;4_4&#8243; _builder_version=&#8221;4.16&#8243; custom_padding=&#8221;|||&#8221; global_colors_info=&#8221;{}&#8221; custom_padding__hover=&#8221;|||&#8221;][et_pb_shop type=&#8221;product_category&#8221; posts_number=&#8221;25&#8243; include_categories=&#8221;159&#8243; columns_number=&#8221;4&#8243; orderby=&#8221;price-desc&#8221; icon_hover_color=&#8221;#ffffff&#8221; hover_overlay_color=&#8221;rgba(242,245,255,0.71)&#8221; _builder_version=&#8221;4.27.2&#8243; title_font=&#8221;Concert One||||||||&#8221; title_text_color=&#8221;#0a2d61&#8243; title_font_size=&#8221;24px&#8221; title_letter_spacing=&#8221;-1px&#8221; title_line_height=&#8221;1.4em&#8221; price_font=&#8221;Concert One||||||||&#8221; price_text_color=&#8221;#ff3d97&#8243; price_font_size=&#8221;16px&#8221; price_line_height=&#8221;1em&#8221; min_height=&#8221;2668.5px&#8221; custom_margin=&#8221;-219px||-844px|||&#8221; custom_padding=&#8221;260px||0px|||&#8221; animation_style=&#8221;fade&#8221; animation_direction=&#8221;bottom&#8221; title_font_size_tablet=&#8221;20px&#8221; title_font_size_phone=&#8221;&#8221; title_font_size_last_edited=&#8221;on|phone&#8221; animation_direction_tablet=&#8221;&#8221; animation_direction_phone=&#8221;&#8221; animation_direction_last_edited=&#8221;on|desktop&#8221; border_radii_image=&#8221;on|20px|20px|20px|20px&#8221; global_colors_info=&#8221;{}&#8221;][\/et_pb_shop][et_pb_image src=&#8221;https:\/\/lecoindelara.com\/wp-content\/uploads\/2024\/10\/landau-poussette-poupee-LILLY.jpg&#8221; alt=&#8221;carrinho para bonecas, carrinho para bonecas&#8221; title_text=&#8221;carrinho boneca LILLY&#8221; disabled_on=&#8221;off|on|on&#8221; _builder_version=&#8221;4.27.3&#8243; _module_preset=&#8221;default&#8221; global_colors_info=&#8221;{}&#8221;][\/et_pb_image][\/et_pb_column][\/et_pb_row][et_pb_row _builder_version=&#8221;4.23.1&#8243; _module_preset=&#8221;default&#8221; global_colors_info=&#8221;{}&#8221;][et_pb_column type=&#8221;4_4&#8243; _builder_version=&#8221;4.19.2&#8243; _module_preset=&#8221;default&#8221; global_colors_info=&#8221;{}&#8221;][et_pb_text _builder_version=&#8221;4.27.3&#8243; _module_preset=&#8221;default&#8221; header_font=&#8221;ABeeZee|700|||||||&#8221; header_font_size=&#8221;37px&#8221; global_colors_info=&#8221;{}&#8221;]<\/p>\n<h1 style=\"text-align: center;\">Carrinhos para bonecas<\/h1>\n<p>[\/et_pb_text][et_pb_text _builder_version=&#8221;4.27.3&#8243; _module_preset=&#8221;default&#8221; text_font_size=&#8221;16px&#8221; global_colors_info=&#8221;{}&#8221;]<\/p>\n<p>\u00c9 o sonho de qualquer menina. Passear no seu <strong>carrinho <\/strong>e fazer o que a mam\u00e3 faz! A tua filha vai adorar deitar-se com a sua <strong>boneca<\/strong> neste carrinho elegante e robusto.  <\/p>\n<p>Os nossos <strong>carrinhos para bonecas<\/strong> t\u00eam o mesmo design que os carrinhos de beb\u00e9 verdadeiros, o que torna a nossa gama t\u00e3o bem sucedida!<\/p>\n<p>Vais adorar as <strong>rodas com raios<\/strong>, a estrutura em a\u00e7o e os tecidos de qualidade. A tua filha pode <strong>guardar os seus acess\u00f3rios<\/strong> na bolsa frontal. <\/p>\n<p>&nbsp;<\/p>\n<p>[\/et_pb_text][\/et_pb_column][\/et_pb_row][et_pb_row _builder_version=&#8221;4.27.3&#8243; _module_preset=&#8221;default&#8221; global_colors_info=&#8221;{}&#8221;][et_pb_column type=&#8221;4_4&#8243; _builder_version=&#8221;4.27.3&#8243; _module_preset=&#8221;default&#8221; global_colors_info=&#8221;{}&#8221;][\/et_pb_column][\/et_pb_row][et_pb_row _builder_version=&#8221;4.19.2&#8243; _module_preset=&#8221;default&#8221; global_colors_info=&#8221;{}&#8221;][et_pb_column type=&#8221;4_4&#8243; _builder_version=&#8221;4.19.2&#8243; _module_preset=&#8221;default&#8221; global_colors_info=&#8221;{}&#8221;][et_pb_text _builder_version=&#8221;4.27.2&#8243; _module_preset=&#8221;default&#8221; text_font_size=&#8221;16px&#8221; text_orientation=&#8221;center&#8221; global_colors_info=&#8221;{}&#8221;]<\/p>\n<p>Noutra categoria, vais adorar os nossos <a href=\"https:\/\/lecoindelara.com\/pt-pt\/trenos-simples-e-duplos-para-criancas\/\">tren\u00f3s para crian\u00e7as<\/a>.<\/p>\n<p>[\/et_pb_text][et_pb_wc_related_products posts_number=&#8221;12&#8243; include_categories=&#8221;79,258,15,243,119,145&#8243; _builder_version=&#8221;4.23.1&#8243; _module_preset=&#8221;default&#8221; global_colors_info=&#8221;{}&#8221;][\/et_pb_wc_related_products][\/et_pb_column][\/et_pb_row][et_pb_row _builder_version=&#8221;4.27.3&#8243; _module_preset=&#8221;default&#8221; global_colors_info=&#8221;{}&#8221;][et_pb_column type=&#8221;4_4&#8243; _builder_version=&#8221;4.27.3&#8243; _module_preset=&#8221;default&#8221; global_colors_info=&#8221;{}&#8221;][et_pb_code admin_label=&#8221;analisa a aplica\u00e7\u00e3o&#8221; _builder_version=&#8221;4.27.3&#8243; _module_preset=&#8221;default&#8221; global_colors_info=&#8221;{}&#8221;]<script src=\"https:\/\/static.elfsight.com\/platform\/platform.js\" async=\"\"><\/script><!-- [et_pb_line_break_holder] --><\/p>\n<div class=\"elfsight-app-7e47ab0b-1ead-4417-a368-01b04ee7823b\" data-elfsight-app-lazy=\"\"><\/div>\n<p>[\/et_pb_code][\/et_pb_column][\/et_pb_row][\/et_pb_section][et_pb_section fb_built=&#8221;1&#8243; admin_label=&#8221;Products&#8221; _builder_version=&#8221;3.24.1&#8243; background_color=&#8221;#f2f5ff&#8221; background_image=&#8221;https:\/\/lecoindelara.com\/wp-content\/uploads\/2020\/01\/candy-shop-11.png&#8221; background_size=&#8221;initial&#8221; custom_margin=&#8221;||27px|||&#8221; custom_padding=&#8221;165px||115px|||&#8221; global_module=&#8221;11914&#8243; saved_tabs=&#8221;all&#8221; locked=&#8221;off&#8221; global_colors_info=&#8221;{}&#8221;][et_pb_row _builder_version=&#8221;4.16&#8243; custom_padding=&#8221;31px|||||&#8221; global_colors_info=&#8221;{}&#8221;][et_pb_column type=&#8221;4_4&#8243; _builder_version=&#8221;4.16&#8243; custom_padding=&#8221;|||&#8221; global_colors_info=&#8221;{}&#8221; custom_padding__hover=&#8221;|||&#8221;][et_pb_text _builder_version=&#8221;4.16&#8243; text_font=&#8221;||||||||&#8221; header_2_font=&#8221;Concert One|700||on|||||&#8221; header_2_text_color=&#8221;#ffffff&#8221; header_2_font_size=&#8221;78px&#8221; text_orientation=&#8221;center&#8221; module_alignment=&#8221;center&#8221; custom_margin=&#8221;-76px|||||&#8221; custom_padding=&#8221;87px|||||&#8221; header_2_font_size_tablet=&#8221;80px&#8221; header_2_font_size_phone=&#8221;56px&#8221; header_2_font_size_last_edited=&#8221;on|phone&#8221; header_2_text_shadow_style=&#8221;preset1&#8243; header_2_text_shadow_horizontal_length=&#8221;0.04em&#8221; header_2_text_shadow_vertical_length=&#8221;0.14em&#8221; header_2_text_shadow_blur_strength=&#8221;0.33em&#8221; header_2_text_shadow_color=&#8221;rgba(10,45,97,0.16)&#8221; text_text_align=&#8221;center&#8221; locked=&#8221;off&#8221; global_colors_info=&#8221;{}&#8221;]<\/p>\n<h2>SEGUIR<\/h2>\n<p>[\/et_pb_text][et_pb_social_media_follow use_icon_font_size=&#8221;on&#8221; icon_font_size=&#8221;40px&#8221; _builder_version=&#8221;4.25.2&#8243; text_orientation=&#8221;center&#8221; custom_margin=&#8221;-10px|||||&#8221; global_colors_info=&#8221;{}&#8221;][et_pb_social_media_follow_network social_network=&#8221;facebook&#8221; url=&#8221;https:\/\/www.facebook.com\/Lecoindelara\/?eid=ARAGEKf2RcVCBpf6zezzxTyV8anN5KtL8IFtGJx6ISL-JNouSb_dFyw2-kp6gHNxWn3UMTvQNHlyCxv1&#8243; _builder_version=&#8221;4.16&#8243; background_color=&#8221;rgba(0,0,0,0)&#8221; global_colors_info=&#8221;{}&#8221; follow_button=&#8221;off&#8221; url_new_window=&#8221;on&#8221;]facebook[\/et_pb_social_media_follow_network][et_pb_social_media_follow_network social_network=&#8221;instagram&#8221; url=&#8221;https:\/\/www.instagram.com\/lecoindelara\/&#8221; _builder_version=&#8221;4.16&#8243; background_color=&#8221;rgba(0,0,0,0)&#8221; global_colors_info=&#8221;{}&#8221; follow_button=&#8221;off&#8221; url_new_window=&#8221;on&#8221;]instagram[\/et_pb_social_media_follow_network][\/et_pb_social_media_follow][et_pb_text _builder_version=&#8221;4.16&#8243; text_font=&#8221;||||||||&#8221; header_font=&#8221;||||||||&#8221; header_2_font=&#8221;Concert One||||||||&#8221; header_2_text_color=&#8221;#0a2d61&#8243; header_2_font_size=&#8221;39px&#8221; header_2_letter_spacing=&#8221;-2px&#8221; text_orientation=&#8221;center&#8221; max_width=&#8221;800px&#8221; module_alignment=&#8221;center&#8221; custom_margin=&#8221;-70px||&#8221; custom_margin_tablet=&#8221;&#8221; custom_margin_phone=&#8221;-30px||&#8221; custom_margin_last_edited=&#8221;on|desktop&#8221; custom_padding=&#8221;28px|||||&#8221; header_2_font_size_tablet=&#8221;48px&#8221; header_2_font_size_phone=&#8221;32px&#8221; header_2_font_size_last_edited=&#8221;on|phone&#8221; text_text_align=&#8221;center&#8221; locked=&#8221;off&#8221; global_colors_info=&#8221;{}&#8221;]<\/p>\n<h2>Os nossos carrinhos de beb\u00e9 originais!<\/h2>\n<p>[\/et_pb_text][et_pb_code admin_label=&#8221;oferta especial -20 eur carrinhos de beb\u00e9&#8221; _builder_version=&#8221;4.27.3&#8243; _module_preset=&#8221;default&#8221; global_colors_info=&#8221;{}&#8221;]<script src=\"https:\/\/static.elfsight.com\/platform\/platform.js\" async=\"\"><\/script><!-- [et_pb_line_break_holder] --><\/p>\n<div class=\"elfsight-app-06f91886-f1d3-49e3-904a-1f66c006b44f\" data-elfsight-app-lazy=\"\"><\/div>\n<p>[\/et_pb_code][\/et_pb_column][\/et_pb_row][\/et_pb_section]<\/p>\n","protected":false},"excerpt":{"rendered":"<p>Carrinhos para bonecasCarrinhos para bonecas\u00c9 o sonho de qualquer menina. Passear no seu carrinho e fazer o que a mam\u00e3 faz! A tua filha vai adorar deitar-se com a sua boneca neste carrinho elegante e robusto. Os nossos carrinhos para bonecas t\u00eam o mesmo design que os carrinhos de beb\u00e9 verdadeiros, o que torna a [&hellip;]<\/p>\n","protected":false},"author":1,"featured_media":0,"parent":0,"menu_order":0,"comment_status":"closed","ping_status":"closed","template":"","meta":{"_et_pb_use_builder":"on","_et_pb_old_content":"","_et_gb_content_width":"","footnotes":""},"class_list":["post-59432","page","type-page","status-publish","hentry"],"aioseo_notices":[],"_links":{"self":[{"href":"https:\/\/lecoindelara.com\/pt-pt\/wp-json\/wp\/v2\/pages\/59432","targetHints":{"allow":["GET"]}}],"collection":[{"href":"https:\/\/lecoindelara.com\/pt-pt\/wp-json\/wp\/v2\/pages"}],"about":[{"href":"https:\/\/lecoindelara.com\/pt-pt\/wp-json\/wp\/v2\/types\/page"}],"author":[{"embeddable":true,"href":"https:\/\/lecoindelara.com\/pt-pt\/wp-json\/wp\/v2\/users\/1"}],"replies":[{"embeddable":true,"href":"https:\/\/lecoindelara.com\/pt-pt\/wp-json\/wp\/v2\/comments?post=59432"}],"version-history":[{"count":2,"href":"https:\/\/lecoindelara.com\/pt-pt\/wp-json\/wp\/v2\/pages\/59432\/revisions"}],"predecessor-version":[{"id":65751,"href":"https:\/\/lecoindelara.com\/pt-pt\/wp-json\/wp\/v2\/pages\/59432\/revisions\/65751"}],"wp:attachment":[{"href":"https:\/\/lecoindelara.com\/pt-pt\/wp-json\/wp\/v2\/media?parent=59432"}],"curies":[{"name":"wp","href":"https:\/\/api.w.org\/{rel}","templated":true}]}}