{"id":59335,"date":"2017-01-05T16:37:52","date_gmt":"2017-01-05T15:37:52","guid":{"rendered":"https:\/\/lecoindelara.com\/produit\/avionaut-iq-2-0-c-base-isofix\/"},"modified":"2026-02-12T11:31:54","modified_gmt":"2026-02-12T10:31:54","slug":"avionaut-iq-2-0-c-base-isofix","status":"publish","type":"product","link":"https:\/\/lecoindelara.com\/pt-pt\/produit\/avionaut-iq-2-0-c-base-isofix\/","title":{"rendered":"Avionaut IQ 2.0 C Base ISOFIX"},"content":{"rendered":"<p>[et_pb_section fb_built=&#8221;1&#8243; _builder_version=&#8221;4.16&#8243; custom_padding=&#8221;0px||||false|false&#8221; global_colors_info=&#8221;{}&#8221;][et_pb_row _builder_version=&#8221;4.16&#8243; background_size=&#8221;initial&#8221; background_position=&#8221;top_left&#8221; background_repeat=&#8221;repeat&#8221; width=&#8221;100%&#8221; custom_padding=&#8221;0px||0px||false|false&#8221; global_colors_info=&#8221;{}&#8221;][et_pb_column type=&#8221;4_4&#8243; _builder_version=&#8221;4.16&#8243; custom_padding=&#8221;|||&#8221; global_colors_info=&#8221;{}&#8221; custom_padding__hover=&#8221;|||&#8221;][et_pb_wc_breadcrumb _builder_version=&#8221;4.16&#8243; global_colors_info=&#8221;{}&#8221;][\/et_pb_wc_breadcrumb][et_pb_wc_cart_notice _builder_version=&#8221;4.16&#8243; global_colors_info=&#8221;{}&#8221;][\/et_pb_wc_cart_notice][\/et_pb_column][\/et_pb_row][et_pb_row column_structure=&#8221;1_2,1_2&#8243; _builder_version=&#8221;4.16&#8243; background_size=&#8221;initial&#8221; background_position=&#8221;top_left&#8221; background_repeat=&#8221;repeat&#8221; width=&#8221;100%&#8221; custom_padding=&#8221;0px||||false|false&#8221; global_colors_info=&#8221;{}&#8221;][et_pb_column type=&#8221;1_2&#8243; _builder_version=&#8221;4.16&#8243; custom_padding=&#8221;|||&#8221; global_colors_info=&#8221;{}&#8221; custom_padding__hover=&#8221;|||&#8221;][et_pb_wc_images _builder_version=&#8221;4.16&#8243; global_colors_info=&#8221;{}&#8221;][\/et_pb_wc_images][\/et_pb_column][et_pb_column type=&#8221;1_2&#8243; _builder_version=&#8221;4.16&#8243; custom_padding=&#8221;|||&#8221; global_colors_info=&#8221;{}&#8221; custom_padding__hover=&#8221;|||&#8221;][et_pb_wc_title _builder_version=&#8221;4.16&#8243; global_colors_info=&#8221;{}&#8221;][\/et_pb_wc_title][et_pb_wc_rating _builder_version=&#8221;4.16&#8243; global_colors_info=&#8221;{}&#8221;][\/et_pb_wc_rating][et_pb_wc_price _builder_version=&#8221;4.16&#8243; global_colors_info=&#8221;{}&#8221;][\/et_pb_wc_price][et_pb_wc_description _builder_version=&#8221;4.16&#8243; global_colors_info=&#8221;{}&#8221;][\/et_pb_wc_description][et_pb_wc_add_to_cart _builder_version=&#8221;4.16&#8243; global_colors_info=&#8221;{}&#8221;][\/et_pb_wc_add_to_cart][et_pb_wc_meta _builder_version=&#8221;4.16&#8243; global_colors_info=&#8221;{}&#8221;][\/et_pb_wc_meta][et_pb_code _builder_version=&#8221;4.25.1&#8243; _module_preset=&#8221;default&#8221; global_colors_info=&#8221;{}&#8221;]<iframe width=\"560\" height=\"315\" src=\"https:\/\/www.youtube.com\/embed\/EQ3Ih-1_FMc?si=rry150Mm_-77JxWv\" title=\"Leitor de v\u00eddeo do YouTube\" frameborder=\"0\" allow=\"accelerometer; autoplay; clipboard-write; encrypted-media; gyroscope; picture-in-picture; web-share\" referrerpolicy=\"strict-origin-when-cross-origin\" allowfullscreen=\"\"><\/iframe>[\/et_pb_code][\/et_pb_column][\/et_pb_row][et_pb_row _builder_version=&#8221;4.16&#8243; background_size=&#8221;initial&#8221; background_position=&#8221;top_left&#8221; background_repeat=&#8221;repeat&#8221; width=&#8221;100%&#8221; global_colors_info=&#8221;{}&#8221;][et_pb_column type=&#8221;4_4&#8243; _builder_version=&#8221;4.16&#8243; custom_padding=&#8221;|||&#8221; global_colors_info=&#8221;{}&#8221; custom_padding__hover=&#8221;|||&#8221;][et_pb_wc_tabs _builder_version=&#8221;4.16&#8243; global_colors_info=&#8221;{}&#8221;]\t\t\t\t\t[\/et_pb_wc_tabs][et_pb_wc_upsells _builder_version=&#8221;4.16&#8243; global_colors_info=&#8221;{}&#8221;][\/et_pb_wc_upsells][et_pb_wc_related_products _builder_version=&#8221;4.16&#8243; global_colors_info=&#8221;{}&#8221;][\/et_pb_wc_related_products][\/et_pb_column][\/et_pb_row][\/et_pb_section]<\/p>\n","protected":false},"excerpt":{"rendered":"<h3>A base isofix Avionaut IQ 2.0 C permite que <strong>a cadeira auto<\/strong> seja <strong>instalada r\u00e1pida e corretamente<\/strong>, dando aos pais <strong>paz de esp\u00edrito<\/strong>. Um simples clique e j\u00e1 est\u00e1 &#8211; menos uma coisa com que te preocupares! Pode acompanhar o teu filho<strong> at\u00e9 aos 4 anos de idade.<\/strong>  <\/h3>\n","protected":false},"featured_media":59337,"comment_status":"closed","ping_status":"closed","template":"","meta":{"_et_pb_use_builder":"on","_et_pb_old_content":"<h1 style=\"text-align: center\">Nova base Isofix AVIONAUT IQ 2.0 C<\/h1>\nMesmo a melhor cadeira auto n\u00e3o pode garantir a seguran\u00e7a do teu filho se for instalada incorretamente. E na az\u00e1fama da vida quotidiana, \u00e9 muito f\u00e1cil cometer erros! Gra\u00e7as \u00e0 base IQ 2.0 C, j\u00e1 n\u00e3o tens de te preocupar com a instala\u00e7\u00e3o correta. Basta fixar a base nos pontos de fixa\u00e7\u00e3o ISOFIX e colocar a cadeira sobre ela. Um simples clique e j\u00e1 est\u00e1 - menos uma coisa com que te preocupares.    \n<h3>GARANTIA: 2 ANOS<\/h3>\n<p style=\"text-align: center\"><img class=\"alignnone size-large wp-image-38770\" src=\"https:\/\/lecoindelara.com\/wp-content\/uploads\/2023\/10\/base-Isofix-IQ-AVIONAUT-1024x1024.webp\" alt=\"\" width=\"1024\" height=\"1024\"><\/p>\n\n<h3><strong>Base universal para cadeira auto<\/strong><\/h3>\n<div><\/div>\n<div>A base do Avionaut IQ 2.0 C foi concebida para se adaptar \u00e0 maioria dos ve\u00edculos. Isto significa que pode ser facilmente transferida de um carro para outro ou rapidamente instalada num t\u00e1xi. Os av\u00f3s tamb\u00e9m poder\u00e3o tirar partido dela quando transportarem o teu filho no seu ve\u00edculo.  <\/div>\n<div><\/div>\n<div><\/div>\n<div>Al\u00e9m disso, a base IQ 2.0 C \u00e9 compat\u00edvel com v\u00e1rios dos nossos modelos de cadeiras auto <strong>: Pixel PRO 2.0 C, Cosmo, AeroFIX 2.0 C e AeroFIX RWF 2.0 C.<\/strong> <strong>Isto significa que pode acompanhar o teu filho at\u00e9 aos 4 anos de idade.<\/strong><\/div>\n<div><\/div>\n\u00a0\n<p style=\"text-align: center\"><img class=\"alignnone size-full wp-image-46877\" src=\"https:\/\/lecoindelara.com\/wp-content\/uploads\/2017\/01\/base-isofix-avionaut-iq.jpg\" alt=\"base isofix avionaut iq 2.0 c\" width=\"312\" height=\"282\"><\/p>\n\n<h3><strong>Instala\u00e7\u00e3o r\u00e1pida da base do Avionaut IQ 2.0 C<\/strong><\/h3>\n\u00a0\n<div><\/div>\n<div>Fixar a base Avionaut IQ 2.0 C \u00e9 uma brincadeira de crian\u00e7as, gra\u00e7as ao sistema Click'n'Drive. Sinais luminosos e sonoros confirmam que as fixa\u00e7\u00f5es ISOFIX est\u00e3o bem colocadas (o sinal sonoro pode ser desativado se estiveres preocupado em acordar a crian\u00e7a). Tudo o que tens de fazer \u00e9 instalar a cadeira, prender a crian\u00e7a e est\u00e1s pronto para ir. A base IQ 2.0 C simplifica e acelera a prepara\u00e7\u00e3o da tua viagem de autom\u00f3vel, facilitando a vida aos pais.   <\/div>\n<p style=\"text-align: center\"><img class=\"size-full wp-image-46875 aligncenter\" src=\"https:\/\/lecoindelara.com\/wp-content\/uploads\/2017\/01\/Avionaut-IQ-2.0-C-2.png\" alt=\"base isofix adac\" width=\"557\" height=\"561\"><\/p>\n\n<h3><strong>Seguran\u00e7a extra com a base da cadeira auto<\/strong><\/h3>\n\u00a0\n<div><\/div>\n<div>A utiliza\u00e7\u00e3o de uma base para cadeira auto n\u00e3o s\u00f3 facilita a instala\u00e7\u00e3o, como tamb\u00e9m aumenta a seguran\u00e7a. A base IQ 2.0 C estabiliza a cadeira no banco do ve\u00edculo, evitando qualquer movimento durante manobras bruscas. O n\u00famero reduzido de liga\u00e7\u00f5es minimiza o risco de desloca\u00e7\u00e3o da cadeira e o p\u00e9 estabilizador proporciona um ponto de apoio adicional. Tudo isto contribui para garantir uma prote\u00e7\u00e3o \u00f3ptima do teu pequeno viajante durante as viagens de autom\u00f3vel.   <\/div>\n<div><\/div>\n<p style=\"text-align: center\"><img class=\"alignnone size-large wp-image-38774\" src=\"https:\/\/lecoindelara.com\/wp-content\/uploads\/2023\/10\/base-isofix-pour-cosy-Cosmo-avionaut-1024x1024.webp\" alt=\"\" width=\"1024\" height=\"1024\"><\/p>\n<img class=\"alignnone size-large wp-image-46878\" src=\"https:\/\/lecoindelara.com\/wp-content\/uploads\/2017\/01\/base-isofix-avionaut-iq-cosy-1024x1024.jpg\" alt=\"cadeira auto\" width=\"1024\" height=\"1024\">\n<h3>Especifica\u00e7\u00e3o<\/h3>\n\u00a0\n<table id=\"product-attribute-specs-table\" class=\"data table additional-attributes\">\n<tbody>\n<tr class=\"Couleur\">\n<th class=\"col label\" style=\"text-align: left\" scope=\"row\">Cor<\/th>\n<td class=\"col data\" data-th=\"Couleur\">Preto<\/td>\n<\/tr>\n<tr class=\"Jambe de stabilisation\">\n<th class=\"col label\" style=\"text-align: left\" scope=\"row\">Perna estabilizadora<\/th>\n<td class=\"col data\" data-th=\"Jambe de stabilisation\">Sim<\/td>\n<\/tr>\n<tr class=\"Mod\u00e8les compatibles\">\n<th class=\"col label\" style=\"text-align: left\" scope=\"row\">Modelos compat\u00edveis<\/th>\n<td class=\"col data\" data-th=\"Mod\u00e8les compatibles\">Avionaut Cosmo, Avionaut AeroFIX 2.0, Avionaut AeroxFIX RWF 2.0, Avionaut Pixel PRO 2.0 C, Avionaut AeroFIX 2.0 C, Avionaut AeroFIX RWF 2.0 C<\/td>\n<\/tr>\n<tr class=\"Syst\u00e8me d'information sur l'installation correcte de la base\">\n<th class=\"col label\" style=\"text-align: left\" scope=\"row\">Sistema de informa\u00e7\u00e3o para uma instala\u00e7\u00e3o correta da base<\/th>\n<td class=\"col data\" data-th=\"Syst\u00e8me d'information sur l'installation correcte de la base\">Click 'n' Drive<\/td>\n<\/tr>\n<tr class=\"Possibilit\u00e9 d'installer un si\u00e8ge auto d'un autre groupe\">\n<th class=\"col label\" style=\"text-align: left\" scope=\"row\">Possibilidade de instalar uma cadeira auto de outro grupo<\/th>\n<td class=\"col data\" data-th=\"Possibilit\u00e9 d'installer un si\u00e8ge auto d'un autre groupe\">Sim<\/td>\n<\/tr>\n<\/tbody>\n<\/table>\n<div><\/div>\n<div><\/div>\n<div><\/div>\n<div><\/div>\n<div><\/div>\n<div><\/div>\n<div><\/div>\n<div>.<\/div>\nDescobre mais :  <a href=\"https:\/\/lecoindelara.com\/produit\/cosy-cosmo-avionaut\/\">Descobre o nosso acolhedor COSMO AVIONAUT<\/a>","_et_gb_content_width":""},"product_brand":[],"product_cat":[81],"product_tag":[449,523,441,346],"class_list":{"0":"post-59335","1":"product","2":"type-product","3":"status-publish","4":"has-post-thumbnail","6":"product_cat-non-classe","7":"product_tag-cinzento","8":"product_tag-cores","9":"product_tag-em-pele-sintetica","10":"product_tag-em-tecido-impermeavel","11":"product_shipping_class-gratis-dodatek-do-zamowienia-pt-pt","13":"first","14":"outofstock","15":"sale","16":"shipping-taxable","17":"purchasable","18":"product-type-simple"},"aioseo_notices":[],"_links":{"self":[{"href":"https:\/\/lecoindelara.com\/pt-pt\/wp-json\/wp\/v2\/product\/59335","targetHints":{"allow":["GET"]}}],"collection":[{"href":"https:\/\/lecoindelara.com\/pt-pt\/wp-json\/wp\/v2\/product"}],"about":[{"href":"https:\/\/lecoindelara.com\/pt-pt\/wp-json\/wp\/v2\/types\/product"}],"replies":[{"embeddable":true,"href":"https:\/\/lecoindelara.com\/pt-pt\/wp-json\/wp\/v2\/comments?post=59335"}],"wp:featuredmedia":[{"embeddable":true,"href":"https:\/\/lecoindelara.com\/pt-pt\/wp-json\/wp\/v2\/media\/59337"}],"wp:attachment":[{"href":"https:\/\/lecoindelara.com\/pt-pt\/wp-json\/wp\/v2\/media?parent=59335"}],"wp:term":[{"taxonomy":"product_brand","embeddable":true,"href":"https:\/\/lecoindelara.com\/pt-pt\/wp-json\/wp\/v2\/product_brand?post=59335"},{"taxonomy":"product_cat","embeddable":true,"href":"https:\/\/lecoindelara.com\/pt-pt\/wp-json\/wp\/v2\/product_cat?post=59335"},{"taxonomy":"product_tag","embeddable":true,"href":"https:\/\/lecoindelara.com\/pt-pt\/wp-json\/wp\/v2\/product_tag?post=59335"}],"curies":[{"name":"wp","href":"https:\/\/api.w.org\/{rel}","templated":true}]}}