{"id":63004,"date":"2019-02-11T11:36:04","date_gmt":"2019-02-11T10:36:04","guid":{"rendered":"https:\/\/lecoindelara.com\/produit\/roda-traseira-de-substituicao-do-carrinho-de-bebe-grande-todos-os-modelos\/"},"modified":"2026-03-16T14:06:10","modified_gmt":"2026-03-16T13:06:10","slug":"roda-traseira-de-substituicao-do-carrinho-de-bebe-grande-todos-os-modelos","status":"publish","type":"product","link":"https:\/\/lecoindelara.com\/pt-pt\/produit\/roda-traseira-de-substituicao-do-carrinho-de-bebe-grande-todos-os-modelos\/","title":{"rendered":"Roda traseira de substitui\u00e7\u00e3o do carrinho de beb\u00e9 (grande), todos os modelos"},"content":{"rendered":"<p>[et_pb_section fb_built=&#8221;1&#8243; _builder_version=&#8221;4.16&#8243; custom_padding=&#8221;0px||||false|false&#8221; global_colors_info=&#8221;{}&#8221;][et_pb_row _builder_version=&#8221;4.16&#8243; background_size=&#8221;initial&#8221; background_position=&#8221;top_left&#8221; background_repeat=&#8221;repeat&#8221; width=&#8221;100%&#8221; custom_padding=&#8221;0px||0px||false|false&#8221; global_colors_info=&#8221;{}&#8221;][et_pb_column type=&#8221;4_4&#8243; _builder_version=&#8221;4.16&#8243; custom_padding=&#8221;|||&#8221; global_colors_info=&#8221;{}&#8221; custom_padding__hover=&#8221;|||&#8221;][et_pb_wc_breadcrumb _builder_version=&#8221;4.16&#8243; global_colors_info=&#8221;{}&#8221;][\/et_pb_wc_breadcrumb][et_pb_wc_cart_notice _builder_version=&#8221;4.16&#8243; global_colors_info=&#8221;{}&#8221;][\/et_pb_wc_cart_notice][\/et_pb_column][\/et_pb_row][et_pb_row column_structure=&#8221;1_2,1_2&#8243; _builder_version=&#8221;4.16&#8243; background_size=&#8221;initial&#8221; background_position=&#8221;top_left&#8221; background_repeat=&#8221;repeat&#8221; width=&#8221;100%&#8221; custom_padding=&#8221;0px||||false|false&#8221; global_colors_info=&#8221;{}&#8221;][et_pb_column type=&#8221;1_2&#8243; _builder_version=&#8221;4.16&#8243; custom_padding=&#8221;|||&#8221; global_colors_info=&#8221;{}&#8221; custom_padding__hover=&#8221;|||&#8221;][et_pb_wc_images _builder_version=&#8221;4.16&#8243; global_colors_info=&#8221;{}&#8221;][\/et_pb_wc_images][\/et_pb_column][et_pb_column type=&#8221;1_2&#8243; _builder_version=&#8221;4.16&#8243; custom_padding=&#8221;|||&#8221; global_colors_info=&#8221;{}&#8221; custom_padding__hover=&#8221;|||&#8221;][et_pb_wc_title _builder_version=&#8221;4.16&#8243; global_colors_info=&#8221;{}&#8221;][\/et_pb_wc_title][et_pb_image src=&#8221;https:\/\/lecoindelara.com\/wp-content\/uploads\/2025\/01\/pt.png&#8221; title_text=&#8221;vente-carinho-banners&#8221; _builder_version=&#8221;4.25.1&#8243; _module_preset=&#8221;default&#8221; global_colors_info=&#8221;{}&#8221;][\/et_pb_image][et_pb_wc_rating _builder_version=&#8221;4.16&#8243; global_colors_info=&#8221;{}&#8221;][\/et_pb_wc_rating][et_pb_wc_price _builder_version=&#8221;4.25.1&#8243; global_colors_info=&#8221;{}&#8221;][\/et_pb_wc_price][et_pb_wc_description _builder_version=&#8221;4.16&#8243; global_colors_info=&#8221;{}&#8221;][\/et_pb_wc_description][et_pb_wc_add_to_cart _builder_version=&#8221;4.16&#8243; global_colors_info=&#8221;{}&#8221;][\/et_pb_wc_add_to_cart][et_pb_wc_meta _builder_version=&#8221;4.16&#8243; global_colors_info=&#8221;{}&#8221;][\/et_pb_wc_meta][\/et_pb_column][\/et_pb_row][et_pb_row _builder_version=&#8221;4.16&#8243; background_size=&#8221;initial&#8221; background_position=&#8221;top_left&#8221; background_repeat=&#8221;repeat&#8221; width=&#8221;100%&#8221; global_colors_info=&#8221;{}&#8221;][et_pb_column type=&#8221;4_4&#8243; _builder_version=&#8221;4.16&#8243; custom_padding=&#8221;|||&#8221; global_colors_info=&#8221;{}&#8221; custom_padding__hover=&#8221;|||&#8221;][et_pb_wc_tabs _builder_version=&#8221;4.16&#8243; global_colors_info=&#8221;{}&#8221;]\t\t\t\t\t[\/et_pb_wc_tabs][et_pb_wc_upsells _builder_version=&#8221;4.16&#8243; global_colors_info=&#8221;{}&#8221;][\/et_pb_wc_upsells][et_pb_wc_related_products _builder_version=&#8221;4.16&#8243; global_colors_info=&#8221;{}&#8221;][\/et_pb_wc_related_products][\/et_pb_column][\/et_pb_row][\/et_pb_section]<\/p>\n","protected":false},"excerpt":{"rendered":"<h3>Rodas sobresselentes para carrinhos de beb\u00e9 de v\u00e1rios modelos: KUNERT, BABYACTIVE, BABYFASHION, BABYLUX&#8230;<\/h3>\n","protected":false},"featured_media":63005,"comment_status":"closed","ping_status":"closed","template":"","meta":{"_et_pb_use_builder":"on","_et_pb_old_content":"<h3>Como encomendar :<\/h3>\n<div>1. <strong>Escolhe o modelo ou a marca do teu carrinho de beb\u00e9.<\/strong><\/div>\n<div>2. Seleciona a quantidade.<\/div>\n<div>3. Adiciona ao cesto e conclui a encomenda.<\/div>\n<div>[box type=\"bio\"]  4. Assim que a tua encomenda for efectuada, receber\u00e1s um e-mail autom\u00e1tico com todos os detalhes da tua encomenda. Responde a este e-mail com uma fotografia da tua roda e do teu carrinho de beb\u00e9. Isto \u00e9 essencial para garantir que recebes o modelo \/ vers\u00e3o e cor corretos da roda.  [\/box]<\/div>\n<div><\/div>\n<div>5. Confirmaremos a tua encomenda<\/div>\nPrazo de entrega: 1 a 3 semanas (consoante o modelo e a disponibilidade)","_et_gb_content_width":""},"product_brand":[],"product_cat":[675,681],"product_tag":[],"class_list":{"0":"post-63004","1":"product","2":"type-product","3":"status-publish","4":"has-post-thumbnail","6":"product_cat-acessorios-carrinho-bebe","7":"product_cat-pecas-reposicao-carrinho-bebe","8":"product_shipping_class-gratis-dodatek-do-zamowienia-pt-pt","10":"first","11":"instock","12":"shipping-taxable","13":"purchasable","14":"product-type-variable"},"aioseo_notices":[],"_links":{"self":[{"href":"https:\/\/lecoindelara.com\/pt-pt\/wp-json\/wp\/v2\/product\/63004","targetHints":{"allow":["GET"]}}],"collection":[{"href":"https:\/\/lecoindelara.com\/pt-pt\/wp-json\/wp\/v2\/product"}],"about":[{"href":"https:\/\/lecoindelara.com\/pt-pt\/wp-json\/wp\/v2\/types\/product"}],"replies":[{"embeddable":true,"href":"https:\/\/lecoindelara.com\/pt-pt\/wp-json\/wp\/v2\/comments?post=63004"}],"wp:featuredmedia":[{"embeddable":true,"href":"https:\/\/lecoindelara.com\/pt-pt\/wp-json\/wp\/v2\/media\/63005"}],"wp:attachment":[{"href":"https:\/\/lecoindelara.com\/pt-pt\/wp-json\/wp\/v2\/media?parent=63004"}],"wp:term":[{"taxonomy":"product_brand","embeddable":true,"href":"https:\/\/lecoindelara.com\/pt-pt\/wp-json\/wp\/v2\/product_brand?post=63004"},{"taxonomy":"product_cat","embeddable":true,"href":"https:\/\/lecoindelara.com\/pt-pt\/wp-json\/wp\/v2\/product_cat?post=63004"},{"taxonomy":"product_tag","embeddable":true,"href":"https:\/\/lecoindelara.com\/pt-pt\/wp-json\/wp\/v2\/product_tag?post=63004"}],"curies":[{"name":"wp","href":"https:\/\/api.w.org\/{rel}","templated":true}]}}