{"id":67329,"date":"2019-11-14T10:50:23","date_gmt":"2019-11-14T09:50:23","guid":{"rendered":"https:\/\/lecoindelara.com\/produit\/fixacao-da-capota-do-carrinho-de-bebe\/"},"modified":"2026-01-09T15:40:02","modified_gmt":"2026-01-09T14:40:02","slug":"fixacao-da-capota-do-carrinho-de-bebe","status":"publish","type":"product","link":"https:\/\/lecoindelara.com\/pt-pt\/produit\/fixacao-da-capota-do-carrinho-de-bebe\/","title":{"rendered":"Fixa\u00e7\u00e3o da capota do carrinho de beb\u00e9"},"content":{"rendered":"<p>Se o modelo do teu carrinho n\u00e3o estiver listado abaixo, por favor, informa-nos do modelo por e-mail e envia-nos uma foto da pe\u00e7a<\/p>\n<p>Set Fixa\u00e7\u00e3o capote poussette<\/p>\n<p>Compat\u00edvel com os modelos: Qbaro, L-Go, Miracle, Margaret, White Lux, Gold Lux, Aluway, Tropical,<strong> outros (perguntar por e-mail antes de encomendar)<\/strong><br \/>\n<img decoding=\"async\" class=\"aligncenter size-full wp-image-17340\" src=\"https:\/\/lecoindelara.com\/wp-content\/uploads\/2019\/11\/capote-poussette-piece-detache-1.jpg\" alt=\"\" width=\"768\" height=\"432\" srcset=\"https:\/\/lecoindelara.com\/wp-content\/uploads\/2019\/11\/capote-poussette-piece-detache-1.jpg 768w, https:\/\/lecoindelara.com\/wp-content\/uploads\/2019\/11\/capote-poussette-piece-detache-1-480x270.jpg 480w\" sizes=\"(min-width: 0px) and (max-width: 480px) 480px, (min-width: 481px) 768px, 100vw\" \/> <img decoding=\"async\" class=\"aligncenter size-full wp-image-17341\" src=\"https:\/\/lecoindelara.com\/wp-content\/uploads\/2019\/11\/capote-poussette-piece-detache-2.jpg\" alt=\"\" width=\"768\" height=\"432\" srcset=\"https:\/\/lecoindelara.com\/wp-content\/uploads\/2019\/11\/capote-poussette-piece-detache-2.jpg 768w, https:\/\/lecoindelara.com\/wp-content\/uploads\/2019\/11\/capote-poussette-piece-detache-2-480x270.jpg 480w\" sizes=\"(min-width: 0px) and (max-width: 480px) 480px, (min-width: 481px) 768px, 100vw\" \/> <img decoding=\"async\" class=\"aligncenter size-full wp-image-17342\" src=\"https:\/\/lecoindelara.com\/wp-content\/uploads\/2019\/11\/capote-poussette-piece-detache-3.jpg\" alt=\"\" width=\"768\" height=\"432\" srcset=\"https:\/\/lecoindelara.com\/wp-content\/uploads\/2019\/11\/capote-poussette-piece-detache-3.jpg 768w, https:\/\/lecoindelara.com\/wp-content\/uploads\/2019\/11\/capote-poussette-piece-detache-3-480x270.jpg 480w\" sizes=\"(min-width: 0px) and (max-width: 480px) 480px, (min-width: 481px) 768px, 100vw\" \/> <img decoding=\"async\" class=\"aligncenter size-full wp-image-17343\" src=\"https:\/\/lecoindelara.com\/wp-content\/uploads\/2019\/11\/capote-poussette-piece-detache-4.jpg\" alt=\"\" width=\"768\" height=\"432\" srcset=\"https:\/\/lecoindelara.com\/wp-content\/uploads\/2019\/11\/capote-poussette-piece-detache-4.jpg 768w, https:\/\/lecoindelara.com\/wp-content\/uploads\/2019\/11\/capote-poussette-piece-detache-4-480x270.jpg 480w\" sizes=\"(min-width: 0px) and (max-width: 480px) 480px, (min-width: 481px) 768px, 100vw\" \/><\/p>\n<p>&nbsp;<\/p>\n","protected":false},"excerpt":{"rendered":"<p>Se o modelo do teu carrinho n\u00e3o estiver listado abaixo, por favor, informa-nos do modelo por e-mail e envia-nos uma foto da pe\u00e7a Set Fixa\u00e7\u00e3o capote poussette Compat\u00edvel com os modelos: Qbaro, L-Go, Miracle, Margaret, White Lux, Gold Lux, Aluway, Tropical, outros (perguntar por e-mail antes de encomendar) &nbsp;<\/p>\n","protected":false},"featured_media":67330,"comment_status":"closed","ping_status":"closed","template":"","meta":{"_et_pb_use_builder":"","_et_pb_old_content":"","_et_gb_content_width":""},"product_brand":[],"product_cat":[675,681],"product_tag":[],"class_list":{"0":"post-67329","1":"product","2":"type-product","3":"status-publish","4":"has-post-thumbnail","6":"product_cat-acessorios-carrinho-bebe","7":"product_cat-pecas-reposicao-carrinho-bebe","8":"product_shipping_class-gratis-dodatek-do-zamowienia-pt-pt","10":"first","11":"instock","12":"shipping-taxable","13":"purchasable","14":"product-type-simple"},"aioseo_notices":[],"_links":{"self":[{"href":"https:\/\/lecoindelara.com\/pt-pt\/wp-json\/wp\/v2\/product\/67329","targetHints":{"allow":["GET"]}}],"collection":[{"href":"https:\/\/lecoindelara.com\/pt-pt\/wp-json\/wp\/v2\/product"}],"about":[{"href":"https:\/\/lecoindelara.com\/pt-pt\/wp-json\/wp\/v2\/types\/product"}],"replies":[{"embeddable":true,"href":"https:\/\/lecoindelara.com\/pt-pt\/wp-json\/wp\/v2\/comments?post=67329"}],"wp:featuredmedia":[{"embeddable":true,"href":"https:\/\/lecoindelara.com\/pt-pt\/wp-json\/wp\/v2\/media\/67330"}],"wp:attachment":[{"href":"https:\/\/lecoindelara.com\/pt-pt\/wp-json\/wp\/v2\/media?parent=67329"}],"wp:term":[{"taxonomy":"product_brand","embeddable":true,"href":"https:\/\/lecoindelara.com\/pt-pt\/wp-json\/wp\/v2\/product_brand?post=67329"},{"taxonomy":"product_cat","embeddable":true,"href":"https:\/\/lecoindelara.com\/pt-pt\/wp-json\/wp\/v2\/product_cat?post=67329"},{"taxonomy":"product_tag","embeddable":true,"href":"https:\/\/lecoindelara.com\/pt-pt\/wp-json\/wp\/v2\/product_tag?post=67329"}],"curies":[{"name":"wp","href":"https:\/\/api.w.org\/{rel}","templated":true}]}}